{"id":2882,"date":"2022-10-25T10:08:59","date_gmt":"2022-10-25T10:08:59","guid":{"rendered":"https:\/\/www.embl.org\/groups\/watt\/?page_id=2882"},"modified":"2022-11-02T13:21:14","modified_gmt":"2022-11-02T13:21:14","slug":"fellow-opportunities","status":"publish","type":"page","link":"https:\/\/www.embl.org\/groups\/watt\/fellow-opportunities\/","title":{"rendered":"Fellow opportunities"},"content":{"rendered":"\n<p>Our group is participating in the 2022&nbsp;<a href=\"https:\/\/www.embl.org\/about\/info\/postdoctoral-programme\/eipod-linc-exploring-life-in-context\/\">EIPOD-LinC fellowship programme<\/a>&nbsp;call for applications. Collaborations that are&nbsp;relevant&nbsp;to the call are listed below. Please contact <a href=\"https:\/\/www.embl.org\/people\/person\/fiona-watt\/\">Fiona Watt<\/a> to discuss your project ideas.<\/p>\n\n\n\n<h3 class=\"wp-block-heading\">EMBL collaborations<\/h3>\n\n\n\n<ul class=\"wp-block-list\"><li><strong>Iva Toli\u0107<\/strong>, Ruder Bo\u0161kovi\u0107 Institute, Croatia<\/li><li><strong>Mikl\u00f3s Geiszt<\/strong>, Semmelweis University, Hungry<\/li><li><strong>Anna Erzberger<\/strong>, EMBL Heidelberg<\/li><\/ul>\n","protected":false},"excerpt":{"rendered":"<p>Our group is participating in the 2022&nbsp;EIPOD-LinC fellowship programme&nbsp;call for applications. Collaborations that are&nbsp;relevant&nbsp;to the call are listed below. Please contact Fiona Watt to discuss your project ideas. EMBL collaborations Iva Toli\u0107, Ruder Bo\u0161kovi\u0107 Institute,&hellip;<\/p>\n","protected":false},"author":1,"featured_media":0,"parent":0,"menu_order":0,"comment_status":"closed","ping_status":"closed","template":"template-with-sidebar.php","meta":{"_acf_changed":false,"footnotes":""},"embl_taxonomy":[],"class_list":["post-2882","page","type-page","status-publish","hentry"],"acf":[],"embl_taxonomy_terms":[],"_links":{"self":[{"href":"https:\/\/www.embl.org\/groups\/watt\/wp-json\/wp\/v2\/pages\/2882","targetHints":{"allow":["GET"]}}],"collection":[{"href":"https:\/\/www.embl.org\/groups\/watt\/wp-json\/wp\/v2\/pages"}],"about":[{"href":"https:\/\/www.embl.org\/groups\/watt\/wp-json\/wp\/v2\/types\/page"}],"author":[{"embeddable":true,"href":"https:\/\/www.embl.org\/groups\/watt\/wp-json\/wp\/v2\/users\/1"}],"replies":[{"embeddable":true,"href":"https:\/\/www.embl.org\/groups\/watt\/wp-json\/wp\/v2\/comments?post=2882"}],"version-history":[{"count":2,"href":"https:\/\/www.embl.org\/groups\/watt\/wp-json\/wp\/v2\/pages\/2882\/revisions"}],"predecessor-version":[{"id":3024,"href":"https:\/\/www.embl.org\/groups\/watt\/wp-json\/wp\/v2\/pages\/2882\/revisions\/3024"}],"wp:attachment":[{"href":"https:\/\/www.embl.org\/groups\/watt\/wp-json\/wp\/v2\/media?parent=2882"}],"wp:term":[{"taxonomy":"embl_taxonomy","embeddable":true,"href":"https:\/\/www.embl.org\/groups\/watt\/wp-json\/wp\/v2\/embl_taxonomy?post=2882"}],"curies":[{"name":"wp","href":"https:\/\/api.w.org\/{rel}","templated":true}]}}