{"id":58,"date":"2019-11-05T14:51:09","date_gmt":"2019-11-05T14:51:09","guid":{"rendered":"https:\/\/www.embl.org\/groups\/steinmetz\/?page_id=58"},"modified":"2022-05-13T10:56:23","modified_gmt":"2022-05-13T10:56:23","slug":"research-highlights","status":"publish","type":"page","link":"https:\/\/www.embl.org\/groups\/steinmetz\/research-highlights\/","title":{"rendered":"Research highlights"},"content":{"rendered":"\n<div class=\"vf-grid | vf-grid__col-3\"><div class=\"vf-grid__col--span-2\"><!--[vf\/content]-->\n<div class=\"vf-content\">\n\n<p><strong>Select Publications:<\/strong><\/p>\n\n\n\n<figure class=\"wp-block-table is-style-stripes\"><table><tbody><tr><td>Article:<\/td><td>Transcriptional neighborhoods regulate transcript isoform lengths and expression levels. Brooks A*, Hughes A*, Clauder-Muenster S, Mitchell L, Boeke J, <span style=\"text-decoration: underline;\">Steinmetz LM<\/span><sup>#<\/sup>. <strong><em>Science<\/em><\/strong><em> <\/em>(2022).<br><a href=\"DOI: 10.1126\/science.abg0162\">DOI<\/a> | <a href=\"https:\/\/www.science.org\/stoken\/author-tokens\/ST-369\/full\" target=\"_blank\" rel=\"noreferrer noopener\">Free-access Link<\/a><\/td><\/tr><tr><td>Article:<\/td><td>High-speed fluorescence image-enabled cell sorting. Schraivogel D, Kuhn TM, Rauscher B, Rodr\u00edguez-Mart\u00ednez M, Paulsen M, Owsley K, Middlebrook A, Tischer C, Ramasz B, Ordo\u00f1ez-Rueda D, Dees M, Cuylen-Haering S<sup>#<\/sup>, Diebold E<sup>#<\/sup>, <span style=\"text-decoration: underline;\">Steinmetz LM<\/span><sup>#<\/sup>. <strong><em>Science<\/em><\/strong> (2022).<br><a href=\"https:\/\/www.science.org\/doi\/10.1126\/science.abj3013\">DOI<\/a> | <a href=\"https:\/\/www.science.org\/stoken\/author-tokens\/ST-294\/full\">Free-access Link<\/a><\/td><\/tr><tr><td>Article: <\/td><td>Single-molecule, full-length transcript isoform sequencing reveals disease-associated RNA isoforms in cardiomyocytes.  Zhu C*, Wu J*, Sun H, Briganti F, Meder B, Wei W, <span style=\"text-decoration: underline;\">Steinmetz LM<\/span>. <strong><em>Nature Communications<\/em><\/strong> (2021). <br><a href=\"https:\/\/www.nature.com\/articles\/s41467-021-24484-z\">DOI<\/a> <\/td><\/tr><tr><td>Article:<\/td><td>Targeted Perturb-seq enables genome-scale genetic screens in single cells. <br>Schraivogel D*, Gschwind AR*, Milbank JH, Leonce DR, Jakob P, Mathur L, Korbel JO, Merten CA, Velten L, <span style=\"text-decoration: underline;\">Steinmetz LM<\/span>. <em><strong>Nature methods<\/strong><\/em> (2020). <br><a href=\"https:\/\/www.nature.com\/articles\/s41592-020-0837-5\">DOI<\/a> | <a href=\"https:\/\/pubmed.ncbi.nlm.nih.gov\/32483332\/\">PubMed<\/a><\/td><\/tr><tr><td>Article: <\/td><td>Combined single-cell and spatial transcriptomics reveal the molecular, cellular and spatial bone marrow niche organization. Baccin C*, Al-Sabah J*, Velten L*, Helbling PM, Gr\u00fcnschl\u00e4ger F, Hern\u00e1ndez-Malmierca P, Nombela-Arrieta C, <span style=\"text-decoration: underline;\">Steinmetz LM,<\/span> Trumpp A, Haas S. <strong><em>Nature cell biology<\/em><\/strong> (2019).<br><a href=\"https:\/\/www.nature.com\/articles\/s41556-019-0439-6\">DOI<\/a> | <a href=\"https:\/\/pubmed.ncbi.nlm.nih.gov\/31871321\/\">PubMed<\/a><\/td><\/tr><tr><td>Article: <br><br><br><\/td><td>Zuo E*, Sun Y*, Wei W*, Yuan T*, Ying W, Sun H, Yuan L, <span style=\"text-decoration: underline;\">Steinmetz LM<\/span>, Li Y, Yang H. Cytosine base editor generates substantial off-target single nucleotide variants in mouse embryos. <strong><em>Science. <\/em><\/strong>(2019).<br><a href=\"https:\/\/science.sciencemag.org\/content\/364\/6437\/289\">DOI <\/a>| <a href=\"https:\/\/pubmed.ncbi.nlm.nih.gov\/30819928\/\">PubMed<\/a><\/td><\/tr><tr><td>Article: <\/td><td>Roy KR*, Smith JD*, Vonesch SC*, Lin G, Tu CS, Lederer AR, Chu A, Suresh S, Nguyen M, Horecka J, Tripathi A, Burnett WT, Morgan MA, Schulz J, Orsley KM, Wei W, Aiyar RS, Davis RW, Bankaitis VA, Haber JE, Salit ML, St Onge RP, <span style=\"text-decoration: underline;\">Steinmetz LM<\/span>. Multiplexed precision genome editing with trackable genomic barcodes in yeast. <strong><em>Nature Biotechnology<\/em><\/strong> (2018).<br><a href=\"http:\/\/dx.doi.org\/10.1038\/nbt.4137\">DOI<\/a> | <a href=\"https:\/\/www.ncbi.nlm.nih.gov\/pubmed\/29734294\">PubMed<\/a><\/td><\/tr><tr><td>Article:<\/td><td>Velten L*, Haas SF*, Raffel S*, Blaszkiewicz S, Islam S, Hennig BP, Hirche C, Lutz C, Buss EC, Nowak D, Boch T, Hofmann WK, Ho AD, Huber W, Trumpp A, Essers MAG, <span style=\"text-decoration: underline;\">Steinmetz LM<\/span>. Human haematopoietic stem cell lineage commitment is a continuous process. <strong><em>Nat Cell Biol.<\/em><\/strong> (2017).<br><a href=\"http:\/\/dx.doi.org\/10.1038\/ncb3493\"><\/a><a href=\"http:\/\/dx.doi.org\/10.1038\/ncb3493\">DOI<\/a> | <a href=\"https:\/\/www.ncbi.nlm.nih.gov\/pubmed\/28319093\">PubMed<\/a> <\/td><\/tr><tr><td>Article:<\/td><td>Pelechano V*, Wei W*, <span style=\"text-decoration: underline;\">Steinmetz LM<\/span>. Widespread co-translational RNA decay reveals ribosome dynamics.<strong><em> Cell. <\/em><\/strong>(2015).<br><a href=\"http:\/\/dx.doi.org\/10.1016\/j.cell.2015.05.008\">DOI<\/a><a href=\"http:\/\/www.ncbi.nlm.nih.gov\/pubmed\/26046441\"> <\/a>|<a href=\"http:\/\/www.ncbi.nlm.nih.gov\/pubmed\/26046441\"> PubMed<\/a><\/td><\/tr><tr><td>Article: <\/td><td>Pelechano V*, Wei W*, <span style=\"text-decoration: underline;\">Steinmetz LM<\/span>. Extensive transcriptional heterogeneity revealed by isoform profiling. <strong><em>Nature.<\/em><\/strong> (2013).<br><a href=\"http:\/\/dx.doi.org\/10.1038\/nature12121\">DOI<\/a> | <a href=\"http:\/\/www.ncbi.nlm.nih.gov\/pubmed\/23615609\">PubMed<\/a> <\/td><\/tr><tr><td>Article:<\/td><td>Xu Z*, Wei W*, Gagneur J, Perocchi F, Clauder-M\u00fcnster S, Camblong J, Guffanti E, Stutz F, Huber W, Steinmetz LM. Bidirectional promoters generate pervasive transcription in yeast. <strong><em>Nature.<\/em><\/strong> (2009).<br><a href=\"http:\/\/dx.doi.org\/10.1038\/nature07728\">DOI<\/a> | <a href=\"http:\/\/www.ncbi.nlm.nih.gov\/pubmed\/19169243\">PubMed<\/a>  <\/td><\/tr><tr><td>Article:<\/td><td><span style=\"text-decoration: underline;\">Steinmetz LM*<\/span>, Scharfe C*, Deutschbauer AM, Mokranjac D, Herman ZS, Jones T, Chu AM, Giaever G, Prokisch H, Oefner PJ, Davis RW. Systematic screen for human disease genes in yeast. <strong><em>Nature Genet.<\/em><\/strong> (2002).<br><a href=\"https:\/\/doi.org\/10.1038\/ng929\">DOI<\/a> | <a href=\"https:\/\/www.ncbi.nlm.nih.gov\/pubmed\/12134146\">PubMed<\/a><\/td><\/tr><tr><td>Article: <\/td><td><span style=\"text-decoration: underline;\">Steinmetz LM<\/span>*, Sinha H, Richards DR, Spiegelman JI, Oefner PJ, McCusker JH, Davis RW. Dissecting the architecture of a quantitative trait locus in yeast. <strong><em>Nature.<\/em><\/strong> (2002).<br><a href=\"https:\/\/doi.org\/10.1038\/416326a\">DOI<\/a> | <a href=\"https:\/\/www.ncbi.nlm.nih.gov\/pubmed\/11907579\">PubMed<\/a> <\/td><\/tr><\/tbody><\/table><\/figure>\n\n\n\n<hr class=\"vf-divider\">\n\n\n\n<h4 class=\"wp-block-heading\">Features on Steinmetz Lab Research:<\/h4>\n\n\n\n<p><a href=\"https:\/\/www.embl.org\/news\/tag\/steinmetz\/\">See here<\/a> for the full collection of EMBL news articles on our work<\/p>\n\n\n\n<p><\/p>\n\n<\/div>\n<\/div>\n\n\n<div><!--[vf\/content]-->\n<div class=\"vf-content\">\n\n<div class=\"vf-grid | vf-grid__col-2\"><div><!--[vf\/content]-->\n<div class=\"vf-content\">\n\n<figure class=\"vf-figure wp-block-image size-large\"><a href=\"https:\/\/www.science.org\/toc\/science\/375\/6578\"><img loading=\"lazy\" decoding=\"async\" width=\"773\" height=\"1024\" class=\"vf-figure__image\" src=\"https:\/\/www.embl.org\/groups\/steinmetz\/wp-content\/uploads\/2022\/01\/Schraivogel_Science-773x1024.jpg\" alt=\"Cover for Jan 21, 2022 issue of Science Magazine. Cover story by Schraivogel et al.\" class=\"wp-image-456\" srcset=\"https:\/\/www.embl.org\/groups\/steinmetz\/wp-content\/uploads\/2022\/01\/Schraivogel_Science-773x1024.jpg 773w, https:\/\/www.embl.org\/groups\/steinmetz\/wp-content\/uploads\/2022\/01\/Schraivogel_Science-226x300.jpg 226w, https:\/\/www.embl.org\/groups\/steinmetz\/wp-content\/uploads\/2022\/01\/Schraivogel_Science-768x1018.jpg 768w, https:\/\/www.embl.org\/groups\/steinmetz\/wp-content\/uploads\/2022\/01\/Schraivogel_Science-1159x1536.jpg 1159w, https:\/\/www.embl.org\/groups\/steinmetz\/wp-content\/uploads\/2022\/01\/Schraivogel_Science-1546x2048.jpg 1546w, https:\/\/www.embl.org\/groups\/steinmetz\/wp-content\/uploads\/2022\/01\/Schraivogel_Science-scaled.jpg 1932w\" sizes=\"auto, (max-width: 773px) 100vw, 773px\" \/><\/a><figcaption class=\"vf-figure__caption\">Image Credit: illustratoren.de\/TobiasWuestefeld<\/figcaption><\/figure>\n\n<\/div>\n<\/div>\n\n\n<div><!--[vf\/content]-->\n<div class=\"vf-content\">\n\n<figure class=\"vf-figure wp-block-image size-large is-resized\"><a href=\"https:\/\/www.nature.com\/nmeth\/volumes\/17\/issues\/6\"><img loading=\"lazy\" decoding=\"async\" class=\"vf-figure__image\" src=\"https:\/\/wwwdev.embl.org\/groups\/steinmetz\/wp-content\/uploads\/2021\/08\/Schraivogel.png\" alt=\"\" class=\"wp-image-372\" width=\"200\" height=\"265\"\/><\/a><figcaption class=\"vf-figure__caption\">Image credit: illustratoren.de\/TobiasWuestefeld. Cover design: Erin Dewalt.<\/figcaption><\/figure>\n\n<\/div>\n<\/div>\n<\/div>\n\n\n\n<div class=\"vf-grid | vf-grid__col-2\"><div><!--[vf\/content]-->\n<div class=\"vf-content\">\n\n<figure class=\"vf-figure wp-block-image size-large is-resized\"><a href=\"https:\/\/www.nature.com\/nmicrobiol\/volumes\/4\/issues\/4\"><img loading=\"lazy\" decoding=\"async\" class=\"vf-figure__image\" src=\"https:\/\/wwwdev.embl.org\/groups\/steinmetz\/wp-content\/uploads\/2021\/08\/Nadal.png\" alt=\"Nature Microbiology cover article for Nadal-Ribelles et al. Nat Microbiol (2019)\" class=\"wp-image-370\" width=\"200\" height=\"265\"\/><\/a><figcaption class=\"vf-figure__caption\">Image: illustratoren.de\/TobiasWuestefeld. <br>Cover Design: Lauren Heslop.<\/figcaption><\/figure>\n\n<\/div>\n<\/div>\n\n\n<div><!--[vf\/content]-->\n<div class=\"vf-content\">\n\n<figure class=\"vf-figure wp-block-image size-large is-resized\"><a href=\"https:\/\/www.nature.com\/ncb\/volumes\/19\/issues\/4\"><img loading=\"lazy\" decoding=\"async\" class=\"vf-figure__image\" src=\"https:\/\/wwwdev.embl.org\/groups\/steinmetz\/wp-content\/uploads\/2021\/08\/Velten.png\" alt=\"Nature Cell Biology cover article: Velten et al. Nat Cel Bio (2017)\" class=\"wp-image-371\" width=\"200\" height=\"265\"\/><\/a><figcaption class=\"vf-figure__caption\">Image credit: illustratoren.de\/TobiasWuestefeld<\/figcaption><\/figure>\n\n<\/div>\n<\/div>\n<\/div>\n\n\n\n<div class=\"vf-grid | vf-grid__col-2\"><div><!--[vf\/content]-->\n<div class=\"vf-content\">\n\n<figure class=\"vf-figure wp-block-image size-large is-resized\"><a href=\"https:\/\/www.g3journal.org\/content\/8\/1.cover-expansion\"><img loading=\"lazy\" decoding=\"async\" class=\"vf-figure__image\" src=\"https:\/\/wwwdev.embl.org\/groups\/steinmetz\/wp-content\/uploads\/2021\/08\/Hennig.jpg\" alt=\"G3 cover article from Hennig et al, G3 (2018)\" class=\"wp-image-381\" width=\"200\" height=\"265\"\/><\/a><figcaption class=\"vf-figure__caption\">Image: Aleksandra Krolik (EMBL)<\/figcaption><\/figure>\n\n<\/div>\n<\/div>\n\n\n<div><!--[vf\/content]-->\n<div class=\"vf-content\">\n\n<figure class=\"vf-figure wp-block-image size-large is-resized\"><a href=\"https:\/\/genome.cshlp.org\/content\/26\/12.cover-expansion\"><img loading=\"lazy\" decoding=\"async\" class=\"vf-figure__image\" src=\"https:\/\/wwwdev.embl.org\/groups\/steinmetz\/wp-content\/uploads\/2021\/08\/Huang.gif\" alt=\"Genome Research cover article from Huang et al., Genome Research (2016)\" class=\"wp-image-383\" width=\"200\" height=\"265\"\/><\/a><figcaption class=\"vf-figure__caption\">Image: Sophia Genetics<\/figcaption><\/figure>\n\n<\/div>\n<\/div>\n<\/div>\n\n\n\n<div class=\"vf-grid | vf-grid__col-2\"><div><!--[vf\/content]-->\n<div class=\"vf-content\">\n\n<figure class=\"vf-figure wp-block-image size-large is-resized\"><a href=\"https:\/\/www.g3journal.org\/content\/3\/8.cover-expansion\"><img loading=\"lazy\" decoding=\"async\" class=\"vf-figure__image\" src=\"https:\/\/wwwdev.embl.org\/groups\/steinmetz\/wp-content\/uploads\/2021\/08\/Riedinger.jpg\" alt=\"G3 cover image from Landry et al., G3, 2013\" class=\"wp-image-382\" width=\"200\" height=\"265\"\/><\/a><figcaption class=\"vf-figure__caption\">Image: Petra Riedinger, Paul Theodor Pyl &amp; Jonathan Landry<\/figcaption><\/figure>\n\n<\/div>\n<\/div>\n\n\n<div><!--[vf\/content]-->\n<div class=\"vf-content\">\n\n<figure class=\"vf-figure wp-block-image size-large\"><a href=\"https:\/\/www.cell.com\/molecular-cell\/issue?pii=S1097-2765(14)X0025-0#\"><img decoding=\"async\" class=\"vf-figure__image\" src=\"https:\/\/wwwdev.embl.org\/groups\/steinmetz\/wp-content\/uploads\/2021\/08\/molcel.jpg\" alt=\"\" class=\"wp-image-387\"\/><\/a><figcaption class=\"vf-figure__caption\">Image: Hubert&nbsp;Becker<\/figcaption><\/figure>\n\n<\/div>\n<\/div>\n<\/div>\n\n\n\n<div class=\"vf-grid | vf-grid__col-2\"><div><!--[vf\/content]-->\n<div class=\"vf-content\">\n\n<\/div>\n<\/div>\n\n\n<div><!--[vf\/content]-->\n<div class=\"vf-content\">\n\n<figure class=\"vf-figure wp-block-image size-large\"><a href=\"https:\/\/www.genetics.org\/content\/196\/4.cover-expansion\"><img decoding=\"async\" class=\"vf-figure__image\" src=\"https:\/\/wwwdev.embl.org\/groups\/steinmetz\/wp-content\/uploads\/2021\/08\/Wilkening.jpg\" alt=\"\" class=\"wp-image-402\"\/><\/a><figcaption class=\"vf-figure__caption\">Image: Petra Riedinger &amp; Stefan Wilkening<\/figcaption><\/figure>\n\n<\/div>\n<\/div>\n<\/div>\n\n<\/div>\n<\/div>\n<\/div>\n\n\n\n<div class=\"vf-grid | vf-grid__col-3\"><div class=\"vf-grid__col--span-2\"><!--[vf\/content]-->\n<div class=\"vf-content\">\n\n<p><\/p>\n\n<\/div>\n<\/div>\n\n\n<div><!--[vf\/content]-->\n<div class=\"vf-content\">\n\n<p><\/p>\n\n<\/div>\n<\/div>\n<\/div>\n\n\n\n<p><\/p>\n","protected":false},"excerpt":{"rendered":"","protected":false},"author":1,"featured_media":0,"parent":0,"menu_order":0,"comment_status":"closed","ping_status":"closed","template":"template-title-left-aligned.php","meta":{"_acf_changed":false,"footnotes":""},"embl_taxonomy":[],"class_list":["post-58","page","type-page","status-publish","hentry"],"acf":[],"embl_taxonomy_terms":[],"_links":{"self":[{"href":"https:\/\/www.embl.org\/groups\/steinmetz\/wp-json\/wp\/v2\/pages\/58","targetHints":{"allow":["GET"]}}],"collection":[{"href":"https:\/\/www.embl.org\/groups\/steinmetz\/wp-json\/wp\/v2\/pages"}],"about":[{"href":"https:\/\/www.embl.org\/groups\/steinmetz\/wp-json\/wp\/v2\/types\/page"}],"author":[{"embeddable":true,"href":"https:\/\/www.embl.org\/groups\/steinmetz\/wp-json\/wp\/v2\/users\/1"}],"replies":[{"embeddable":true,"href":"https:\/\/www.embl.org\/groups\/steinmetz\/wp-json\/wp\/v2\/comments?post=58"}],"version-history":[{"count":20,"href":"https:\/\/www.embl.org\/groups\/steinmetz\/wp-json\/wp\/v2\/pages\/58\/revisions"}],"predecessor-version":[{"id":652,"href":"https:\/\/www.embl.org\/groups\/steinmetz\/wp-json\/wp\/v2\/pages\/58\/revisions\/652"}],"wp:attachment":[{"href":"https:\/\/www.embl.org\/groups\/steinmetz\/wp-json\/wp\/v2\/media?parent=58"}],"wp:term":[{"taxonomy":"embl_taxonomy","embeddable":true,"href":"https:\/\/www.embl.org\/groups\/steinmetz\/wp-json\/wp\/v2\/embl_taxonomy?post=58"}],"curies":[{"name":"wp","href":"https:\/\/api.w.org\/{rel}","templated":true}]}}