{"id":24,"date":"2020-06-08T10:54:12","date_gmt":"2020-06-08T10:54:12","guid":{"rendered":"https:\/\/www.embl.org\/groups\/protein-expression-purification\/members\/"},"modified":"2020-06-08T10:54:12","modified_gmt":"2020-06-08T10:54:12","slug":"members","status":"publish","type":"page","link":"https:\/\/www.embl.org\/groups\/protein-expression-purification\/members\/","title":{"rendered":"Members"},"content":{"rendered":"<div class=\"vf-content-hub-html vf-grid vf-grid__col-2 | vf-u-margin__bottom--800\" data-cache=\"ab3f1de1\">\n      <!-- Generated by: http:\/\/content.embl.org\/api\/v1\/pattern.html?filter-content-type=person&amp;filter-field-contains%5Bfield_person_positions.entity.field_position_team.entity.title%5D=Protein%20Expression%20and%20Purification%20Core%20Facility&amp;filter-field-value-not%5Bfield_person_positions.entity.field_position_membership%5D=leader&amp;filter-fields-empty=field_person_visible_internally&amp;filter-ref-entity%5Bfield_person_positions%5D%5Btitle%5D=&amp;filter-ref-entity%5Bfield_person_positions%5D%5Bfield_position_primary%5D=1&amp;hide%5Bteam%2C%5D=1&amp;limit=50&amp;pattern=vf-profile-inline&amp;sort-field-value%5Bfield_person_full_name%5D=ASC -->\n                \n                      <article class=\"vf-profile vf-profile--very-easy vf-profile--medium vf-profile--inline\" data-embl-js-conditional-edit=\"186763\">\n              <img decoding=\"async\" class=\"vf-profile__image\" src=\"https:\/\/assets.emblstatic.net\/vf\/v2.4.14\/assets\/vf-summary\/assets\/vf-icon--avatar.svg\" alt=\"image of Aarushi Vasudeva\" \/>\n      \n              <h3 class=\"vf-profile__title\">\n                      <a href=\"https:\/\/www.embl.org\/people\/person\/aarushi-vasudeva\" class=\"vf-profile__link\">Aarushi Vasudeva<\/a>\n                  <\/h3>\n      \n              <p class=\"vf-profile__job-title\">\n          Scientific Officer\n        <\/p>\n      \n      \n      \n      \n      \n      \n            <a class=\"vf-text vf-text--body-r vf-link embl-conditional-edit\" rel=\"noopener noreferrer nofollow\" href=\"\/node\/186763\/186763\" target=\"_blank\">\n        Edit\n      <\/a>\n    <\/article>\n                \n                      <article class=\"vf-profile vf-profile--very-easy vf-profile--medium vf-profile--inline\" data-embl-js-conditional-edit=\"77370\">\n              <img decoding=\"async\" class=\"vf-profile__image\" src=\"https:\/\/assets.emblstatic.net\/vf\/v2.4.14\/assets\/vf-summary\/assets\/vf-icon--avatar.svg\" alt=\"image of Jacob Scheurich\" \/>\n      \n              <h3 class=\"vf-profile__title\">\n                      <a href=\"https:\/\/www.embl.org\/people\/person\/jacob-scheurich\" class=\"vf-profile__link\">Jacob Scheurich<\/a>\n                  <\/h3>\n      \n              <p class=\"vf-profile__job-title\">\n          Senior Scientific Officer\n        <\/p>\n      \n      \n      \n      \n      \n      \n              <p class=\"vf-profile__uuid\">\n          <span>ORCID:<\/span>\n          <a class=\"vf-profile__link vf-profile__link--secondary\" href=\"https:\/\/europepmc.org\/authors\/0000-0001-5982-7844\">\n            0000-0001-5982-7844\n          <\/a>\n        <\/p>\n            <a class=\"vf-text vf-text--body-r vf-link embl-conditional-edit\" rel=\"noopener noreferrer nofollow\" href=\"\/node\/77370\/77370\" target=\"_blank\">\n        Edit\n      <\/a>\n    <\/article>\n                \n                            <article class=\"vf-profile vf-profile--very-easy vf-profile--medium vf-profile--inline\" data-embl-js-conditional-edit=\"77350\">\n              <img decoding=\"async\" class=\"vf-profile__image\" src=\"https:\/\/content.embl.org\/\/sites\/default\/files\/styles\/medium\/public\/persons\/CP-60035036.jpg?itok=WtLQHFt3\" alt=\"image of Karine Lapouge\" \/>\n      \n              <h3 class=\"vf-profile__title\">\n                      <a href=\"https:\/\/www.embl.org\/people\/person\/karine-lapouge\" class=\"vf-profile__link\">Karine Lapouge<\/a>\n                  <\/h3>\n      \n              <p class=\"vf-profile__job-title\">\n          Scientific Officer \u2013 Biophysical Characterisation\n        <\/p>\n      \n      \n      \n      \n      \n      \n              <p class=\"vf-profile__uuid\">\n          <span>ORCID:<\/span>\n          <a class=\"vf-profile__link vf-profile__link--secondary\" href=\"https:\/\/europepmc.org\/authors\/0000-0003-0620-9553\">\n            0000-0003-0620-9553\n          <\/a>\n        <\/p>\n            <a class=\"vf-text vf-text--body-r vf-link embl-conditional-edit\" rel=\"noopener noreferrer nofollow\" href=\"\/node\/77350\/77350\" target=\"_blank\">\n        Edit\n      <\/a>\n    <\/article>\n                \n                            <article class=\"vf-profile vf-profile--very-easy vf-profile--medium vf-profile--inline\" data-embl-js-conditional-edit=\"191023\">\n              <img decoding=\"async\" class=\"vf-profile__image\" src=\"https:\/\/content.embl.org\/\/sites\/default\/files\/styles\/medium\/public\/persons\/CP-60045078.jpg?itok=XSFjdqYx\" alt=\"image of Mary Kanappilly Johnson\" \/>\n      \n              <h3 class=\"vf-profile__title\">\n                      <a href=\"https:\/\/www.embl.org\/people\/person\/mary-kanappilly-johnson\" class=\"vf-profile__link\">Mary Kanappilly Johnson<\/a>\n                  <\/h3>\n      \n              <p class=\"vf-profile__job-title\">\n          Postdoctoral Fellow\n        <\/p>\n      \n      \n      \n              \n                  <p class=\"vf-profile__email | vf-u-last-item\">\n            mary.johnson [at] embl.de\n          <\/p>\n              \n      \n      \n            <a class=\"vf-text vf-text--body-r vf-link embl-conditional-edit\" rel=\"noopener noreferrer nofollow\" href=\"\/node\/191023\/191023\" target=\"_blank\">\n        Edit\n      <\/a>\n    <\/article>\n                \n                      <article class=\"vf-profile vf-profile--very-easy vf-profile--medium vf-profile--inline\" data-embl-js-conditional-edit=\"77342\">\n              <img decoding=\"async\" class=\"vf-profile__image\" src=\"https:\/\/assets.emblstatic.net\/vf\/v2.4.14\/assets\/vf-summary\/assets\/vf-icon--avatar.svg\" alt=\"image of Milka Marjut Hammaren\" \/>\n      \n              <h3 class=\"vf-profile__title\">\n                      <a href=\"https:\/\/www.embl.org\/people\/person\/milka-marjut-hammaren\" class=\"vf-profile__link\">Milka Marjut Hammaren<\/a>\n                  <\/h3>\n      \n              <p class=\"vf-profile__job-title\">\n          Visiting Postdoctoral Fellow\n        <\/p>\n      \n      \n      \n      \n      \n      \n              <p class=\"vf-profile__uuid\">\n          <span>ORCID:<\/span>\n          <a class=\"vf-profile__link vf-profile__link--secondary\" href=\"https:\/\/europepmc.org\/authors\/0000-0001-9076-8782\">\n            0000-0001-9076-8782\n          <\/a>\n        <\/p>\n            <a class=\"vf-text vf-text--body-r vf-link embl-conditional-edit\" rel=\"noopener noreferrer nofollow\" href=\"\/node\/77342\/77342\" target=\"_blank\">\n        Edit\n      <\/a>\n    <\/article>\n                \n                      <article class=\"vf-profile vf-profile--very-easy vf-profile--medium vf-profile--inline\" data-embl-js-conditional-edit=\"196431\">\n              <img decoding=\"async\" class=\"vf-profile__image\" src=\"https:\/\/assets.emblstatic.net\/vf\/v2.4.14\/assets\/vf-summary\/assets\/vf-icon--avatar.svg\" alt=\"image of Tom\u00e1s Alberto Cort\u00e9s Rom\u00e1n\" \/>\n      \n              <h3 class=\"vf-profile__title\">\n                      <a href=\"https:\/\/www.embl.org\/people\/person\/tomas-alberto-cortes-roman\" class=\"vf-profile__link\">Tom\u00e1s Alberto Cort\u00e9s Rom\u00e1n<\/a>\n                  <\/h3>\n      \n              <p class=\"vf-profile__job-title\">\n          Technical Officer\n        <\/p>\n      \n      \n      \n      \n      \n      \n            <a class=\"vf-text vf-text--body-r vf-link embl-conditional-edit\" rel=\"noopener noreferrer nofollow\" href=\"\/node\/196431\/196431\" target=\"_blank\">\n        Edit\n      <\/a>\n    <\/article>\n                \n                      <article class=\"vf-profile vf-profile--very-easy vf-profile--medium vf-profile--inline\" data-embl-js-conditional-edit=\"743645\">\n              <img decoding=\"async\" class=\"vf-profile__image\" src=\"https:\/\/assets.emblstatic.net\/vf\/v2.4.14\/assets\/vf-summary\/assets\/vf-icon--avatar.svg\" alt=\"image of Toni Hoffmann\" \/>\n      \n              <h3 class=\"vf-profile__title\">\n                      <a href=\"https:\/\/www.embl.org\/people\/person\/toni-hoffmann\" class=\"vf-profile__link\">Toni Hoffmann<\/a>\n                  <\/h3>\n      \n              <p class=\"vf-profile__job-title\">\n          Visiting Researcher\n        <\/p>\n      \n      \n      \n      \n      \n      \n            <a class=\"vf-text vf-text--body-r vf-link embl-conditional-edit\" rel=\"noopener noreferrer nofollow\" href=\"\/node\/743645\/743645\" target=\"_blank\">\n        Edit\n      <\/a>\n    <\/article>\n                \n                      <article class=\"vf-profile vf-profile--very-easy vf-profile--medium vf-profile--inline\" data-embl-js-conditional-edit=\"172049\">\n              <img decoding=\"async\" class=\"vf-profile__image\" src=\"https:\/\/assets.emblstatic.net\/vf\/v2.4.14\/assets\/vf-summary\/assets\/vf-icon--avatar.svg\" alt=\"image of Yexin Xie\" \/>\n      \n              <h3 class=\"vf-profile__title\">\n                      <a href=\"https:\/\/www.embl.org\/people\/person\/yexin-xie\" class=\"vf-profile__link\">Yexin Xie<\/a>\n                  <\/h3>\n      \n              <p class=\"vf-profile__job-title\">\n          Scientific Officer\n        <\/p>\n      \n      \n      \n      \n      \n      \n            <a class=\"vf-text vf-text--body-r vf-link embl-conditional-edit\" rel=\"noopener noreferrer nofollow\" href=\"\/node\/172049\/172049\" target=\"_blank\">\n        Edit\n      <\/a>\n    <\/article>\n  <\/div>\n","protected":false},"excerpt":{"rendered":"","protected":false},"author":0,"featured_media":0,"parent":0,"menu_order":0,"comment_status":"closed","ping_status":"closed","template":"template-members.php","meta":{"_acf_changed":false,"footnotes":""},"embl_taxonomy":[],"class_list":["post-24","page","type-page","status-publish","hentry"],"acf":[],"embl_taxonomy_terms":[],"_links":{"self":[{"href":"https:\/\/www.embl.org\/groups\/protein-expression-purification\/wp-json\/wp\/v2\/pages\/24","targetHints":{"allow":["GET"]}}],"collection":[{"href":"https:\/\/www.embl.org\/groups\/protein-expression-purification\/wp-json\/wp\/v2\/pages"}],"about":[{"href":"https:\/\/www.embl.org\/groups\/protein-expression-purification\/wp-json\/wp\/v2\/types\/page"}],"replies":[{"embeddable":true,"href":"https:\/\/www.embl.org\/groups\/protein-expression-purification\/wp-json\/wp\/v2\/comments?post=24"}],"version-history":[{"count":0,"href":"https:\/\/www.embl.org\/groups\/protein-expression-purification\/wp-json\/wp\/v2\/pages\/24\/revisions"}],"wp:attachment":[{"href":"https:\/\/www.embl.org\/groups\/protein-expression-purification\/wp-json\/wp\/v2\/media?parent=24"}],"wp:term":[{"taxonomy":"embl_taxonomy","embeddable":true,"href":"https:\/\/www.embl.org\/groups\/protein-expression-purification\/wp-json\/wp\/v2\/embl_taxonomy?post=24"}],"curies":[{"name":"wp","href":"https:\/\/api.w.org\/{rel}","templated":true}]}}