{"id":37,"date":"2024-01-11T14:12:01","date_gmt":"2024-01-11T14:12:01","guid":{"rendered":"https:\/\/www.embl.org\/groups\/light-imaging-facility\/?page_id=37"},"modified":"2024-10-01T11:19:41","modified_gmt":"2024-10-01T11:19:41","slug":"publications","status":"publish","type":"page","link":"https:\/\/www.embl.org\/groups\/light-imaging-facility\/publications\/","title":{"rendered":"Publications"},"content":{"rendered":"\n<div class=\"vf-grid | vf-grid__col-3\"><div class=\"vf-grid__col--span-2\"><!--[vf\/content]-->\n<div class=\"vf-content\">\n\n<h2 class=\"wp-block-heading\">2024<\/h2>\n\n\n\n<p><\/p>\n\n\n\n<article class=\"vf-summary vf-summary--publication\">\n    <h3 class=\"vf-summary__title\">\n        <a href=\"https:\/\/www.life-science-alliance.org\/content\/7\/7\/e202302512.abstract\" class=\"vf-summary__link\">\n        Trim66\u2019s paternal deficiency causes intrauterine overgrowth        <\/a>\n    <\/h3>\n    <p class=\"vf-summary__author\">\n      Monika Mielnicka, Francesco Tabaro, Rahul Sureka, Basilia Acurzio, Renata Paoletti, Ferdinando Scavizzi, Marcello Raspa, Alvaro H Crevenna, Karine Lapouge, Kim Remans, Matthieu Boulard    <\/p>\n    <p class=\"vf-summary__source\">\n    Life Science Alliance        <span class=\"vf-summary__date\">2024<\/span>\n    <\/p>\n\n    <p class=\"vf-summary__text\">\n    DOI: 10.26508\/lsa.202302512    <\/p>\n<\/article>\n\n\n\n<article class=\"vf-summary vf-summary--publication\">\n    <h3 class=\"vf-summary__title\">\n        <a href=\"https:\/\/www.nature.com\/articles\/s41586-024-07336-w\" class=\"vf-summary__link\">\n        Paternal microbiome perturbations impact offspring fitness        <\/a>\n    <\/h3>\n    <p class=\"vf-summary__author\">\n      Argaw-Denboba A, Schmidt TSB, Di Giacomo M, Ranjan B, Devendran S, Mastrorilli E, Lloyd CT, Pugliese D, Paribeni V, Dabin J, Pisaniello A, Espinola S, Crevenna A, Ghosh S, Humphreys N, Boruc O, Sarkies P, Zimmermann M, Bork P, Hackett JA    <\/p>\n    <p class=\"vf-summary__source\">\n    Nature        <span class=\"vf-summary__date\">2024<\/span>\n    <\/p>\n\n    <p class=\"vf-summary__text\">\n    https:\/\/doi.org\/10.1038\/s41586-024-07336-w    <\/p>\n<\/article>\n\n\n\n<article class=\"vf-summary vf-summary--publication\">\n    <h3 class=\"vf-summary__title\">\n        <a href=\"https:\/\/arxiv.org\/abs\/2404.08946\" class=\"vf-summary__link\">\n        Image Scanning Microscopy Reconstruction by Autocorrelation Inversion        <\/a>\n    <\/h3>\n    <p class=\"vf-summary__author\">\n      Daniele Ancora, Alessandro Zunino, Giuseppe Vicidomini, Alvaro H Crevenna    <\/p>\n    <p class=\"vf-summary__source\">\n    Arxiv        <span class=\"vf-summary__date\">2024<\/span>\n    <\/p>\n\n    <p class=\"vf-summary__text\">\n    https:\/\/doi.org\/10.48550\/arXiv.2404.08946    <\/p>\n<\/article>\n\n\n\n<h2 class=\"wp-block-heading\">2023<\/h2>\n\n\n\n<article class=\"vf-summary vf-summary--publication\">\n    <h3 class=\"vf-summary__title\">\n        <a href=\"#\" class=\"vf-summary__link\">\n        Striated muscle-specific base editing enables correction of mutations causing dilated cardiomyopathy        <\/a>\n    <\/h3>\n    <p class=\"vf-summary__author\">\n      Grosch M, Schraft L, Chan A, K\u00fcchenhoff L, Rapti K, Ferreira AM, Kornienko J, Li S, Radke MH, Kr\u00e4mer C, Clauder-M\u00fcnster S, Perlas E, Backs J, Gotthardt M, Dieterich C, van den Hoogenhof MMG, Grimm D, Steinmetz LM.    <\/p>\n    <p class=\"vf-summary__source\">\n    Nat Commun        <span class=\"vf-summary__date\">2023<\/span>\n    <\/p>\n\n    <p class=\"vf-summary__text\">\n    doi:10.1038\/s41467-023-39352-1    <\/p>\n<\/article>\n\n\n\n<article class=\"vf-summary vf-summary--publication\">\n    <h3 class=\"vf-summary__title\">\n        <a href=\"#\" class=\"vf-summary__link\">\n         Phospholipid scramblase Xkr8 is required for developmental axon pruning via phosphatidylserine exposure.        <\/a>\n    <\/h3>\n    <p class=\"vf-summary__author\">\n      Neniskyte U, Kuliesiute U, Vadisiute A, Jevdokimenko K, Coletta L, Deivasigamani S, Pamedytyte D, Daugelaviciene N, Dabkeviciene D, Perlas E, Bali A, Basilico B, Gozzi A, Ragozzino D, Gross CT.    <\/p>\n    <p class=\"vf-summary__source\">\n    EMBO J        <span class=\"vf-summary__date\">2023<\/span>\n    <\/p>\n\n    <p class=\"vf-summary__text\">\n    doi:10.15252\/embj.2022111790    <\/p>\n<\/article>\n\n\n\n<article class=\"vf-summary vf-summary--publication\">\n    <h3 class=\"vf-summary__title\">\n        <a href=\"#\" class=\"vf-summary__link\">\n         Structured Illumination Microscopy Improves Spot Detection Performance in Spatial Transcriptomics.         <\/a>\n    <\/h3>\n    <p class=\"vf-summary__author\">\n      Linares A, Brighi C, Espinola S, Bacchi F, Crevenna \u00c1H    <\/p>\n    <p class=\"vf-summary__source\">\n    Cells        <span class=\"vf-summary__date\">2023<\/span>\n    <\/p>\n\n    <p class=\"vf-summary__text\">\n    doi:110.3390\/cells12091310    <\/p>\n<\/article>\n\n\n\n<article class=\"vf-summary vf-summary--publication\">\n    <h3 class=\"vf-summary__title\">\n        <a href=\"#\" class=\"vf-summary__link\">\n        MiR-142-3p is a Critical Modulator of TNF-mediated Neuronal Toxicity in Multiple Sclerosis        <\/a>\n    <\/h3>\n    <p class=\"vf-summary__author\">\n      De Vito F, Balletta S, Caioli S, Musella A, Guadalupi L, Vanni V, Fresegna D, Bassi MS, Gilio L, Sanna K, Gentile A, Bruno A, Dolcetti E, Buttari F, Pavone L, Furlan R, Finardi A, Perlas E, Hornstein E, Centonze D, Mandolesi G    <\/p>\n    <p class=\"vf-summary__source\">\n    Curr Neuropharmacol        <span class=\"vf-summary__date\">2023<\/span>\n    <\/p>\n\n    <p class=\"vf-summary__text\">\n    doi:10.2174\/1570159X21666230404103914    <\/p>\n<\/article>\n\n\n\n<article class=\"vf-summary vf-summary--publication\">\n    <h3 class=\"vf-summary__title\">\n        <a href=\"#\" class=\"vf-summary__link\">\n        The long noncoding RNA Charme supervises cardiomyocyte maturation by controlling cell differentiation programs in the developing heart        <\/a>\n    <\/h3>\n    <p class=\"vf-summary__author\">\n      Taliani V, Buonaiuto G, Desideri F, Setti A, Santini T, Galfr\u00e8 S, Schirone L, Mariani D, Frati G, Valenti V, Sciarretta S, Perlas E, Nicoletti C, Musar\u00f2 A, Ballarino M    <\/p>\n    <p class=\"vf-summary__source\">\n    Elife        <span class=\"vf-summary__date\">2023<\/span>\n    <\/p>\n\n    <p class=\"vf-summary__text\">\n    doi:10.7554\/eLife.81360    <\/p>\n<\/article>\n\n\n\n<article class=\"vf-summary vf-summary--publication\">\n    <h3 class=\"vf-summary__title\">\n        <a href=\"#\" class=\"vf-summary__link\">\n        The long noncoding RNA Charme supervises cardiomyocyte maturation by controlling cell differentiation programs in the developing heart        <\/a>\n    <\/h3>\n    <p class=\"vf-summary__author\">\n      Taliani V, Buonaiuto G, Desideri F, Setti A, Santini T, Galfr\u00e8 S, Schirone L, Mariani D, Frati G, Valenti V, Sciarretta S, Perlas E, Nicoletti C, Musar\u00f2 A, Ballarino M    <\/p>\n    <p class=\"vf-summary__source\">\n    Elife        <span class=\"vf-summary__date\">2023<\/span>\n    <\/p>\n\n    <p class=\"vf-summary__text\">\n    doi:10.7554\/eLife.81360    <\/p>\n<\/article>\n\n\n\n<article class=\"vf-summary vf-summary--publication\">\n    <h3 class=\"vf-summary__title\">\n        <a href=\"#\" class=\"vf-summary__link\">\n        Induction of flight via midbrain projections to the cuneiform nucleus.         <\/a>\n    <\/h3>\n    <p class=\"vf-summary__author\">\n      Tsang E, Orlandini C, Sureka R, Crevenna AH, Perlas E, Prankerd I, Masferrer ME, Gross CT    <\/p>\n    <p class=\"vf-summary__source\">\n    PLoS One        <span class=\"vf-summary__date\">2023<\/span>\n    <\/p>\n\n    <p class=\"vf-summary__text\">\n    doi:10.1371\/journal.pone.0281464    <\/p>\n<\/article>\n\n\n\n<h2 class=\"wp-block-heading\">2022<\/h2>\n\n\n\n<article class=\"vf-summary vf-summary--publication\">\n    <h3 class=\"vf-summary__title\">\n        <a href=\"#\" class=\"vf-summary__link\">\n        Extending resolution within a single imaging frame        <\/a>\n    <\/h3>\n    <p class=\"vf-summary__author\">\n      Torres-Garc\u00eda E, Pinto-C\u00e1mara R, Linares A, Mart\u00ednez D, Abonza V, Brito-Alarc\u00f3n E, Calcines-Cruz C, Vald\u00e9s-Galindo G, Torres D, Jablo\u00f1ski M, Torres-Mart\u00ednez HH, Mart\u00ednez JL, Hern\u00e1ndez HO, Ocelotl-Oviedo JP, Garc\u00e9s Y, Barchi M, D&#8217;Antuono R, Bo\u0161kovi\u0107 A, Dubrovsky JG, Darszon A, Buffone MG, Morales RR, Rendon-Mancha JM, Wood CD, Hern\u00e1ndez-Garc\u00eda A, Krapf D, Crevenna \u00c1H, Guerrero A    <\/p>\n    <p class=\"vf-summary__source\">\n    Nat Commun        <span class=\"vf-summary__date\">2022<\/span>\n    <\/p>\n\n    <p class=\"vf-summary__text\">\n    doi:10.1038\/s41467-022-34693-9    <\/p>\n<\/article>\n\n\n\n<article class=\"vf-summary vf-summary--publication\">\n    <h3 class=\"vf-summary__title\">\n        <a href=\"#\" class=\"vf-summary__link\">\n        Thalamo-hippocampal pathway regulates incidental memory capacity in mice        <\/a>\n    <\/h3>\n    <p class=\"vf-summary__author\">\n      Torromino G, Loffredo V, Cavezza D, Sonsini G, Esposito F, Crevenna AH, Gioffr\u00e8 M, De Risi M, Treves A, Griguoli M, De Leonibus E    <\/p>\n    <p class=\"vf-summary__source\">\n    Nat Commun        <span class=\"vf-summary__date\">2022<\/span>\n    <\/p>\n\n    <p class=\"vf-summary__text\">\n    doi:10.1038\/s41467-022-31781-8    <\/p>\n<\/article>\n\n\n\n<article class=\"vf-summary vf-summary--publication\">\n    <h3 class=\"vf-summary__title\">\n        <a href=\"#\" class=\"vf-summary__link\">\n         Pilot Investigation on p75ICD Expression in Laryngeal Squamous Cell Carcinoma        <\/a>\n    <\/h3>\n    <p class=\"vf-summary__author\">\n      Triaca V, Fico E, Rosso P, Ralli M, Corsi A, Severini C, Crevenna A, Agostinelli E, Rullo E, Riminucci M, Colizza A, Polimeni A, Greco A, Tirassa P    <\/p>\n    <p class=\"vf-summary__source\">\n    Cancers (Basel)        <span class=\"vf-summary__date\">2022<\/span>\n    <\/p>\n\n    <p class=\"vf-summary__text\">\n    doi:10.3390\/cancers14112622    <\/p>\n<\/article>\n\n\n\n<h2 class=\"wp-block-heading\">2021<\/h2>\n\n\n\n<article class=\"vf-summary vf-summary--publication\">\n    <h3 class=\"vf-summary__title\">\n        <a href=\"#\" class=\"vf-summary__link\">\n        Deletion of LBR N-terminal domains recapitulates Pelger-Huet anomaly phenotypes in mouse without disrupting X chromosome inactivation        <\/a>\n    <\/h3>\n    <p class=\"vf-summary__author\">\n      Young AN, Perlas E, Ruiz-Blanes N, Hierholzer A, Pomella N, Martin-Martin B, Liverziani A, Jachowicz JW, Giannakouros T, Cerase A    <\/p>\n    <p class=\"vf-summary__source\">\n    Commun Biol        <span class=\"vf-summary__date\">2021<\/span>\n    <\/p>\n\n    <p class=\"vf-summary__text\">\n    doi:10.1038\/s42003-021-01944-2    <\/p>\n<\/article>\n\n\n\n<h2 class=\"wp-block-heading\">2019<\/h2>\n\n\n\n<article class=\"vf-summary vf-summary--publication\">\n    <h3 class=\"vf-summary__title\">\n        <a href=\"#\" class=\"vf-summary__link\">\n        Nerve growth factor-mediated photoablation of nociceptors reduces pain behavior in mice        <\/a>\n    <\/h3>\n    <p class=\"vf-summary__author\">\n      Nocchi L, Portulano C, Franciosa F, Doleschall B, Panea M, Roy N, Maffei M, Gargano A, Perlas E, Heppenstall PA    <\/p>\n    <p class=\"vf-summary__source\">\n    Pain        <span class=\"vf-summary__date\">2019<\/span>\n    <\/p>\n\n    <p class=\"vf-summary__text\">\n    doi:10.1097\/j.pain.0000000000001620    <\/p>\n<\/article>\n\n\n\n<article class=\"vf-summary vf-summary--publication\">\n    <h3 class=\"vf-summary__title\">\n        <a href=\"#\" class=\"vf-summary__link\">\n        Nerve growth factor-mediated  Interleukin-31-mediated photoablation of pruritogenic epidermal neurons reduces itch-associated behaviours in mice of nociceptors reduces pain behavior in mice        <\/a>\n    <\/h3>\n    <p class=\"vf-summary__author\">\n      Nocchi L, Roy N, D&#8217;Attilia M, Dhandapani R, Maffei M, Traista A, Castaldi L, Perlas E, Chadick CH, Heppenstall PA    <\/p>\n    <p class=\"vf-summary__source\">\n    Nat Biomed Eng        <span class=\"vf-summary__date\">2019<\/span>\n    <\/p>\n\n    <p class=\"vf-summary__text\">\n    doi:10.1038\/s41551-018-0328-5    <\/p>\n<\/article>\n\n<\/div>\n<\/div>\n\n\n<div class=\"\"><!--[vf\/content]-->\n<div class=\"vf-content\">\n\n<\/div>\n<\/div>\n<\/div>\n","protected":false},"excerpt":{"rendered":"","protected":false},"author":2,"featured_media":0,"parent":0,"menu_order":0,"comment_status":"closed","ping_status":"closed","template":"template-title-left-aligned.php","meta":{"_acf_changed":false,"footnotes":""},"embl_taxonomy":[],"class_list":["post-37","page","type-page","status-publish","hentry"],"acf":[],"embl_taxonomy_terms":[],"_links":{"self":[{"href":"https:\/\/www.embl.org\/groups\/light-imaging-facility\/wp-json\/wp\/v2\/pages\/37","targetHints":{"allow":["GET"]}}],"collection":[{"href":"https:\/\/www.embl.org\/groups\/light-imaging-facility\/wp-json\/wp\/v2\/pages"}],"about":[{"href":"https:\/\/www.embl.org\/groups\/light-imaging-facility\/wp-json\/wp\/v2\/types\/page"}],"author":[{"embeddable":true,"href":"https:\/\/www.embl.org\/groups\/light-imaging-facility\/wp-json\/wp\/v2\/users\/2"}],"replies":[{"embeddable":true,"href":"https:\/\/www.embl.org\/groups\/light-imaging-facility\/wp-json\/wp\/v2\/comments?post=37"}],"version-history":[{"count":12,"href":"https:\/\/www.embl.org\/groups\/light-imaging-facility\/wp-json\/wp\/v2\/pages\/37\/revisions"}],"predecessor-version":[{"id":3459,"href":"https:\/\/www.embl.org\/groups\/light-imaging-facility\/wp-json\/wp\/v2\/pages\/37\/revisions\/3459"}],"wp:attachment":[{"href":"https:\/\/www.embl.org\/groups\/light-imaging-facility\/wp-json\/wp\/v2\/media?parent=37"}],"wp:term":[{"taxonomy":"embl_taxonomy","embeddable":true,"href":"https:\/\/www.embl.org\/groups\/light-imaging-facility\/wp-json\/wp\/v2\/embl_taxonomy?post=37"}],"curies":[{"name":"wp","href":"https:\/\/api.w.org\/{rel}","templated":true}]}}