{"id":14,"date":"2020-06-22T11:28:54","date_gmt":"2020-06-22T11:28:54","guid":{"rendered":"https:\/\/www.embl.org\/groups\/karsenti\/home\/"},"modified":"2022-04-04T09:34:35","modified_gmt":"2022-04-04T09:34:35","slug":"home","status":"publish","type":"page","link":"https:\/\/www.embl.org\/groups\/karsenti\/","title":{"rendered":"Home"},"content":{"rendered":"<div class=\"vf-grid vf-grid__col-3 | vf-u-margin__bottom--800\">\n      <div class=\"vf-grid__col--span-2\">\n          <\/div>\n      <div >\n\n<!-- <style>\n  .vf-content-hub-html {\n    --vf-stack-margin--custom: unset !important;\n  }\n<\/style> -->\n\n    \n  <\/div>\n<\/div>\n\n\n\n<div class=\"vf-grid | vf-grid__col-3\"><div class=\"vf-grid__col--span-2\"><!--[vf\/content]-->\n<div class=\"vf-content\">\n\n<h3 class=\"wp-block-heading\">Previous research<\/h3>\n\n\n\n<p>Assembly of the mitotic spindle in large eukaryotic cells is driven by a signaling pathway that generates a gradient of microtubule nucleation and stabilization activity around chromosomes. My group has been studying the biochemical composition of this signaling pathway as well as the physico-chemical processes associated with it, leading to the self-organisation of microtubules into a bipolar spindle.<\/p>\n\n\n\n<p>More generally, this raised important questions about self-organisation events in biology: how ensemble of molecules, cells, or \u201cagents\u201d, organize themselves into functional wholes? We began to address such questions in the case of the mitotic spindle with the physicist&nbsp;Fran\u00e7ois N\u00e9d\u00e9lec and this led to the development of similar approaches in the CBB&nbsp;and DB units.<\/p>\n\n\n\n<h3 class=\"wp-block-heading\">Future projects and goals<\/h3>\n\n\n\n<p>Over the past 12&nbsp;years, I have been working on the organisation of an expedition about life in the oceans and the analysis of the data collected. A collaboration with the TARA Expeditions group in Paris has allowed&nbsp;the organisation of an oceanographic expedition to explore microscopic marine ecosystems world wide (Figure 2). The TARA OCEANS expedition&nbsp;left Lorient on 5 September 2009 and brought back a huge number of samples and data that led to a transformation of the way&nbsp;the evolution and ecology or microscopic marine&nbsp;organisms are studied.<\/p>\n\n\n\n<p>The mission of the expedition (Change to: WAS) to bring back quantitative and qualitative data on the composition of these ecosystems as a function of geographic position and environmental conditions. The goal of this collection of samples and data&nbsp;was&nbsp;3 fold:<\/p>\n\n\n\n<ol class=\"wp-block-list\"><li>to feed morpho-genomic analyses of marine ecosystems in order to better understand the nature of the organisms and genes expressed in a given oceanic environment,<\/li><li>to better understand the evolution of marine organisms and<\/li><li>to feed models of the co-evolution of these ecosystems with the hydro-climate.<\/li><\/ol>\n\n\n\n<p><a href=\"http:\/\/oceans.taraexpeditions.org\/\" target=\"_blank\" rel=\"noreferrer noopener\">TARA Oceans Expedition website<\/a><\/p>\n\n\n\n<p>In addition to coordinating the expedition, I have interacted with Jan Ellenberg (<a href=\"https:\/\/www.embl.org\/groups\/ellenberg\/\">Ellenberg Group<\/a>) at EMBL to develop high throughput imaging of protists and small metazoans, with Detlev Arendt (<a href=\"https:\/\/www.embl.org\/groups\/arendt\/\">Arendt Group<\/a>) on the biogeography and evolution of marine annelids and with Peer Bork (<a href=\"https:\/\/www.embl.org\/groups\/bork\/\">Bork Group<\/a>) for genome analyses.<\/p>\n\n\n\n<p>The&nbsp;Tara Oceans expedition and scientific project has served as a seed for several marine expeditions on&nbsp;the schooner Tara to&nbsp;survey microplastic distribution in The&nbsp;Mediterranean see and around Europe, Coral Reef&nbsp;ecosystems throughout&nbsp;the west pacific and presently&nbsp;the microbiome along the coasts of Chile, Brazil, Argentina and west Africa.<\/p>\n\n\n\n<p>Another spin off of Tara oceans will be the future TREC project which will sample organisms and examine pollution at the interface between land and the seas around European coasts.<\/p>\n\n\n\n<figure class=\"vf-figure wp-block-image size-large\"><a href=\"https:\/\/www.embl.org\/groups\/karsenti\/wp-content\/uploads\/2021\/03\/karsenti_2l.jpg\"><img loading=\"lazy\" decoding=\"async\" width=\"1024\" height=\"505\" class=\"vf-figure__image\" src=\"https:\/\/www.embl.org\/groups\/karsenti\/wp-content\/uploads\/2021\/03\/karsenti_2l-1024x505.jpg\" alt=\"\" class=\"wp-image-98\" srcset=\"https:\/\/www.embl.org\/groups\/karsenti\/wp-content\/uploads\/2021\/03\/karsenti_2l-1024x505.jpg 1024w, https:\/\/www.embl.org\/groups\/karsenti\/wp-content\/uploads\/2021\/03\/karsenti_2l-300x148.jpg 300w, https:\/\/www.embl.org\/groups\/karsenti\/wp-content\/uploads\/2021\/03\/karsenti_2l-768x379.jpg 768w, https:\/\/www.embl.org\/groups\/karsenti\/wp-content\/uploads\/2021\/03\/karsenti_2l.jpg 1099w\" sizes=\"auto, (max-width: 1024px) 100vw, 1024px\" \/><\/a><figcaption class=\"vf-figure__caption\">Figure 2:<em>&nbsp;The TARA OCEANS expedition&nbsp;<\/em><\/figcaption><\/figure>\n\n<\/div>\n<\/div>\n\n\n<div><!--[vf\/content]-->\n<div class=\"vf-content\">\n\n<figure class=\"vf-figure wp-block-image size-large\"><a href=\"https:\/\/www.embl.org\/groups\/karsenti\/wp-content\/uploads\/2021\/03\/karsenti_1l.jpg\"><img loading=\"lazy\" decoding=\"async\" width=\"450\" height=\"450\" class=\"vf-figure__image\" src=\"https:\/\/www.embl.org\/groups\/karsenti\/wp-content\/uploads\/2021\/03\/karsenti_1l.jpg\" alt=\"scientific image\" class=\"wp-image-96\" srcset=\"https:\/\/www.embl.org\/groups\/karsenti\/wp-content\/uploads\/2021\/03\/karsenti_1l.jpg 450w, https:\/\/www.embl.org\/groups\/karsenti\/wp-content\/uploads\/2021\/03\/karsenti_1l-300x300.jpg 300w, https:\/\/www.embl.org\/groups\/karsenti\/wp-content\/uploads\/2021\/03\/karsenti_1l-150x150.jpg 150w\" sizes=\"auto, (max-width: 450px) 100vw, 450px\" \/><\/a><\/figure>\n\n\n\n<figure class=\"vf-figure wp-block-image size-large\"><a href=\"https:\/\/www.embl.org\/groups\/karsenti\/wp-content\/uploads\/2021\/03\/karsenti_3l.jpg\"><img loading=\"lazy\" decoding=\"async\" width=\"523\" height=\"442\" class=\"vf-figure__image\" src=\"https:\/\/www.embl.org\/groups\/karsenti\/wp-content\/uploads\/2021\/03\/karsenti_3l.jpg\" alt=\"\" class=\"wp-image-97\" srcset=\"https:\/\/www.embl.org\/groups\/karsenti\/wp-content\/uploads\/2021\/03\/karsenti_3l.jpg 523w, https:\/\/www.embl.org\/groups\/karsenti\/wp-content\/uploads\/2021\/03\/karsenti_3l-300x254.jpg 300w\" sizes=\"auto, (max-width: 523px) 100vw, 523px\" \/><\/a><figcaption class=\"vf-figure__caption\">Figure 1:&nbsp;Artificial spindle assembled in a frog egg extract (above) and the Ran pathway involved in spindle assembly (below)<\/figcaption><\/figure>\n\n<\/div>\n<\/div>\n<\/div>\n","protected":false},"excerpt":{"rendered":"","protected":false},"author":1,"featured_media":0,"parent":0,"menu_order":0,"comment_status":"closed","ping_status":"closed","template":"","meta":{"_acf_changed":false,"footnotes":""},"embl_taxonomy":[],"class_list":["post-14","page","type-page","status-publish","hentry"],"acf":[],"embl_taxonomy_terms":[],"_links":{"self":[{"href":"https:\/\/www.embl.org\/groups\/karsenti\/wp-json\/wp\/v2\/pages\/14","targetHints":{"allow":["GET"]}}],"collection":[{"href":"https:\/\/www.embl.org\/groups\/karsenti\/wp-json\/wp\/v2\/pages"}],"about":[{"href":"https:\/\/www.embl.org\/groups\/karsenti\/wp-json\/wp\/v2\/types\/page"}],"author":[{"embeddable":true,"href":"https:\/\/www.embl.org\/groups\/karsenti\/wp-json\/wp\/v2\/users\/1"}],"replies":[{"embeddable":true,"href":"https:\/\/www.embl.org\/groups\/karsenti\/wp-json\/wp\/v2\/comments?post=14"}],"version-history":[{"count":13,"href":"https:\/\/www.embl.org\/groups\/karsenti\/wp-json\/wp\/v2\/pages\/14\/revisions"}],"predecessor-version":[{"id":200,"href":"https:\/\/www.embl.org\/groups\/karsenti\/wp-json\/wp\/v2\/pages\/14\/revisions\/200"}],"wp:attachment":[{"href":"https:\/\/www.embl.org\/groups\/karsenti\/wp-json\/wp\/v2\/media?parent=14"}],"wp:term":[{"taxonomy":"embl_taxonomy","embeddable":true,"href":"https:\/\/www.embl.org\/groups\/karsenti\/wp-json\/wp\/v2\/embl_taxonomy?post=14"}],"curies":[{"name":"wp","href":"https:\/\/api.w.org\/{rel}","templated":true}]}}