{"id":24,"date":"2019-07-26T13:50:51","date_gmt":"2019-07-26T13:50:51","guid":{"rendered":"https:\/\/www.embl.org\/groups\/gross\/members\/"},"modified":"2020-05-28T09:39:48","modified_gmt":"2020-05-28T09:39:48","slug":"members","status":"publish","type":"page","link":"https:\/\/www.embl.org\/groups\/gross\/members\/","title":{"rendered":"Members"},"content":{"rendered":"<div class=\"vf-content-hub-html vf-grid vf-grid__col-2 | vf-u-margin__bottom--800\" data-cache=\"4e239541\">\n      <!-- Generated by: http:\/\/content.embl.org\/api\/v1\/pattern.html?filter-content-type=person&amp;filter-field-contains%5Bfield_person_positions.entity.field_position_team.entity.title%5D=Gross%20Group&amp;filter-field-value-not%5Bfield_person_positions.entity.field_position_membership%5D=leader&amp;filter-fields-empty=field_person_visible_internally&amp;filter-ref-entity%5Bfield_person_positions%5D%5Btitle%5D=&amp;filter-ref-entity%5Bfield_person_positions%5D%5Bfield_position_primary%5D=1&amp;hide%5Bteam%2C%5D=1&amp;limit=50&amp;pattern=vf-profile-inline&amp;sort-field-value%5Bfield_person_full_name%5D=ASC -->\n                \n                      <article class=\"vf-profile vf-profile--very-easy vf-profile--medium vf-profile--inline\" data-embl-js-conditional-edit=\"1582345\">\n              <img decoding=\"async\" class=\"vf-profile__image\" src=\"https:\/\/assets.emblstatic.net\/vf\/v2.4.14\/assets\/vf-summary\/assets\/vf-icon--avatar.svg\" alt=\"image of Akira Kawano\" \/>\n      \n              <h3 class=\"vf-profile__title\">\n                      <a href=\"https:\/\/www.embl.org\/people\/person\/akira-kawano\" class=\"vf-profile__link\">Akira Kawano<\/a>\n                  <\/h3>\n      \n              <p class=\"vf-profile__job-title\">\n          Postdoctoral Fellow\n        <\/p>\n      \n      \n      \n      \n      \n      \n            <a class=\"vf-text vf-text--body-r vf-link embl-conditional-edit\" rel=\"noopener noreferrer nofollow\" href=\"\/node\/1582345\/1582345\" target=\"_blank\">\n        Edit\n      <\/a>\n    <\/article>\n                \n                            <article class=\"vf-profile vf-profile--very-easy vf-profile--medium vf-profile--inline\" data-embl-js-conditional-edit=\"649489\">\n              <img decoding=\"async\" class=\"vf-profile__image\" src=\"https:\/\/content.embl.org\/\/sites\/default\/files\/styles\/medium\/public\/persons\/CP-60100394.jpg?itok=JGWBuC6a\" alt=\"image of Gorkem Tokur\" \/>\n      \n              <h3 class=\"vf-profile__title\">\n                      <a href=\"https:\/\/www.embl.org\/people\/person\/goerkem-tokur\" class=\"vf-profile__link\">Gorkem Tokur<\/a>\n                  <\/h3>\n      \n              <p class=\"vf-profile__job-title\">\n          Predoctoral Fellow\n        <\/p>\n      \n      \n      \n              \n                  <p class=\"vf-profile__email | vf-u-last-item\">\n            goerkem.tokur [at] embl.it\n          <\/p>\n              \n      \n      \n              <p class=\"vf-profile__uuid\">\n          <span>ORCID:<\/span>\n          <a class=\"vf-profile__link vf-profile__link--secondary\" href=\"https:\/\/europepmc.org\/authors\/0009-0009-3478-8258\">\n            0009-0009-3478-8258\n          <\/a>\n        <\/p>\n            <a class=\"vf-text vf-text--body-r vf-link embl-conditional-edit\" rel=\"noopener noreferrer nofollow\" href=\"\/node\/649489\/649489\" target=\"_blank\">\n        Edit\n      <\/a>\n    <\/article>\n                \n                      <article class=\"vf-profile vf-profile--very-easy vf-profile--medium vf-profile--inline\" data-embl-js-conditional-edit=\"149260\">\n              <img decoding=\"async\" class=\"vf-profile__image\" src=\"https:\/\/assets.emblstatic.net\/vf\/v2.4.14\/assets\/vf-summary\/assets\/vf-icon--avatar.svg\" alt=\"image of Celeste Turchetta\" \/>\n      \n              <h3 class=\"vf-profile__title\">\n                      <a href=\"https:\/\/www.embl.org\/people\/person\/celeste-turchetta\" class=\"vf-profile__link\">Celeste Turchetta<\/a>\n                  <\/h3>\n      \n              <p class=\"vf-profile__job-title\">\n          Postdoctoral Fellow (Bridging)\n        <\/p>\n      \n      \n      \n      \n      \n      \n              <p class=\"vf-profile__uuid\">\n          <span>ORCID:<\/span>\n          <a class=\"vf-profile__link vf-profile__link--secondary\" href=\"https:\/\/europepmc.org\/authors\/0000-0003-3336-3206\">\n            0000-0003-3336-3206\n          <\/a>\n        <\/p>\n            <a class=\"vf-text vf-text--body-r vf-link embl-conditional-edit\" rel=\"noopener noreferrer nofollow\" href=\"\/node\/149260\/149260\" target=\"_blank\">\n        Edit\n      <\/a>\n    <\/article>\n                \n                      <article class=\"vf-profile vf-profile--very-easy vf-profile--medium vf-profile--inline\" data-embl-js-conditional-edit=\"1441255\">\n              <img decoding=\"async\" class=\"vf-profile__image\" src=\"https:\/\/assets.emblstatic.net\/vf\/v2.4.14\/assets\/vf-summary\/assets\/vf-icon--avatar.svg\" alt=\"image of Evelyne Tassone\" \/>\n      \n              <h3 class=\"vf-profile__title\">\n                      <a href=\"https:\/\/www.embl.org\/people\/person\/evelyne-tassone\" class=\"vf-profile__link\">Evelyne Tassone<\/a>\n                  <\/h3>\n      \n              <p class=\"vf-profile__job-title\">\n          Postdoctoral Fellow (ARISE2)\n        <\/p>\n      \n      \n      \n      \n      \n      \n              <p class=\"vf-profile__uuid\">\n          <span>ORCID:<\/span>\n          <a class=\"vf-profile__link vf-profile__link--secondary\" href=\"https:\/\/europepmc.org\/authors\/0000-0003-0631-007X\">\n            0000-0003-0631-007X\n          <\/a>\n        <\/p>\n            <a class=\"vf-text vf-text--body-r vf-link embl-conditional-edit\" rel=\"noopener noreferrer nofollow\" href=\"\/node\/1441255\/1441255\" target=\"_blank\">\n        Edit\n      <\/a>\n    <\/article>\n                \n                      <article class=\"vf-profile vf-profile--very-easy vf-profile--medium vf-profile--inline\" data-embl-js-conditional-edit=\"1446467\">\n              <img decoding=\"async\" class=\"vf-profile__image\" src=\"https:\/\/assets.emblstatic.net\/vf\/v2.4.14\/assets\/vf-summary\/assets\/vf-icon--avatar.svg\" alt=\"image of Fl\u00e0via Ferr\u00fas Marim\u00f3n\" \/>\n      \n              <h3 class=\"vf-profile__title\">\n                      <a href=\"https:\/\/www.embl.org\/people\/person\/flavia-ferrus-marimon\" class=\"vf-profile__link\">Fl\u00e0via Ferr\u00fas Marim\u00f3n<\/a>\n                  <\/h3>\n      \n              <p class=\"vf-profile__job-title\">\n          Visitor\n        <\/p>\n      \n      \n      \n      \n      \n      \n            <a class=\"vf-text vf-text--body-r vf-link embl-conditional-edit\" rel=\"noopener noreferrer nofollow\" href=\"\/node\/1446467\/1446467\" target=\"_blank\">\n        Edit\n      <\/a>\n    <\/article>\n                \n                            <article class=\"vf-profile vf-profile--very-easy vf-profile--medium vf-profile--inline\" data-embl-js-conditional-edit=\"1358733\">\n              <img decoding=\"async\" class=\"vf-profile__image\" src=\"https:\/\/content.embl.org\/\/sites\/default\/files\/styles\/medium\/public\/persons\/CP-60100917.jpg?itok=1LU5zdCO\" alt=\"image of Jessica Capece Marsico\" \/>\n      \n              <h3 class=\"vf-profile__title\">\n                      <a href=\"https:\/\/www.embl.org\/people\/person\/jessica-capece-marsico\" class=\"vf-profile__link\">Jessica Capece Marsico<\/a>\n                  <\/h3>\n      \n              <p class=\"vf-profile__job-title\">\n          Postdoctoral Fellow\n        <\/p>\n      \n      \n      \n              \n                  <p class=\"vf-profile__email | vf-u-last-item\">\n            jessica.capecemarsico [at] embl.it\n          <\/p>\n              \n      \n      \n              <p class=\"vf-profile__uuid\">\n          <span>ORCID:<\/span>\n          <a class=\"vf-profile__link vf-profile__link--secondary\" href=\"https:\/\/europepmc.org\/authors\/0009-0003-9134-4887\">\n            0009-0003-9134-4887\n          <\/a>\n        <\/p>\n            <a class=\"vf-text vf-text--body-r vf-link embl-conditional-edit\" rel=\"noopener noreferrer nofollow\" href=\"\/node\/1358733\/1358733\" target=\"_blank\">\n        Edit\n      <\/a>\n    <\/article>\n                \n                      <article class=\"vf-profile vf-profile--very-easy vf-profile--medium vf-profile--inline\" data-embl-js-conditional-edit=\"78156\">\n              <img decoding=\"async\" class=\"vf-profile__image\" src=\"https:\/\/assets.emblstatic.net\/vf\/v2.4.14\/assets\/vf-summary\/assets\/vf-icon--avatar.svg\" alt=\"image of Leiron Ferrarese\" \/>\n      \n              <h3 class=\"vf-profile__title\">\n                      <a href=\"https:\/\/www.embl.org\/people\/person\/leiron-ferrarese\" class=\"vf-profile__link\">Leiron Ferrarese<\/a>\n                  <\/h3>\n      \n              <p class=\"vf-profile__job-title\">\n          Research Technician\n        <\/p>\n      \n      \n      \n      \n      \n      \n              <p class=\"vf-profile__uuid\">\n          <span>ORCID:<\/span>\n          <a class=\"vf-profile__link vf-profile__link--secondary\" href=\"https:\/\/europepmc.org\/authors\/0000-0001-9098-5357\">\n            0000-0001-9098-5357\n          <\/a>\n        <\/p>\n            <a class=\"vf-text vf-text--body-r vf-link embl-conditional-edit\" rel=\"noopener noreferrer nofollow\" href=\"\/node\/78156\/78156\" target=\"_blank\">\n        Edit\n      <\/a>\n    <\/article>\n                \n                      <article class=\"vf-profile vf-profile--very-easy vf-profile--medium vf-profile--inline\" data-embl-js-conditional-edit=\"886657\">\n              <img decoding=\"async\" class=\"vf-profile__image\" src=\"https:\/\/assets.emblstatic.net\/vf\/v2.4.14\/assets\/vf-summary\/assets\/vf-icon--avatar.svg\" alt=\"image of Leonardo Girelli\" \/>\n      \n              <h3 class=\"vf-profile__title\">\n                      <a href=\"https:\/\/www.embl.org\/people\/person\/leonardo-girelli\" class=\"vf-profile__link\">Leonardo Girelli<\/a>\n                  <\/h3>\n      \n              <p class=\"vf-profile__job-title\">\n          Visitor\n        <\/p>\n      \n      \n      \n      \n      \n      \n            <a class=\"vf-text vf-text--body-r vf-link embl-conditional-edit\" rel=\"noopener noreferrer nofollow\" href=\"\/node\/886657\/886657\" target=\"_blank\">\n        Edit\n      <\/a>\n    <\/article>\n                \n                      <article class=\"vf-profile vf-profile--very-easy vf-profile--medium vf-profile--inline\" data-embl-js-conditional-edit=\"796093\">\n              <img decoding=\"async\" class=\"vf-profile__image\" src=\"https:\/\/assets.emblstatic.net\/vf\/v2.4.14\/assets\/vf-summary\/assets\/vf-icon--avatar.svg\" alt=\"image of Marise Nassar\" \/>\n      \n              <h3 class=\"vf-profile__title\">\n                      <a href=\"https:\/\/www.embl.org\/people\/person\/marise-nassar\" class=\"vf-profile__link\">Marise Nassar<\/a>\n                  <\/h3>\n      \n              <p class=\"vf-profile__job-title\">\n          Visitor\n        <\/p>\n      \n      \n      \n      \n      \n      \n            <a class=\"vf-text vf-text--body-r vf-link embl-conditional-edit\" rel=\"noopener noreferrer nofollow\" href=\"\/node\/796093\/796093\" target=\"_blank\">\n        Edit\n      <\/a>\n    <\/article>\n                \n                            <article class=\"vf-profile vf-profile--very-easy vf-profile--medium vf-profile--inline\" data-embl-js-conditional-edit=\"182517\">\n              <img decoding=\"async\" class=\"vf-profile__image\" src=\"https:\/\/content.embl.org\/\/sites\/default\/files\/styles\/medium\/public\/persons\/CP-60042472.jpg?itok=Q2WprzZK\" alt=\"image of Michela Caliari\" \/>\n      \n              <h3 class=\"vf-profile__title\">\n                      <a href=\"https:\/\/www.embl.org\/people\/person\/michela-caliari\" class=\"vf-profile__link\">Michela Caliari<\/a>\n                  <\/h3>\n      \n              <p class=\"vf-profile__job-title\">\n          Predoctoral Fellow\n        <\/p>\n      \n      \n      \n              \n                  <p class=\"vf-profile__email | vf-u-last-item\">\n            michela.caliari [at] embl.it\n          <\/p>\n              \n      \n      \n              <p class=\"vf-profile__uuid\">\n          <span>ORCID:<\/span>\n          <a class=\"vf-profile__link vf-profile__link--secondary\" href=\"https:\/\/europepmc.org\/authors\/0009-0009-2590-0551\">\n            0009-0009-2590-0551\n          <\/a>\n        <\/p>\n            <a class=\"vf-text vf-text--body-r vf-link embl-conditional-edit\" rel=\"noopener noreferrer nofollow\" href=\"\/node\/182517\/182517\" target=\"_blank\">\n        Edit\n      <\/a>\n    <\/article>\n                \n                      <article class=\"vf-profile vf-profile--very-easy vf-profile--medium vf-profile--inline\" data-embl-js-conditional-edit=\"1462035\">\n              <img decoding=\"async\" class=\"vf-profile__image\" src=\"https:\/\/assets.emblstatic.net\/vf\/v2.4.14\/assets\/vf-summary\/assets\/vf-icon--avatar.svg\" alt=\"image of Rajdeep Chakraborty\" \/>\n      \n              <h3 class=\"vf-profile__title\">\n                      <a href=\"https:\/\/www.embl.org\/people\/person\/rajdeep-chakraborty\" class=\"vf-profile__link\">Rajdeep Chakraborty<\/a>\n                  <\/h3>\n      \n              <p class=\"vf-profile__job-title\">\n          Scientific Trainee\n        <\/p>\n      \n      \n      \n      \n      \n      \n            <a class=\"vf-text vf-text--body-r vf-link embl-conditional-edit\" rel=\"noopener noreferrer nofollow\" href=\"\/node\/1462035\/1462035\" target=\"_blank\">\n        Edit\n      <\/a>\n    <\/article>\n                \n                            <article class=\"vf-profile vf-profile--very-easy vf-profile--medium vf-profile--inline\" data-embl-js-conditional-edit=\"649475\">\n              <img decoding=\"async\" class=\"vf-profile__image\" src=\"https:\/\/content.embl.org\/\/sites\/default\/files\/styles\/medium\/public\/persons\/CP-60100334.jpg?itok=waftDwmk\" alt=\"image of Rory Bufacchi\" \/>\n      \n              <h3 class=\"vf-profile__title\">\n                      <a href=\"https:\/\/www.embl.org\/people\/person\/rory-bufacchi\" class=\"vf-profile__link\">Rory Bufacchi<\/a>\n                  <\/h3>\n      \n              <p class=\"vf-profile__job-title\">\n          Senior Research Scientist\n        <\/p>\n      \n      \n      \n      \n      \n      \n              <p class=\"vf-profile__uuid\">\n          <span>ORCID:<\/span>\n          <a class=\"vf-profile__link vf-profile__link--secondary\" href=\"https:\/\/europepmc.org\/authors\/0000-0001-6976-5368\">\n            0000-0001-6976-5368\n          <\/a>\n        <\/p>\n            <a class=\"vf-text vf-text--body-r vf-link embl-conditional-edit\" rel=\"noopener noreferrer nofollow\" href=\"\/node\/649475\/649475\" target=\"_blank\">\n        Edit\n      <\/a>\n    <\/article>\n                \n                            <article class=\"vf-profile vf-profile--very-easy vf-profile--medium vf-profile--inline\" data-embl-js-conditional-edit=\"177875\">\n              <img decoding=\"async\" class=\"vf-profile__image\" src=\"https:\/\/content.embl.org\/\/sites\/default\/files\/styles\/medium\/public\/persons\/CP-60041427.jpg?itok=TRcG0B_A\" alt=\"image of Sofia Torchia\" \/>\n      \n              <h3 class=\"vf-profile__title\">\n                      <a href=\"https:\/\/www.embl.org\/people\/person\/sofia-torchia\" class=\"vf-profile__link\">Sofia Torchia<\/a>\n                  <\/h3>\n      \n              <p class=\"vf-profile__job-title\">\n          Research Technician\n        <\/p>\n      \n      \n      \n              \n                  <p class=\"vf-profile__email | vf-u-last-item\">\n            sofia.torchia [at] embl.it\n          <\/p>\n              \n      \n      \n              <p class=\"vf-profile__uuid\">\n          <span>ORCID:<\/span>\n          <a class=\"vf-profile__link vf-profile__link--secondary\" href=\"https:\/\/europepmc.org\/authors\/0009-0005-8861-5206\">\n            0009-0005-8861-5206\n          <\/a>\n        <\/p>\n            <a class=\"vf-text vf-text--body-r vf-link embl-conditional-edit\" rel=\"noopener noreferrer nofollow\" href=\"\/node\/177875\/177875\" target=\"_blank\">\n        Edit\n      <\/a>\n    <\/article>\n                \n                            <article class=\"vf-profile vf-profile--very-easy vf-profile--medium vf-profile--inline\" data-embl-js-conditional-edit=\"183159\">\n              <img decoding=\"async\" class=\"vf-profile__image\" src=\"https:\/\/content.embl.org\/\/sites\/default\/files\/styles\/medium\/public\/persons\/CP-60042655.jpg?itok=ORbyk49N\" alt=\"image of Valeria Mussetto\" \/>\n      \n              <h3 class=\"vf-profile__title\">\n                      <a href=\"https:\/\/www.embl.org\/people\/person\/valeria-mussetto\" class=\"vf-profile__link\">Valeria Mussetto<\/a>\n                  <\/h3>\n      \n              <p class=\"vf-profile__job-title\">\n          Postdoctoral Fellow MC\n        <\/p>\n      \n      \n      \n              \n                  <p class=\"vf-profile__email | vf-u-last-item\">\n            valeria.mussetto [at] embl.it\n          <\/p>\n              \n      \n      \n              <p class=\"vf-profile__uuid\">\n          <span>ORCID:<\/span>\n          <a class=\"vf-profile__link vf-profile__link--secondary\" href=\"https:\/\/europepmc.org\/authors\/0000-0003-4272-1474\">\n            0000-0003-4272-1474\n          <\/a>\n        <\/p>\n            <a class=\"vf-text vf-text--body-r vf-link embl-conditional-edit\" rel=\"noopener noreferrer nofollow\" href=\"\/node\/183159\/183159\" target=\"_blank\">\n        Edit\n      <\/a>\n    <\/article>\n                \n                      <article class=\"vf-profile vf-profile--very-easy vf-profile--medium vf-profile--inline\" data-embl-js-conditional-edit=\"806455\">\n              <img decoding=\"async\" class=\"vf-profile__image\" src=\"https:\/\/assets.emblstatic.net\/vf\/v2.4.14\/assets\/vf-summary\/assets\/vf-icon--avatar.svg\" alt=\"image of Valeria Ratiglia\" \/>\n      \n              <h3 class=\"vf-profile__title\">\n                      <a href=\"https:\/\/www.embl.org\/people\/person\/valeria-ratiglia\" class=\"vf-profile__link\">Valeria Ratiglia<\/a>\n                  <\/h3>\n      \n              <p class=\"vf-profile__job-title\">\n          Visitor\n        <\/p>\n      \n      \n      \n      \n      \n      \n            <a class=\"vf-text vf-text--body-r vf-link embl-conditional-edit\" rel=\"noopener noreferrer nofollow\" href=\"\/node\/806455\/806455\" target=\"_blank\">\n        Edit\n      <\/a>\n    <\/article>\n  <\/div>\n","protected":false},"excerpt":{"rendered":"","protected":false},"author":5,"featured_media":0,"parent":0,"menu_order":0,"comment_status":"closed","ping_status":"closed","template":"template-members.php","meta":{"_acf_changed":false,"footnotes":""},"embl_taxonomy":[],"class_list":["post-24","page","type-page","status-publish","hentry"],"acf":[],"embl_taxonomy_terms":[],"_links":{"self":[{"href":"https:\/\/www.embl.org\/groups\/gross\/wp-json\/wp\/v2\/pages\/24","targetHints":{"allow":["GET"]}}],"collection":[{"href":"https:\/\/www.embl.org\/groups\/gross\/wp-json\/wp\/v2\/pages"}],"about":[{"href":"https:\/\/www.embl.org\/groups\/gross\/wp-json\/wp\/v2\/types\/page"}],"author":[{"embeddable":true,"href":"https:\/\/www.embl.org\/groups\/gross\/wp-json\/wp\/v2\/users\/5"}],"replies":[{"embeddable":true,"href":"https:\/\/www.embl.org\/groups\/gross\/wp-json\/wp\/v2\/comments?post=24"}],"version-history":[{"count":2,"href":"https:\/\/www.embl.org\/groups\/gross\/wp-json\/wp\/v2\/pages\/24\/revisions"}],"predecessor-version":[{"id":222,"href":"https:\/\/www.embl.org\/groups\/gross\/wp-json\/wp\/v2\/pages\/24\/revisions\/222"}],"wp:attachment":[{"href":"https:\/\/www.embl.org\/groups\/gross\/wp-json\/wp\/v2\/media?parent=24"}],"wp:term":[{"taxonomy":"embl_taxonomy","embeddable":true,"href":"https:\/\/www.embl.org\/groups\/gross\/wp-json\/wp\/v2\/embl_taxonomy?post=24"}],"curies":[{"name":"wp","href":"https:\/\/api.w.org\/{rel}","templated":true}]}}