{"id":8483,"date":"2023-09-25T12:23:05","date_gmt":"2023-09-25T12:23:05","guid":{"rendered":"https:\/\/www.embl.org\/groups\/boulard\/?page_id=8483"},"modified":"2026-01-07T15:12:27","modified_gmt":"2026-01-07T15:12:27","slug":"former-members","status":"publish","type":"page","link":"https:\/\/www.embl.org\/groups\/boulard\/former-members\/","title":{"rendered":"Former members"},"content":{"rendered":"\n<h2 class=\"wp-block-heading\">Former Postdoctoral Fellows<\/h2>\n\n\n\n<ul class=\"wp-block-list\">\n<li><strong>Francesco Tabaro<\/strong> (2020-2024); next position: Genomics Data Platform Developer at EMBL (Italy)<\/li>\n\n\n\n<li><strong>Rahul Sureka<\/strong> (2019-2023); next position: Research Scientist in Phillips-Cremins Lab, University of Pennsylvania (USA)<\/li>\n\n\n\n<li><strong>Yulia Ermakova<\/strong> (2019-2022); next position: Research associate in Judith Zaugg Lab at the University of Basel (Switzerland)<\/li>\n<\/ul>\n\n\n\n<p><\/p>\n\n\n\n<h2 class=\"wp-block-heading\">Former PhD Students<\/h2>\n\n\n\n<ul class=\"wp-block-list\">\n<li><strong>Sofia Rucli<\/strong> (2018-2024); next position: Postdoctoral Fellow in M\u00e9lanie Hamon Lab at the Institut Pasteur (France)<\/li>\n\n\n\n<li><strong>Sara Formichetti<\/strong> (2018-2024); next position: Postdoctoral Fellow in Thomas Gregor Lab at the Institut Pasteur (France)<\/li>\n\n\n\n<li><strong>Monika Mielnicka<\/strong> (2018-2022); next position: Postdoctoral Fellow in Aleksandra P\u0119kowska Lab at the Nencki Institute of Experimental Biology (Poland)<\/li>\n<\/ul>\n\n\n\n<p><\/p>\n\n\n\n<h2 class=\"wp-block-heading\">Former Undergraduate Students<\/h2>\n\n\n\n<ul class=\"wp-block-list\">\n<li><strong>Valentina Valka<\/strong> (2025); next position: PhD student in Buschbeck lab at Josep Carreras Leukaemia Research Institute (Spain)<\/li>\n\n\n\n<li><strong>Tine Limberg<\/strong> (2025); next position: Master student at the University of Heidelberg (Germany)<\/li>\n\n\n\n<li><strong>Gaia Jark<\/strong> (2024); next position: Master student at the University of Heidelberg (Germany)<\/li>\n\n\n\n<li><strong>S\u00e9v\u00e9rin M\u00e9o<\/strong> (2022-2023); next position: Master Student at Centrale Sup\u00e9lec (France)<\/li>\n\n\n\n<li><strong>Jeanne Couturier<\/strong> (2022); next position: Phd Student in Joanna Jachowicz Lab at IMBA (Austria)<\/li>\n\n\n\n<li><strong>Daria Smolyarova<\/strong> (2021-2022); next position: PhD Student in Knut Drescher Lab at the University of Basel (Switzerland)<\/li>\n\n\n\n<li><strong>Lorenzo Antonelli<\/strong> (2021); next position: Master Student at Sapienza University of Rome (Italy)<\/li>\n\n\n\n<li><strong>Oleksandra Bondarenko<\/strong>\u00a0(2020); next position: Research Technician at the Bernhard Nocht Institute for Tropical Medicine (Germany)<\/li>\n\n\n\n<li><strong>Juan Felipe Castro Cardenas<\/strong> (2020); next position: PhD Student in Bruno Kahn Group at Sorbonne University (France)<\/li>\n\n\n\n<li><strong>Evangelia Triantopoulou<\/strong>\u00a0(2020); next position: PhD Student in J\u00fcrg M\u00fcller Lab at MPI Martinsried (Germany)<\/li>\n\n\n\n<li><strong>Julia Hansen<\/strong> (2019); next position: PhD Student in Ron Jachimowicz Lab at MPI Cologne (Germany)<\/li>\n\n\n\n<li><strong>Paola Gaetani<\/strong> (2019); next position: PhD Student in Raquel Oliveira Lab at the Institute Gulbenkian de Ci\u00eancia (Portugal)<\/li>\n<\/ul>\n","protected":false},"excerpt":{"rendered":"<p>Former Postdoctoral Fellows Former PhD Students Former Undergraduate Students<\/p>\n","protected":false},"author":4,"featured_media":0,"parent":0,"menu_order":0,"comment_status":"closed","ping_status":"closed","template":"","meta":{"_acf_changed":false,"footnotes":""},"embl_taxonomy":[],"class_list":["post-8483","page","type-page","status-publish","hentry"],"acf":[],"embl_taxonomy_terms":[],"_links":{"self":[{"href":"https:\/\/www.embl.org\/groups\/boulard\/wp-json\/wp\/v2\/pages\/8483","targetHints":{"allow":["GET"]}}],"collection":[{"href":"https:\/\/www.embl.org\/groups\/boulard\/wp-json\/wp\/v2\/pages"}],"about":[{"href":"https:\/\/www.embl.org\/groups\/boulard\/wp-json\/wp\/v2\/types\/page"}],"author":[{"embeddable":true,"href":"https:\/\/www.embl.org\/groups\/boulard\/wp-json\/wp\/v2\/users\/4"}],"replies":[{"embeddable":true,"href":"https:\/\/www.embl.org\/groups\/boulard\/wp-json\/wp\/v2\/comments?post=8483"}],"version-history":[{"count":10,"href":"https:\/\/www.embl.org\/groups\/boulard\/wp-json\/wp\/v2\/pages\/8483\/revisions"}],"predecessor-version":[{"id":22063,"href":"https:\/\/www.embl.org\/groups\/boulard\/wp-json\/wp\/v2\/pages\/8483\/revisions\/22063"}],"wp:attachment":[{"href":"https:\/\/www.embl.org\/groups\/boulard\/wp-json\/wp\/v2\/media?parent=8483"}],"wp:term":[{"taxonomy":"embl_taxonomy","embeddable":true,"href":"https:\/\/www.embl.org\/groups\/boulard\/wp-json\/wp\/v2\/embl_taxonomy?post=8483"}],"curies":[{"name":"wp","href":"https:\/\/api.w.org\/{rel}","templated":true}]}}