{"id":114,"date":"2019-07-24T11:53:08","date_gmt":"2019-07-24T11:53:08","guid":{"rendered":"https:\/\/www.embl.org\/groups\/arendt\/?page_id=114"},"modified":"2020-08-01T09:02:33","modified_gmt":"2020-08-01T09:02:33","slug":"collaborations","status":"publish","type":"page","link":"https:\/\/www.embl.org\/groups\/arendt\/collaborations\/","title":{"rendered":"Collaborations"},"content":{"rendered":"\n<p><strong>Analysis of segmentation genes in Platynereis dumerilii<br><\/strong>G. Balavoine, Centre de G\u00e9n\u00e9tique Mol\u00e9culaire, CNRS, Gif-sur-Yvette, France<br>A. Dorresteijn, Justus-Liebig-Universit\u00e4t, Gie\u00dfen, Germany<br><\/p>\n\n\n\n<p><strong>Evolution of photosensitive systems and eyes in Bilateria<br><\/strong>A. Dorresteijn, Justus-Liebig-Universit\u00e4t, Gie\u00dfen, Germany<br>M. Hassel, Phillips-Universit\u00e4t Marburg, Marburg, Germany<br><\/p>\n\n\n\n<p><strong>Hox cluster genes in Nereids<br><\/strong>P. De Jong, Children&#8217;s Hospital, Oakland Research Institute, Oakland, USA<br>T. Andreeva, Biological Research Institute, St. Petersburg, Russia<br>M. Akam, University Museum of Zoology, United Kingdom<br>D. Ferrier, University of Oxford, Oxford, United Kingdom<br><\/p>\n\n\n\n<p><strong>Isolation of Platynereis BACs<br><\/strong>L. Holland, Scripps Institution of Oceanography, UCSD, San Diego, USA<br>P. De Jong, Children&#8217;s Hospital, Oakland Research Institute, Oakland, USA<br><\/p>\n\n\n\n<p><strong>Molecular specification of limb fields in Platynereis<br><\/strong>H.-D. Pfannenstiel, Freie Universit\u00e4t, Berlin, Germany<br>H. Kress, Freie Universit\u00e4t, Berlin, Germany<br><\/p>\n\n\n\n<p><strong>Platynereis Development<br><\/strong>A. Dorresteijn, Justus-Liebig-Universit\u00e4t, Gie\u00dfen, Germany<br><\/p>\n\n\n\n<p><strong>Platynereis lens proteins<br><\/strong>J. Horwitz, David Geffen School of Medicine, UCLA, Los Angeles, USA<br><\/p>\n\n\n\n<p><strong>Random in situ screening in Platynereis<br><\/strong>T. Andreeva, Biological Research Institute, St. Petersburg, Russia<br>N. Rebscher, University of Heidelberg, Heidelberg, Germany<br>S. Schneider, University of Oregon, Eugene, USA<br><\/p>\n\n\n\n<p><strong>The role of FGF signalling in Platynereis<br><\/strong>M. Hassel, Phillipps-Universit\u00e4t Marburg, Marburg, Germany<br><\/p>\n\n\n\n<p><strong>The role of Platynereis vasa in germ cell development<br><\/strong>N. Rebscher, University of Heidelberg, Heidelberg, Germany<\/p>\n","protected":false},"excerpt":{"rendered":"<p>Analysis of segmentation genes in Platynereis dumeriliiG. Balavoine, Centre de G\u00e9n\u00e9tique Mol\u00e9culaire, CNRS, Gif-sur-Yvette, FranceA. Dorresteijn, Justus-Liebig-Universit\u00e4t, Gie\u00dfen, Germany Evolution of photosensitive systems and eyes in BilateriaA. Dorresteijn, Justus-Liebig-Universit\u00e4t,&hellip;<\/p>\n","protected":false},"author":1,"featured_media":0,"parent":0,"menu_order":0,"comment_status":"closed","ping_status":"closed","template":"template-with-sidebar.php","meta":{"_acf_changed":false,"footnotes":""},"embl_taxonomy":[],"class_list":["post-114","page","type-page","status-publish","hentry"],"acf":[],"embl_taxonomy_terms":[],"_links":{"self":[{"href":"https:\/\/www.embl.org\/groups\/arendt\/wp-json\/wp\/v2\/pages\/114","targetHints":{"allow":["GET"]}}],"collection":[{"href":"https:\/\/www.embl.org\/groups\/arendt\/wp-json\/wp\/v2\/pages"}],"about":[{"href":"https:\/\/www.embl.org\/groups\/arendt\/wp-json\/wp\/v2\/types\/page"}],"author":[{"embeddable":true,"href":"https:\/\/www.embl.org\/groups\/arendt\/wp-json\/wp\/v2\/users\/1"}],"replies":[{"embeddable":true,"href":"https:\/\/www.embl.org\/groups\/arendt\/wp-json\/wp\/v2\/comments?post=114"}],"version-history":[{"count":1,"href":"https:\/\/www.embl.org\/groups\/arendt\/wp-json\/wp\/v2\/pages\/114\/revisions"}],"predecessor-version":[{"id":115,"href":"https:\/\/www.embl.org\/groups\/arendt\/wp-json\/wp\/v2\/pages\/114\/revisions\/115"}],"wp:attachment":[{"href":"https:\/\/www.embl.org\/groups\/arendt\/wp-json\/wp\/v2\/media?parent=114"}],"wp:term":[{"taxonomy":"embl_taxonomy","embeddable":true,"href":"https:\/\/www.embl.org\/groups\/arendt\/wp-json\/wp\/v2\/embl_taxonomy?post=114"}],"curies":[{"name":"wp","href":"https:\/\/api.w.org\/{rel}","templated":true}]}}