{"id":33559,"date":"2023-04-04T12:36:39","date_gmt":"2023-04-04T12:36:39","guid":{"rendered":"https:\/\/www.embl.org\/editorhub\/?page_id=33559"},"modified":"2025-07-04T13:34:35","modified_gmt":"2025-07-04T13:34:35","slug":"embl-about-world-of-molecular-biology-visit-us-deutsch-faq","status":"publish","type":"page","link":"https:\/\/www.embl.org\/editorhub\/embl-about-world-of-molecular-biology-visit-us-deutsch-faq\/","title":{"rendered":"EMBL | About | World of Molecular Biology | Visit us deutsch | FAQ"},"content":{"rendered":"\n<div class=\"vf-grid | vf-grid__col-3\"><div class=\"vf-grid__col--span-2\"><!--[vf\/content]-->\n<div class=\"vf-content\">\n\n<h2 class=\"wp-block-heading\">FAQs<\/h2>\n\n\n\n<p>F\u00fcr Antworten auf h\u00e4ufig gestellte Fragen (FAQs) zu Ihrem Besuch der Ausstellung &#8220;Welt der Molekularbiologie&#8221; klicken Sie bitte auf die entsprechende Frage unten.<\/p>\n\n\n\n<details  class=\"vf-details\" id=\"\"  >\n<summary class=\"vf-details--summary\">\nWer kann die Ausstellung &quot;Welt der Molekularbiologie&quot; besuchen?<\/summary>\n<div class=\"acf-innerblocks-container\">\n\n<p>Alle B\u00fcrger*innen \u00fcber 14 Jahren sind herzlich eingeladen, \u00fcber unsere Website eine F\u00fchrung zu buchen. Schulbesuche sind nur \u00fcber unsere Webseite f\u00fcr <strong><a href=\"https:\/\/www.embl.org\/editorhub\/embl-about-world-of-molecular-biology-visit-us-deutsch-schule\/\" data-type=\"link\" data-id=\"https:\/\/www.embl.org\/editorhub\/embl-about-world-of-molecular-biology-visit-us-deutsch-schule\/\">Science education<\/a><\/strong> buchbar.<\/p>\n\n<\/div>\n<\/details>\n\n\n\n<details  class=\"vf-details\" id=\"\"  >\n<summary class=\"vf-details--summary\">\nWie viel kosten die Eintrittskarten f\u00fcr die Ausstellung?<\/summary>\n<div class=\"acf-innerblocks-container\">\n\n<p>\u00d6ffentlichkeitsarbeit und Engagement f\u00fcr die Gemeinschaft sind integraler Bestandteil des Auftrags des EMBL. Der Besuch und die F\u00fchrung sind kostenlos. Eine Voranmeldung ist erforderlich, um einen reibungslosen Betrieb zu erm\u00f6glichen.<\/p>\n\n<\/div>\n<\/details>\n\n\n\n<details  class=\"vf-details\" id=\"\"  >\n<summary class=\"vf-details--summary\">\nBen\u00f6tige ich eine Voranmeldung f\u00fcr den Besuch der Ausstellung?<\/summary>\n<div class=\"acf-innerblocks-container\">\n\n<p>Um die Ausstellung &#8220;Welt der Molekularbiologie&#8221; zu besuchen, ist die Reservierung einer gef\u00fchrten Tour erforderlich. Der Eintritt ohne g\u00fcltige Eintrittskarte ist nicht m\u00f6glich. F\u00fcr Schulbesuche folge bitte dem <strong><a href=\"https:\/\/www.embl.org\/editorhub\/embl-about-world-of-molecular-biology-visit-us-deutsch-schule\/\" data-type=\"page\" data-id=\"33555\">Link<\/a><\/strong>.<\/p>\n\n<\/div>\n<\/details>\n\n\n\n<details  class=\"vf-details\" id=\"\"  >\n<summary class=\"vf-details--summary\">\nWas ist im Ausstellungsticket enthalten?<\/summary>\n<div class=\"acf-innerblocks-container\">\n\n<p>Das Gratisticket bietet einen zweist\u00fcndigen Besuch der Ausstellung &#8220;Die Welt der Molekularbiologie&#8221;, der den Eintritt in die Ausstellung, eine F\u00fchrung und die freie Erkundung der Ausstellungsteile umfasst.<\/p>\n\n<\/div>\n<\/details>\n\n\n\n<details  class=\"vf-details\" id=\"\"  >\n<summary class=\"vf-details--summary\">\nWie kann ich meine Tickets stornieren?<\/summary>\n<div class=\"acf-innerblocks-container\">\n\n<p>Du kannst Tickets stornieren, indem du dem Link in der Ticket-Email folgst. Aufgrund der hohen Nachfrage nach den F\u00fchrungen bitten wir darum, Reservierungen mindestens 48 Stunden vor dem Besuch zu stornieren, damit diese an andere Besucher*innen vergeben werden k\u00f6nnen.<\/p>\n\n<\/div>\n<\/details>\n\n\n\n<details  class=\"vf-details\" id=\"\"  >\n<summary class=\"vf-details--summary\">\nIn welcher Sprache werden die F\u00fchrungen durchgef\u00fchrt?<\/summary>\n<div class=\"acf-innerblocks-container\">\n\n<p>Die F\u00fchrungen durch die Ausstellung werden auf Deutsch angeboten. In den kommenden Monaten werden wir auch Englische F\u00fchrungen monatlich anbieten.<\/p>\n\n<\/div>\n<\/details>\n\n\n\n<details  class=\"vf-details\" id=\"\"  >\n<summary class=\"vf-details--summary\">\nWie lange dauert die Ausstellungstour?<\/summary>\n<div class=\"acf-innerblocks-container\">\n\n<p>Die F\u00fchrung dauert etwa 1 Stunde, danach kann man sich weitere 45 Minuten lang frei mit den Ausstellungsst\u00fccken besch\u00e4ftigen.<\/p>\n\n<\/div>\n<\/details>\n\n\n\n<details  class=\"vf-details\" id=\"\"  >\n<summary class=\"vf-details--summary\">\nWie komme ich zu der Ausstellung?<\/summary>\n<div class=\"acf-innerblocks-container\">\n\n<p>Die Ausstellung befindet sich im Imaging Centre auf dem EMBL-Campus in Heidelberg(Meyerhofstrasse 1, 69117 Heidelberg, Germany). <\/p>\n\n\n\n<p>\u00d6ffentliche Nahverkehr: RNV bus 28 (EMBL Stop) [<a href=\"https:\/\/www.rnv-online.de\/media\/rnv-online.de\/Fahrtinfo\/Fahrplaene\/Aushangfahrplaene_2020\/02028P_1_04272_34.pdf\" data-type=\"URL\" data-id=\"https:\/\/staffassociation.embl.org\/wp-content\/uploads\/2022\/06\/Buchseite-2-39A-P-f22-1__In_Arbeit_.pdf\">RNV timetable<\/a>]<\/p>\n\n\n\n<p>Auto: <a href=\"https:\/\/goo.gl\/maps\/xe5RA772FXaTUpEv5\" data-type=\"URL\" data-id=\"https:\/\/goo.gl\/maps\/xe5RA772FXaTUpEv5\">Google Maps<\/a><\/p>\n\n\n\n<p>Parking: Siehe <a href=\"https:\/\/www.embl.org\/documents\/document\/embl-heidelberg-campus-map\/\" data-type=\"URL\" data-id=\"https:\/\/www.embl.org\/internal-information\/documents\/embl-campus-map-heidelberg\/\">link<\/a>.<\/p>\n\n\n\n<p><\/p>\n\n\n\n<p>Bitte setze dich vor dem Besuch mit uns in Verbindung, falls du besondere Hilfe ben\u00f6tigst (<a href=\"mailto:exhibition@emb.org\">exhibition@emb.org<\/a>).<\/p>\n\n<\/div>\n<\/details>\n\n\n\n<details  class=\"vf-details\" id=\"\"  >\n<summary class=\"vf-details--summary\">\nKann ich vor Ort Speisen und Getr\u00e4nke kaufen? <\/summary>\n<div class=\"acf-innerblocks-container\">\n\n<p>Auf dem gesamten EMBL-Campus k\u00f6nnen keine Speisen und Getr\u00e4nke erworben werden. Da der Verzehr von Speisen und Getr\u00e4nken in der Ausstellung untersagt ist, bieten wir keine Verpflegung an.<\/p>\n\n<\/div>\n<\/details>\n\n\n\n<details  class=\"vf-details\" id=\"\"  >\n<summary class=\"vf-details--summary\">\nWie sind die Einrichtungen und die Zug\u00e4nglichkeit f\u00fcr den Besuch? <\/summary>\n<div class=\"acf-innerblocks-container\">\n\n<p>Besucher*innen stehen barrierefreie Toiletten direkt neben der Ausstellung zur Verf\u00fcgung. Wir bitten darum, uns vor dem Besuch zu informieren, wenn du w\u00e4hrend des Besuchs besondere Unterst\u00fctzung ben\u00f6tigst, damit wir deinen W\u00fcnschen bestm\u00f6glich entsprechen k\u00f6nnen.<\/p>\n\n<\/div>\n<\/details>\n\n\n\n<details  class=\"vf-details\" id=\"\"  >\n<summary class=\"vf-details--summary\">\nWo finde ich die Bedingungen f\u00fcr den Besuch?<\/summary>\n<div class=\"acf-innerblocks-container\">\n\n<p>Mit dem Besuch akzeptieren Besucher*innen unsere <a href=\"https:\/\/www.embl.org\/ells\/terms-and-conditions\/\" data-type=\"URL\" data-id=\"https:\/\/www.embl.org\/ells\/terms-and-conditions\/\">general terms and conditions<\/a>.<\/p>\n\n<\/div>\n<\/details>\n\n\n\n<details  class=\"vf-details\" id=\"\"  >\n<summary class=\"vf-details--summary\">\nIch m\u00f6chte die Ausstellung &quot;Welt der Molekularbiologie&quot; mit einer Gruppe besuchen. Wie kann ich die Ausstellung buchen?<\/summary>\n<div class=\"acf-innerblocks-container\">\n\n<p>Pro Besuch k\u00f6nnen wir maximal 25 Besucher*innen in der Ausstellung begr\u00fc\u00dfen. F\u00fcr gr\u00f6\u00dfere Gruppen m\u00fcssen wir besondere Vorkehrungen treffen, und bitten darum sich mit uns unter <a href=\"mailto:exhibition@embl.org\" data-type=\"mailto\" data-id=\"mailto:exhibition@embl.org\">exhibition@embl.org<\/a> in Verbindung zu setzen. Informationen zu Schulbesuchen findest du auf unserer Webseite zur <a href=\"https:\/\/www.embl.org\/editorhub\/embl-about-world-of-molecular-biology-visit-us-deutsch-schule\/\" data-type=\"page\" data-id=\"33555\">Science Education<\/a>.<\/p>\n\n<\/div>\n<\/details>\n\n\n\n<details  class=\"vf-details\" id=\"\"  >\n<summary class=\"vf-details--summary\">\nIch bin Lehrkraft, wo kann ich meine Klasse f\u00fcr einen Ausstellungsbesuch anmelden?<\/summary>\n<div class=\"acf-innerblocks-container\">\n\n<p>Schulbesuche in der Ausstellung &#8220;Welt der Molekularbiologie&#8221; k\u00f6nnen f\u00fcr Sch\u00fcler*innen ab 14 Jahren \u00fcber den <a href=\"https:\/\/www.embl.org\/editorhub\/embl-about-world-of-molecular-biology-visit-us-deutsch-schule\/\" data-type=\"page\" data-id=\"33555\">Link<\/a><strong> <\/strong>zu unserer Webseite f\u00fcr Science Education im Voraus gebucht werden. Hier findest du auch weitere Informationen \u00fcber das Schulprogramm und weitere Einzelheiten zum Anmeldeverfahren.<\/p>\n\n<\/div>\n<\/details>\n\n<\/div>\n<\/div>\n\n\n<div><!--[vf\/content]-->\n<div class=\"vf-content\">\n\n<\/div>\n<\/div>\n<\/div>\n","protected":false},"excerpt":{"rendered":"","protected":false},"author":5,"featured_media":0,"parent":0,"menu_order":0,"comment_status":"closed","ping_status":"closed","template":"vf_template_embl-template.php","meta":{"_acf_changed":false,"footnotes":""},"embl_taxonomy":[],"class_list":["post-33559","page","type-page","status-publish","hentry","embl-site-embl"],"acf":[],"embl_taxonomy_terms":[],"_links":{"self":[{"href":"https:\/\/www.embl.org\/editorhub\/wp-json\/wp\/v2\/pages\/33559","targetHints":{"allow":["GET"]}}],"collection":[{"href":"https:\/\/www.embl.org\/editorhub\/wp-json\/wp\/v2\/pages"}],"about":[{"href":"https:\/\/www.embl.org\/editorhub\/wp-json\/wp\/v2\/types\/page"}],"author":[{"embeddable":true,"href":"https:\/\/www.embl.org\/editorhub\/wp-json\/wp\/v2\/users\/5"}],"replies":[{"embeddable":true,"href":"https:\/\/www.embl.org\/editorhub\/wp-json\/wp\/v2\/comments?post=33559"}],"version-history":[{"count":31,"href":"https:\/\/www.embl.org\/editorhub\/wp-json\/wp\/v2\/pages\/33559\/revisions"}],"predecessor-version":[{"id":62833,"href":"https:\/\/www.embl.org\/editorhub\/wp-json\/wp\/v2\/pages\/33559\/revisions\/62833"}],"wp:attachment":[{"href":"https:\/\/www.embl.org\/editorhub\/wp-json\/wp\/v2\/media?parent=33559"}],"wp:term":[{"taxonomy":"embl_taxonomy","embeddable":true,"href":"https:\/\/www.embl.org\/editorhub\/wp-json\/wp\/v2\/embl_taxonomy?post=33559"}],"curies":[{"name":"wp","href":"https:\/\/api.w.org\/{rel}","templated":true}]}}