{"id":835,"date":"2021-06-01T10:22:55","date_gmt":"2021-06-01T10:22:55","guid":{"rendered":"https:\/\/www.embl.org\/about\/info\/support\/?page_id=835"},"modified":"2025-12-19T11:33:29","modified_gmt":"2025-12-19T11:33:29","slug":"become-a-friend","status":"publish","type":"page","link":"https:\/\/www.embl.org\/about\/info\/support\/friends-of-embl\/become-a-friend\/","title":{"rendered":"Become a Friend"},"content":{"rendered":"\n\n  <style>\n    .vf-hero {\n              --vf-hero--bg-image: url('https:\/\/www.embl.org\/about\/info\/support\/wp-content\/uploads\/2025\/06\/20250626_FoE_Hero_3000x1000px-scaled.jpg');\n            }\n\n  <\/style>\n<section id=\"\" class=\"vf-hero | vf-u-fullbleed  | vf-u-margin__bottom--0\">\n  <div class=\"vf-hero__content | vf-box | vf-stack vf-stack--400\">\n        <p class=\"vf-hero__kicker\">\n      <a href=\"https:\/\/www.embl.org\/about\/info\/support\/\">Support EMBL<\/a>\n          <h1 class=\"vf-hero__heading\">\n              Friends of EMBL          <\/h1>\n\n        <p class=\"vf-hero__subheading\">Join our circle of life-science champions<\/p>\n    \n    \n      <\/div>\n<\/section>\n<!--\/vf-hero-->\n\n\n\n\n<div class=\"vf-grid | vf-grid__col-1\"><div><!--[vf\/content]-->\n<div class=\"vf-content\">\n\n<nav class=\"vf-navigation vf-navigation--main | vf-cluster | vf-u-padding__top--0\" style=\"margin-bottom: 1rem !important;\">\n  <ul class=\"vf-navigation__list | vf-list | vf-cluster__inner\">\n<li id=\"menu-item-38212\" class=\"vf-navigation__item vf-navigation__item vf-navigation__item vf-navigation__item vf-navigation__item\"><a href=\"\/about\/info\/support\/friends-of-embl\/\" class=\"vf-navigation__link\" >About<\/a><\/li>\n<li id=\"menu-item-38206\" class=\"vf-navigation__item vf-navigation__item vf-navigation__item vf-navigation__item vf-navigation__item\"><a href=\"\/about\/info\/support\/friends-of-embl\/what-your-support-makes-possible\/\" class=\"vf-navigation__link\">What your support makes possible<\/a><\/li>\n<li id=\"menu-item-38208\" class=\"vf-navigation__item vf-navigation__item vf-navigation__item vf-navigation__item vf-navigation__item\"><a href=\"\/about\/info\/support\/friends-of-embl\/connect-participate\/\" class=\"vf-navigation__link\">Connect &#038; participate<\/a><\/li>\n<li id=\"menu-item-38207\" class=\"vf-navigation__item vf-navigation__item vf-navigation__item vf-navigation__item vf-navigation__item\"><a href=\"\/about\/info\/support\/friends-of-embl\/become-a-friend\/\" class=\"vf-navigation__link\">Become a Friend<\/a><\/li>\n<li id=\"menu-item-38204\" class=\"vf-navigation__item vf-navigation__item vf-navigation__item vf-navigation__item vf-navigation__item\"><a href=\"\/about\/info\/support\/friends-of-embl\/our-current-champions\/\" class=\"vf-navigation__link\">Our current champions<\/a><\/li>\n  <\/ul>\n<\/nav>\n<style>\n.vf-grid__col-1 {\n  margin-top: 1rem !important;\n}\n<\/style>\n\n<script>\n  document.addEventListener(\"DOMContentLoaded\", function () {\n    const currentPath = window.location.pathname.replace(\/\\\/$\/, ''); \/\/ Normalize current path\n    const navLinks = document.querySelectorAll('.vf-navigation__link');\n\n    let bestMatch = null;\n    let bestMatchLength = -1;\n\n    navLinks.forEach(link => {\n      const linkPath = link.getAttribute('href').replace(\/\\\/$\/, ''); \/\/ Normalize link path\n      link.removeAttribute('aria-current');\n\n      \/\/ Prefer exact match\n      if (currentPath === linkPath) {\n        bestMatch = link;\n        bestMatchLength = Infinity;\n      }\n      \/\/ Fallback to longest matching prefix\n      else if (\n        currentPath.startsWith(linkPath + '\/') &&\n        linkPath.length > bestMatchLength\n      ) {\n        bestMatch = link;\n        bestMatchLength = linkPath.length;\n      }\n    });\n\n    if (bestMatch) {\n      bestMatch.setAttribute('aria-current', 'page');\n    }\n  });\n<\/script>\n\n<\/div>\n<\/div>\n<\/div>\n\n\n\n<div class=\"vf-grid | vf-grid__col-1\"><div><!--[vf\/content]-->\n<div class=\"vf-content\">\n\n<div class=\"vf-tabs\"><ul class=\"vf-tabs__list\" data-vf-js-tabs=\"true\"><li class=\"vf-tabs__item\"><a class=\"vf-tabs__link\" href=\"#vf-tabs__section-english\" data-vf-js-location-nearest-activation-target=\"\">English<\/a><\/li><li class=\"vf-tabs__item\"><a class=\"vf-tabs__link\" href=\"#vf-tabs__section-german\" data-vf-js-location-nearest-activation-target=\"\">Deutsch<\/a><\/li><\/ul><div class=\"vf-tabs-content\" data-vf-js-tabs-content=\"true\">\n<section class=\"vf-tabs__section\" id=\"vf-tabs__section-english\"><h2 class=\"vf-u-sr-only\">English<\/h2>\n<div class=\"vf-grid | vf-grid__col-3\"><div class=\"vf-grid__col--span-2\"><!--[vf\/content]-->\n<div class=\"vf-content\">\n\n<h2 class=\"wp-block-heading\">Become a Friend of EMBL<\/h2>\n\n\n\n<h3 class=\"wp-block-heading\"><strong>3 great reasons to join the Friends of EMBL<\/strong>!<\/h3>\n\n\n\n<p><strong>1. Support life science that shapes the future<\/strong><\/p>\n\n\n\n<p>As a member, you support life science research advancing health, the environment, education, public engagement, and the training of future scientists. Your donation helps drive science that benefits people, communities, and the planet!<\/p>\n\n\n\n<p><strong>2. Go behind the scenes of discovery<\/strong><\/p>\n\n\n\n<p>Gain insider access to Europe\u2019s leading laboratory for molecular biology. From guided tours to informal talks with researchers, whether onsite, online or in hybrid format, you\u2019ll get a closer look at how science moves forward and the people behind it!<\/p>\n\n\n\n<p><strong>3. Join a collective commitment that matters<\/strong><\/p>\n\n\n\n<p>Friends of EMBL brings together people who care about science, and its impact and want to give back. Every contribution from members of this warm, engaged community adds to a powerful collective that enables progress.<\/p>\n\n\n\n<p>Together, we make a difference!<\/p>\n\n\n\n<a href=\"https:\/\/www.embl.org\/about\/info\/support\/friends-of-embl\/registration\/\" target=\"\">\n    <button class=\"vf-button vf-button--primary\">\n        Join now!    <\/button>\n<\/a>\n<!--\/vf-button-->\n\n\n\n<div style=\"height:40px\" aria-hidden=\"true\" class=\"wp-block-spacer\"><\/div>\n\n\n\n<h3 class=\"wp-block-heading\"><strong>Individual Members<\/strong><\/h3>\n\n\n\n<p> With an annual donation of \u20ac1,000 or more, you support a project that we choose annually, in an area of greatest need or opportunity such as exciting new research, training, scientific exchange and mobility, education, public engagement or technology advancement.<br><\/p>\n\n\n\n<h3 class=\"wp-block-heading\"><strong>Institutional Members<\/strong><\/h3>\n\n\n\n<p>As a Foundation or a Business Member, you support EMBL with an annual donation of \u20ac5,000 or more (payable in instalments). We can also explore tailoring your membership to maximize your organisation\u2019s impact.<\/p>\n\n\n\n<h3 class=\"wp-block-heading\">Contact<\/h3>\n\n\n\n<p>To join and for more information please contact:<\/p>\n\n\n<div class=\"vf-content-hub-html\" data-cache=\"7efdca0c\">\n      <!-- Generated by: http:\/\/content.embl.org\/api\/v1\/pattern.html?filter-content-type=person&amp;filter-field-contains%5Bfield_person_full_name%5D=andrea%20troncoso&amp;filter-fields-empty=field_person_visible_internally&amp;filter-ref-entity%5Bfield_person_positions%5D%5Btitle%5D=&amp;filter-ref-entity%5Bfield_person_positions%5D%5Bfield_position_primary%5D=1&amp;hide%5Bteam%5D=1&amp;limit=1&amp;pattern=vf-profile-inline -->\n                \n                            <article class=\"vf-profile vf-profile--very-easy vf-profile--medium vf-profile--inline\" data-embl-js-conditional-edit=\"148566\">\n              <img decoding=\"async\" class=\"vf-profile__image\" src=\"https:\/\/content.embl.org\/\/sites\/default\/files\/styles\/medium\/public\/persons\/CP-60037562.jpg?itok=KkihCGLz\" alt=\"image of Andrea Troncoso\" \/>\n      \n              <h3 class=\"vf-profile__title\">\n                      <a href=\"https:\/\/www.embl.org\/people\/person\/troncoso\" class=\"vf-profile__link\">Andrea Troncoso<\/a>\n                  <\/h3>\n      \n              <p class=\"vf-profile__job-title\">\n          Fundraising Programme Officer\n        <\/p>\n      \n      \n      \n      \n      \n      \n            <a class=\"vf-text vf-text--body-r vf-link embl-conditional-edit\" rel=\"noopener noreferrer nofollow\" href=\"\/node\/148566\/148566\" target=\"_blank\">\n        Edit\n      <\/a>\n    <\/article>\n  <\/div>\n\n\n\n<p><\/p>\n\n\n\n<p>E-mail: <a href=\"mailto:friends@embl.de\">friends@embl.de<\/a><br>Phone: +49-(0)6221-387 8925<\/p>\n\n\n\n<div style=\"height:20px\" aria-hidden=\"true\" class=\"wp-block-spacer\"><\/div>\n\n<\/div>\n<\/div>\n\n\n<div><!--[vf\/content]-->\n<div class=\"vf-content\">\n\n<figure class=\"vf-figure wp-block-image size-large\"><img loading=\"lazy\" decoding=\"async\" width=\"1024\" height=\"683\" class=\"vf-figure__image\" src=\"https:\/\/www.embl.org\/about\/info\/support\/wp-content\/uploads\/2025\/06\/MDP_250514_BehindTheScenesORD_25-1024x683.jpg\" alt=\"\" class=\"wp-image-2674\" srcset=\"https:\/\/www.embl.org\/about\/info\/support\/wp-content\/uploads\/2025\/06\/MDP_250514_BehindTheScenesORD_25-1024x683.jpg 1024w, https:\/\/www.embl.org\/about\/info\/support\/wp-content\/uploads\/2025\/06\/MDP_250514_BehindTheScenesORD_25-300x200.jpg 300w, https:\/\/www.embl.org\/about\/info\/support\/wp-content\/uploads\/2025\/06\/MDP_250514_BehindTheScenesORD_25-768x512.jpg 768w, https:\/\/www.embl.org\/about\/info\/support\/wp-content\/uploads\/2025\/06\/MDP_250514_BehindTheScenesORD_25-1536x1025.jpg 1536w, https:\/\/www.embl.org\/about\/info\/support\/wp-content\/uploads\/2025\/06\/MDP_250514_BehindTheScenesORD_25.jpg 1619w\" sizes=\"auto, (max-width: 1024px) 100vw, 1024px\" \/><\/figure>\n\n\n\n<p class=\"vf-text--body vf-text-body--1\" style=\"font-style:normal;font-weight:300\"><\/p>\n\n\n\n<div class=\"quote\">\n\n\n\n<p class=\"vf-text--body vf-text-body--2\"><em>\u201cEMBL is a leading institution of socially relevant cutting-edge research, based on international and interdisciplinary teams, with a governance that ensures constant questioning and renewal and provides excellent young scientists with an excellent working platform.\u201d<\/em><\/p>\n\n\n\n<article class=\"vf-profile vf-profile--very-easy vf-profile--medium vf-profile--inline | vf-u-margin__bottom--400\">\n\n    <img decoding=\"async\" width=\"300\" height=\"200\" src=\"https:\/\/www.embl.org\/about\/info\/support\/wp-content\/uploads\/2021\/05\/Foto-Dr.-Feldmann-for-testimonial-300x200.jpg\" class=\"vf-profile__image\" alt=\"\" loading=\"lazy\" itemprop=\"image\" srcset=\"https:\/\/www.embl.org\/about\/info\/support\/wp-content\/uploads\/2021\/05\/Foto-Dr.-Feldmann-for-testimonial-300x200.jpg 300w, https:\/\/www.embl.org\/about\/info\/support\/wp-content\/uploads\/2021\/05\/Foto-Dr.-Feldmann-for-testimonial-1024x683.jpg 1024w, https:\/\/www.embl.org\/about\/info\/support\/wp-content\/uploads\/2021\/05\/Foto-Dr.-Feldmann-for-testimonial-768x512.jpg 768w, https:\/\/www.embl.org\/about\/info\/support\/wp-content\/uploads\/2021\/05\/Foto-Dr.-Feldmann-for-testimonial-1536x1024.jpg 1536w, https:\/\/www.embl.org\/about\/info\/support\/wp-content\/uploads\/2021\/05\/Foto-Dr.-Feldmann-for-testimonial-2048x1365.jpg 2048w\" sizes=\"auto, (max-width: 300px) 100vw, 300px\" \/>\n    <h3 class=\"vf-profile__title\" >\n                    Dr. John Feldmann            <\/h3>\n    \n                <p class=\"vf-profile__text\" >\n                Friends of EMBL member            <\/p>\n    \n    \n      \n\n    \n<\/article>\n\n\n\n<\/div>\n\n<\/div>\n<\/div>\n<\/div>\n<\/section>\n\n\n\n<section class=\"vf-tabs__section\" id=\"vf-tabs__section-german\"><h2 class=\"vf-u-sr-only\">Deutsch<\/h2>\n<h2 class=\"wp-block-heading\" id=\"mitgliedschaft\"><strong><strong>Friend of EMBL werden<\/strong><\/strong><\/h2>\n\n\n\n<div class=\"vf-grid | vf-grid__col-3\"><div class=\"vf-grid__col--span-2\"><!--[vf\/content]-->\n<div class=\"vf-content\">\n\n<h3 class=\"wp-block-heading\">3 guten Gr\u00fcnde um Friends of EMBL zu werden!<\/h3>\n\n\n\n<p><strong>1. &nbsp;Unterst\u00fctzen Sie Life Science, die die Zukunft gestaltet<\/strong><\/p>\n\n\n\n<p>Als Mitglied unterst\u00fctzen Sie die Lebenswissenschaften, die Gesundheit, Umwelt, Bildung, Wissenschaftskommunikation und die Ausbildung zuk\u00fcnftiger Wissenschaftler:innen voranbringen. Ihre Spende treibt Wissenschaft voran, die Menschen, Gemeinschaften und unserem Planeten zugutekommt!<\/p>\n\n\n\n<p><strong>2. Blicke hinter die Kulissen der Entdeckung<\/strong><br>Erhalten Sie exklusiven Zugang zu Europas f\u00fchrendem Labor f\u00fcr Molekularbiologie. Von F\u00fchrungen \u00fcber Gespr\u00e4che mit Forschenden bis hin zu hybriden Veranstaltungen vor Ort oder online \u2013 Sie erleben hautnah, wie Wissenschaft voranschreitet und wer dahinter steht!<\/p>\n\n\n\n<p><strong>3. Teil eines kollektiven Engagements sein, das z\u00e4hlt<\/strong><br>Friends of EMBL bringt Menschen zusammen, die sich f\u00fcr Wissenschaft und deren Wirkung einsetzen und etwas zur\u00fcckgeben m\u00f6chten. Jeder Beitrag unserer engagierten Gemeinschaft st\u00e4rkt ein kollektives Wirken, das Fortschritt erm\u00f6glicht. Gemeinsam bewirken wir etwas!<\/p>\n\n\n\n<a href=\"https:\/\/www.embl.org\/about\/info\/support\/friends-of-embl\/anmeldung\/\" target=\"\">\n    <button class=\"vf-button vf-button--primary\">\n        Jetzt Mitglied werden!    <\/button>\n<\/a>\n<!--\/vf-button-->\n\n\n\n<div style=\"height:40px\" aria-hidden=\"true\" class=\"wp-block-spacer\"><\/div>\n\n\n\n<h3 class=\"wp-block-heading\"><strong>Privatpersonen als&nbsp;Mitglieder<\/strong><\/h3>\n\n\n\n<p>Mit einer j\u00e4hrlichen Spende von 1.000 \u20ac oder mehr unterst\u00fctzen Sie ein Projekt, das wir j\u00e4hrlich in einem besonders spannenden und wirkungsvollen Bereich ausw\u00e4hlen, z.\u202fB. neue Forschung, Ausbildung, wissenschaftlicher Austausch und Mobilit\u00e4t, Bildung, Wissenschaftskommunikation oder technologische Innovation.<\/p>\n\n\n\n<h3 class=\"wp-block-heading\"><strong>Institutional Friends of EMBL<\/strong><\/h3>\n\n\n\n<p>Als Stiftung oder Firmenmitglied unterst\u00fctzen Sie EMBL mit einer j\u00e4hrlichen Spende von 5.000 \u20ac oder mehr (zahlbar in Raten). Wir k\u00f6nnen auch gerne gemeinsam ausloten, wie Ihre Mitgliedschaft auf die maximale Wirkung f\u00fcr Ihre Organisation zugeschnitten werden kann.<\/p>\n\n\n\n<h3 class=\"wp-block-heading\">Kontakt<\/h3>\n\n\n\n<p>Um Mitglied zu werden und bei Fragen, wenden Sie sich bitte an:<\/p>\n\n\n<div class=\"vf-content-hub-html\" data-cache=\"7efdca0c\">\n      <!-- Generated by: http:\/\/content.embl.org\/api\/v1\/pattern.html?filter-content-type=person&amp;filter-field-contains%5Bfield_person_full_name%5D=andrea%20troncoso&amp;filter-fields-empty=field_person_visible_internally&amp;filter-ref-entity%5Bfield_person_positions%5D%5Btitle%5D=&amp;filter-ref-entity%5Bfield_person_positions%5D%5Bfield_position_primary%5D=1&amp;hide%5Bteam%5D=1&amp;limit=1&amp;pattern=vf-profile-inline -->\n                \n                            <article class=\"vf-profile vf-profile--very-easy vf-profile--medium vf-profile--inline\" data-embl-js-conditional-edit=\"148566\">\n              <img decoding=\"async\" class=\"vf-profile__image\" src=\"https:\/\/content.embl.org\/\/sites\/default\/files\/styles\/medium\/public\/persons\/CP-60037562.jpg?itok=KkihCGLz\" alt=\"image of Andrea Troncoso\" \/>\n      \n              <h3 class=\"vf-profile__title\">\n                      <a href=\"https:\/\/www.embl.org\/people\/person\/troncoso\" class=\"vf-profile__link\">Andrea Troncoso<\/a>\n                  <\/h3>\n      \n              <p class=\"vf-profile__job-title\">\n          Fundraising Programme Officer\n        <\/p>\n      \n      \n      \n      \n      \n      \n            <a class=\"vf-text vf-text--body-r vf-link embl-conditional-edit\" rel=\"noopener noreferrer nofollow\" href=\"\/node\/148566\/148566\" target=\"_blank\">\n        Edit\n      <\/a>\n    <\/article>\n  <\/div>\n\n\n\n<p><\/p>\n\n\n\n<p>E-mail: <a href=\"mailto:friends@embl.de\">friends@embl.de<\/a><br>Phone: +49-(0)6221-387 8925<\/p>\n\n\n\n<div style=\"height:20px\" aria-hidden=\"true\" class=\"wp-block-spacer\"><\/div>\n\n<\/div>\n<\/div>\n\n\n<div><!--[vf\/content]-->\n<div class=\"vf-content\">\n\n<figure class=\"vf-figure wp-block-image size-large\"><img loading=\"lazy\" decoding=\"async\" width=\"1024\" height=\"683\" class=\"vf-figure__image\" src=\"https:\/\/www.embl.org\/about\/info\/support\/wp-content\/uploads\/2025\/06\/MDP_250514_BehindTheScenesORD_25-1024x683.jpg\" alt=\"\" class=\"wp-image-2674\" srcset=\"https:\/\/www.embl.org\/about\/info\/support\/wp-content\/uploads\/2025\/06\/MDP_250514_BehindTheScenesORD_25-1024x683.jpg 1024w, https:\/\/www.embl.org\/about\/info\/support\/wp-content\/uploads\/2025\/06\/MDP_250514_BehindTheScenesORD_25-300x200.jpg 300w, https:\/\/www.embl.org\/about\/info\/support\/wp-content\/uploads\/2025\/06\/MDP_250514_BehindTheScenesORD_25-768x512.jpg 768w, https:\/\/www.embl.org\/about\/info\/support\/wp-content\/uploads\/2025\/06\/MDP_250514_BehindTheScenesORD_25-1536x1025.jpg 1536w, https:\/\/www.embl.org\/about\/info\/support\/wp-content\/uploads\/2025\/06\/MDP_250514_BehindTheScenesORD_25.jpg 1619w\" sizes=\"auto, (max-width: 1024px) 100vw, 1024px\" \/><\/figure>\n\n\n\n<p><\/p>\n\n\n\n<div class=\"quote\">\n\n\n\n<p class=\"vf-text--body vf-text-body--2\"><em>&#8220;EMBL ist eine f\u00fchrende Institution f\u00fcr gesellschaftlich relevante Spitzenforschung, basierend auf internationalen und interdisziplin\u00e4ren Teams, mit einer Unternehmensstruktur, die stetiges Hinterfragen und Erneuern sichert und herausragenden NachwuchswissenschaftlerInnen eine exzellente Arbeitsplattform bietet.<\/em><\/p>\n\n\n\n<article class=\"vf-profile vf-profile--very-easy vf-profile--medium vf-profile--inline | vf-u-margin__bottom--400\">\n\n    <img decoding=\"async\" width=\"300\" height=\"200\" src=\"https:\/\/www.embl.org\/about\/info\/support\/wp-content\/uploads\/2021\/05\/Foto-Dr.-Feldmann-for-testimonial-300x200.jpg\" class=\"vf-profile__image\" alt=\"\" loading=\"lazy\" itemprop=\"image\" srcset=\"https:\/\/www.embl.org\/about\/info\/support\/wp-content\/uploads\/2021\/05\/Foto-Dr.-Feldmann-for-testimonial-300x200.jpg 300w, https:\/\/www.embl.org\/about\/info\/support\/wp-content\/uploads\/2021\/05\/Foto-Dr.-Feldmann-for-testimonial-1024x683.jpg 1024w, https:\/\/www.embl.org\/about\/info\/support\/wp-content\/uploads\/2021\/05\/Foto-Dr.-Feldmann-for-testimonial-768x512.jpg 768w, https:\/\/www.embl.org\/about\/info\/support\/wp-content\/uploads\/2021\/05\/Foto-Dr.-Feldmann-for-testimonial-1536x1024.jpg 1536w, https:\/\/www.embl.org\/about\/info\/support\/wp-content\/uploads\/2021\/05\/Foto-Dr.-Feldmann-for-testimonial-2048x1365.jpg 2048w\" sizes=\"auto, (max-width: 300px) 100vw, 300px\" \/>\n    <h3 class=\"vf-profile__title\" >\n                    Dr. John Feldmann            <\/h3>\n    \n                <p class=\"vf-profile__text\" >\n                Friends of EMBL Mitglied            <\/p>\n    \n    \n      \n\n    \n<\/article>\n\n\n\n<\/div>\n\n<\/div>\n<\/div>\n<\/div>\n\n\n\n<p><\/p>\n<\/section>\n<\/div><\/div>\n\n\n\n<style>\n.quote {\n  background-color: #fafafa;\n  --page-grid-gap: 0;\n  padding: 1rem;\n  font-size: 21px;\n  margin-bottom: 2rem;\n  font-style: normal !important;\n  font-weight: 300 !important;\n}\n\n.quote p {\n  font-size: 22px;\n  font-style: normal !important;\n  font-weight: 300 !important;\n}\n<\/style>\n\n<\/div>\n<\/div>\n<\/div>\n","protected":false},"excerpt":{"rendered":"","protected":false},"author":1,"featured_media":0,"parent":239,"menu_order":0,"comment_status":"closed","ping_status":"closed","template":"vf_template_no-hero.php","meta":{"_acf_changed":false,"footnotes":""},"embl_taxonomy":[],"class_list":["post-835","page","type-page","status-publish","hentry"],"acf":[],"embl_taxonomy_terms":[],"_links":{"self":[{"href":"https:\/\/www.embl.org\/about\/info\/support\/wp-json\/wp\/v2\/pages\/835","targetHints":{"allow":["GET"]}}],"collection":[{"href":"https:\/\/www.embl.org\/about\/info\/support\/wp-json\/wp\/v2\/pages"}],"about":[{"href":"https:\/\/www.embl.org\/about\/info\/support\/wp-json\/wp\/v2\/types\/page"}],"author":[{"embeddable":true,"href":"https:\/\/www.embl.org\/about\/info\/support\/wp-json\/wp\/v2\/users\/1"}],"replies":[{"embeddable":true,"href":"https:\/\/www.embl.org\/about\/info\/support\/wp-json\/wp\/v2\/comments?post=835"}],"version-history":[{"count":63,"href":"https:\/\/www.embl.org\/about\/info\/support\/wp-json\/wp\/v2\/pages\/835\/revisions"}],"predecessor-version":[{"id":3909,"href":"https:\/\/www.embl.org\/about\/info\/support\/wp-json\/wp\/v2\/pages\/835\/revisions\/3909"}],"up":[{"embeddable":true,"href":"https:\/\/www.embl.org\/about\/info\/support\/wp-json\/wp\/v2\/pages\/239"}],"wp:attachment":[{"href":"https:\/\/www.embl.org\/about\/info\/support\/wp-json\/wp\/v2\/media?parent=835"}],"wp:term":[{"taxonomy":"embl_taxonomy","embeddable":true,"href":"https:\/\/www.embl.org\/about\/info\/support\/wp-json\/wp\/v2\/embl_taxonomy?post=835"}],"curies":[{"name":"wp","href":"https:\/\/api.w.org\/{rel}","templated":true}]}}