{"id":66,"date":"2020-10-23T15:11:53","date_gmt":"2020-10-23T15:11:53","guid":{"rendered":"https:\/\/www.embl.org\/about\/info\/mmpu\/?page_id=66"},"modified":"2024-07-01T13:24:54","modified_gmt":"2024-07-01T13:24:54","slug":"iron-homeostasis","status":"publish","type":"page","link":"https:\/\/www.embl.org\/about\/info\/mmpu\/members\/iron-homeostasis\/","title":{"rendered":"Iron Homeostasis"},"content":{"rendered":"\n<div class=\"vf-grid | vf-grid__col-3\"><div class=\"vf-grid__col--span-2\"><!--[vf\/content]-->\n<div class=\"vf-content\">\n\n<h2 class=\"wp-block-heading\">Group Leaders: Matthias Hentze and Martina Muckenthaler<\/h2>\n\n\n\n<p><strong>Sandro Altamura, PhD<\/strong><br>Postdoc<br>Department of Pediatric Oncology, Hematology, Immunology and Pulmonology; Children&#8217;s Hospital; Heidelberg University Medical Center<br>Phone: +49 6221 568296<br><a href=\"mailto:altamura@embl.de\">altamura@embl.de<\/a><\/p>\n\n\n\n<p><strong>Stefania Cucinelli<\/strong><br>PhD student (EMBL International PhD Programme &#8211; EIPP)<br>Department of Pediatric Oncology, Hematology, Immunology and Pulmonology; Children&#8217;s Hospital; Heidelberg University Medical Center<br>Phone: +49 6221 56 8296<br><a href=\"mailto:stefania.cucinelli@embl.de\" target=\"_blank\" rel=\"noreferrer noopener\">stefania.cucinelli@embl.de<\/a><\/p>\n\n\n\n<p><strong>Tiago Jose<\/strong> <strong>Da Silva Lopes, PhD<\/strong><br>Bioinformatician<br>Department of Pediatric Oncology, Hematology, Immunology and Pulmonology; Children&#8217;s Hospital; Heidelberg University Medical Center<br>Phone: +49 6221 56 6997<br><a href=\"mailto:TiagoJose.DaSilvaLopes@med.uni-heidelberg.de\">TiagoJose.DaSilvaLopes@med.uni-heidelberg.de<\/a><\/p>\n\n\n\n<p><strong>Marl\u00e8ne LeTertre, PhD<\/strong><br>Postdoc<br>Department of Pediatric Oncology, Hematology, Immunology and Pulmonology; Children&#8217;s Hospital; Heidelberg University Medical Center<br>Phone: +49 6221 56 8296<br><a href=\"marlene.letertre@embl.de\">Marlene.LeTertre@embl.de <\/a><\/p>\n\n\n\n<p><strong>Christina Mertens, PhD<\/strong><br>Postdoc<br>Department of Pediatric Oncology, Hematology, Immunology and Pulmonology; Children&#8217;s Hospital; Heidelberg University Medical Center<br>Phone: +49 6221 56 8296<br><a href=\"mailto:christina.mertens@med.uni-heidelberg.de\">christina.mertens@med.uni-heidelberg.de<\/a><\/p>\n\n\n\n<p><strong>Lena Muckenthaler<\/strong><br>MD student<br>Department of Pediatric Oncology, Hematology, Immunology and Pulmonology; Children&#8217;s Hospital; Heidelberg University Medical Center<br>Phone: +49 6221 564582<br><a href=\"mailto:lena.muckenthaler@med.uni-heidelberg.de\">lena.muckenthaler@med.uni-heidelberg.de<\/a><\/p>\n\n\n\n<p><strong>Tiago Carvalho Oliveira<\/strong><br>PhD student<br>Department of Pediatric Oncology, Hematology, Immunology and Pulmonology; Children&#8217;s Hospital; Heidelberg University Medical Center<br>Phone: +49 6221 56 4582<br><a href=\"mailto:Tiago.CarvalhoOliveira@med.uni-heidelberg.de\">Tiago.CarvalhoOliveira@med.uni-heidelberg.de<\/a><\/p>\n\n\n\n<p><strong>Alessia Polverino<\/strong><br>PhD student (EMBL International PhD Programme &#8211; EIPP)<br>Department of Pediatric Oncology, Hematology, Immunology and Pulmonology; Children&#8217;s Hospital; Heidelberg University Medical Center<br>Phone: +49 6221 56 8296<br><a href=\"mailto:alessia.polverino@embl.de\">alessia.polverino@embl.de<\/a><\/p>\n\n\n\n<p><strong>Ruiyue Qiu, MD<\/strong><br>Postdoc<br>Department of Pediatric Oncology, Hematology, Immunology and Pulmonology; Children&#8217;s Hospital; Heidelberg University Medical Center<br>Phone: +49 6221 564582<br><a href=\"mailto:Ruiyue.Qiu@med.uni-heidelberg.de\">Ruiyue.Qiu@med.uni-heidelberg.de<\/a><\/p>\n\n\n\n<p><strong>Anand R., PhD<\/strong><br>PhD student<br>Department of Pediatric Oncology, Hematology, Immunology and Pulmonology; Children&#8217;s Hospital; Heidelberg University Medical Center<br>Phone: +49 6221 568296<\/p>\n\n\n\n<p><strong>Richard Sparla, MSC<\/strong><br>Research Technician<br>Department of Pediatric Oncology, Hematology, Immunology and Pulmonology; Children&#8217;s Hospital; Heidelberg University Medical Center<br>Phone: +49 6221 568296<br><a href=\"mailto:richard.sparla@med.uni-heidelberg.de\">richard.sparla@med.uni-heidelberg.de<\/a><\/p>\n\n\n\n<p><strong>Wurigamule, Wurigamule, MSC<\/strong><br>Research Technician<br>Department of Pediatric Oncology, Hematology, Immunology and Pulmonology; Children&#8217;s Hospital; Heidelberg University Medical Center<br>Phone: +49 6221 566997<br><a href=\"mailto:Wurigamule.Wurigamule@med.uni-heidelberg.de\">Wurigamule.Wurigamule@med.uni-heidelberg.de<\/a><\/p>\n\n\n\n<hr class=\"vf-divider\">\n\n\n\n<h2 class=\"wp-block-heading\" id=\"former\">Former group members<\/h2>\n\n\n\n<p><strong>Kristina Alikhanyan, PhD<\/strong><br>Postdoc<\/p>\n\n\n\n<p><strong>Karolina Benesova<\/strong><br>Medical Postgraduate Student<br><a href=\"mailto:k.benesova@hotmail.de\">Karolina.Benesova@med.uni-heidelberg.de<\/a><\/p>\n\n\n\n<p><strong>Katharina Bonitz<\/strong><br>Master student<\/p>\n\n\n\n<p><strong>Benedetta Broggi<\/strong><br>MD student (visitor)<\/p>\n\n\n\n<p><strong>G\u00f6zde B\u00fcy\u00fckkahraman,<\/strong><br>Master Student (visitor)<\/p>\n\n\n\n<p><strong>Debora Call<\/strong><br>MD Student<\/p>\n\n\n\n<p><strong>Guillem Casanovas<\/strong><br>PhD Student<br><a href=\"mailto:gcasanov@embl.de\">gcasanov@embl.de<\/a><\/p>\n\n\n\n<p><strong>Mirco Castoldi, PhD<\/strong><br>Postdoc<br>Clinic of Gastroenterology, Hepatology and Infectiology, Heinrich-Heine-University D\u00fcsseldorf Germany<br><a href=\"mailto:mirco.castoldi@med.uni-duesseldorf.de\">mirco.castoldi@med.uni-duesseldorf.de<\/a><\/p>\n\n\n\n<p><strong>Simeng Chen<\/strong><br>Postdoc<\/p>\n\n\n\n<p><strong>Silvia Colucci<\/strong><br>PhD student <\/p>\n\n\n\n<p><strong>Milene Costa da Silva, PhD<\/strong><br>Postdoc<\/p>\n\n\n\n<p><strong>Flavia D&#8217;Alessio, MSC, PhD<\/strong><br>Postdoc<br><a href=\"mailto:flaviadalessio@gmail.com\">flaviadalessio@gmail.com<\/a><\/p>\n\n\n\n<p><strong>Ana Rita da Silva, PhD<\/strong><br>Postdoc<\/p>\n\n\n\n<p><strong>Nicole Fritsch<\/strong><br>MD student (JCF, HRCMM)<\/p>\n\n\n\n<p><strong>Wolfgang Gilles, MD<\/strong><br>Postdoc<br><a href=\"mailto:wolfgang.gilles@med.uni-heidelberg.de\">wolfgang.gilles@med.uni-heidelberg.de<\/a><\/p>\n\n\n\n<p><strong>Julia Glockenmeier<\/strong><br>Research Technician<\/p>\n\n\n\n<p><strong>Claudia Guida, PhD<\/strong><br>Postdoc<\/p>\n\n\n\n<p><strong>Natalie Horvat<\/strong>, <strong>PhD<\/strong><br>Postdoc<\/p>\n\n\n\n<p><strong>Nikhitha Mariya John<\/strong><br>PhD student<\/p>\n\n\n\n<p><strong>April Kartikasari, PhD<\/strong><br>Visitor<br><a href=\"mailto:a.kartikasari@akc.umcn.nl\">a.kartikasari@akc.umcn.nl<\/a><\/p>\n\n\n\n<p><strong>Regina Kessler<\/strong><br>Research Technician<\/p>\n\n\n\n<p><strong>Judit Kiss<\/strong><br>PhD Student<br><a href=\"mailto:kiss@uni-heidelberg.de\">kiss@uni-heidelberg.de<\/a><\/p>\n\n\n\n<p><strong>Corinne Kox, MSC<\/strong><br>PhD Student<br><a href=\"mailto:Kox@embl.de\">Kox@embl.de<\/a><\/p>\n\n\n\n<p><strong>Janina Lehmann<\/strong><br>PhD student&nbsp;<\/p>\n\n\n\n<p><strong>Oriana Marques, PhD<\/strong><br>Postdoc<\/p>\n\n\n\n<p><strong>Samuele Marro<\/strong><br>PhD Student<br><a href=\"mailto:MariaVittoria.Falzacappa@icgeb.org\">smarro@stanford.edu<\/a><\/p>\n\n\n\n<p><strong>Stefanie Martinache<\/strong><br>Research Technician<\/p>\n\n\n\n<p><strong>Christoph Metzendorf, PhD<\/strong><br>Postdoc<\/p>\n\n\n\n<p><strong>Katarzyna Mleczko-Sanecka, MSC, PhD<\/strong><br>Postdoc<\/p>\n\n\n\n<p><strong>Katja M\u00fcdder<\/strong><br>Research Technician<\/p>\n\n\n\n<p><strong>Simon Nagy<\/strong>, MD student<\/p>\n\n\n\n<p><strong>Violante Olivari, PhD<\/strong><br>Postdoc<br><br><strong>Viviana Opinato<\/strong><br>ERASMUS student<\/p>\n\n\n\n<p><strong>Kamesh Rajendra Babu<\/strong><br>PhD student<\/p>\n\n\n\n<p><strong>Shengcheng Ren, PhD<\/strong><br>Postdoc<\/p>\n\n\n\n<p><strong>Franziska Roche<\/strong><br>MD Student<\/p>\n\n\n\n<p><strong>John Ryan, MD<\/strong><br>Visitor-scientist<br>Centre for Liver Disease, Mater Misericordiae University Hospital, Dublin, Ireland<br><a href=\"mailto:johnryan@physicians.ie\">johnryan@physicians.ie<\/a><\/p>\n\n\n\n<p><strong>Mayka Sanchez, PhD<\/strong><br>Postdoc<br><a href=\"mailto:msanchez@imppc.org\">msanchez@imppc.org<\/a><\/p>\n\n\n\n<p><strong>Natalia Scaramellini<\/strong>, <strong>MD<\/strong><br>Postdoc<\/p>\n\n\n\n<p><strong>Nikolai Schmeer<\/strong><br>MD Student (JCF, HRCMM)<\/p>\n\n\n\n<p><strong>Katarina Schreckenberger<\/strong><br>Research Technician<\/p>\n\n\n\n<p><strong>Anja Schuh, MD<\/strong><br>Physician Scientist<\/p>\n\n\n\n<p><strong>Andreas Simmelbauer<\/strong><br>MD Student (JCF, HRCMM)<\/p>\n\n\n\n<p><strong>Carl Maximilian Thielmann<\/strong><br>MD student (JCF, HRCMM)<\/p>\n\n\n\n<p><strong>Maria Verga Falzakappa<\/strong><br>PhD Student<br><a href=\"mailto:MariaVittoria.Falzacappa@icgeb.org\">MariaVittoria.Falzacappa@icgeb.org<\/a><\/p>\n\n\n\n<p><strong>Maja Vuji\u0107 Spasi\u0107, PhD<\/strong><br>Head of Metabolic Disorders Unit &#8211; Ulm University<br><a href=\"mailto:maja.vujic@uni-ulm.de\">maja.vujic@uni-ulm.de<\/a><\/p>\n\n\n\n<p><strong>Francesca Vinchi, PhD<\/strong><br>Postdoc<br>New York Blood Center<\/p>\n\n\n\n<p><strong>Fengqi Wan, PhD<\/strong><br>Postdoc<\/p>\n\n\n\n<p><strong>Laura Zechner<\/strong><br>Master student<\/p>\n\n\n\n<p><strong>Mingang Zhu<\/strong><br>Postdoc<br><a href=\"mailto:minganghd@yahoo.com\">minganghd@yahoo.com<\/a><\/p>\n\n<\/div>\n<\/div>\n\n\n<div class=\"\"><!--[vf\/content]-->\n<div class=\"vf-content\">\n<div class=\"vf-links vf-links__list--easy\">\n      <h3 class=\"vf-links__heading\">Also in this page:<\/h3>\n    <ul class=\"vf-links__list vf-list\">\n    <li class=\"vf-list__item\">\n          <a class=\"vf-list__link\" href=\"#former\">\n        Former group members          <svg class=\"vf-icon vf-icon__arrow--down | vf-list__icon\" xmlns=\"http:\/\/www.w3.org\/2000\/svg\" viewBox=\"0 0 24 24\">\n            <title>arrow-button-down<\/title>\n            <path d=\"M.249,7.207,11.233,19.678h0a1.066,1.066,0,0,0,1.539,0L23.751,7.207a.987.987,0,0,0-.107-1.414l-1.85-1.557a1.028,1.028,0,0,0-1.438.111L12.191,13.8a.25.25,0,0,1-.379,0L3.644,4.346A1.021,1.021,0,0,0,2.948,4a1,1,0,0,0-.741.238L.356,5.793A.988.988,0,0,0,0,6.478.978.978,0,0,0,.249,7.207Z\"\/>\n          <\/svg>\n              <\/a>\n      <\/li>\n  <\/ul>\n\n<\/div>\n\n<\/div>\n<\/div>\n<\/div>\n","protected":false},"excerpt":{"rendered":"","protected":false},"author":1,"featured_media":0,"parent":31,"menu_order":0,"comment_status":"closed","ping_status":"closed","template":"template-title-left-aligned.php","meta":{"_acf_changed":false,"footnotes":""},"embl_taxonomy":[],"class_list":["post-66","page","type-page","status-publish","hentry"],"acf":[],"embl_taxonomy_terms":[],"_links":{"self":[{"href":"https:\/\/www.embl.org\/about\/info\/mmpu\/wp-json\/wp\/v2\/pages\/66","targetHints":{"allow":["GET"]}}],"collection":[{"href":"https:\/\/www.embl.org\/about\/info\/mmpu\/wp-json\/wp\/v2\/pages"}],"about":[{"href":"https:\/\/www.embl.org\/about\/info\/mmpu\/wp-json\/wp\/v2\/types\/page"}],"author":[{"embeddable":true,"href":"https:\/\/www.embl.org\/about\/info\/mmpu\/wp-json\/wp\/v2\/users\/1"}],"replies":[{"embeddable":true,"href":"https:\/\/www.embl.org\/about\/info\/mmpu\/wp-json\/wp\/v2\/comments?post=66"}],"version-history":[{"count":43,"href":"https:\/\/www.embl.org\/about\/info\/mmpu\/wp-json\/wp\/v2\/pages\/66\/revisions"}],"predecessor-version":[{"id":10807,"href":"https:\/\/www.embl.org\/about\/info\/mmpu\/wp-json\/wp\/v2\/pages\/66\/revisions\/10807"}],"up":[{"embeddable":true,"href":"https:\/\/www.embl.org\/about\/info\/mmpu\/wp-json\/wp\/v2\/pages\/31"}],"wp:attachment":[{"href":"https:\/\/www.embl.org\/about\/info\/mmpu\/wp-json\/wp\/v2\/media?parent=66"}],"wp:term":[{"taxonomy":"embl_taxonomy","embeddable":true,"href":"https:\/\/www.embl.org\/about\/info\/mmpu\/wp-json\/wp\/v2\/embl_taxonomy?post=66"}],"curies":[{"name":"wp","href":"https:\/\/api.w.org\/{rel}","templated":true}]}}