{"id":383,"date":"2020-10-29T12:25:41","date_gmt":"2020-10-29T12:25:41","guid":{"rendered":"https:\/\/www.embl.org\/about\/info\/mmpu\/?page_id=383"},"modified":"2022-01-24T08:52:48","modified_gmt":"2022-01-24T08:52:48","slug":"news-archive","status":"publish","type":"page","link":"https:\/\/www.embl.org\/about\/info\/mmpu\/news\/news-archive\/","title":{"rendered":"News Archive"},"content":{"rendered":"\n<div class=\"vf-grid | vf-grid__col-3\"><div class=\"vf-grid__col--span-2\"><!--[vf\/content]-->\n<div class=\"vf-content\">\n<p class=\"vf-lede\"><strong>2017 and earlier<\/strong><\/p>\n\n\n\n<p> December 2017 Press Release<br>Jan Siemens receives an ERC Consolidator Grant for his outstanding research on Temperature Detection and Thermoregulation<br><a href=\"https:\/\/www.klinikum.uni-heidelberg.de\/Pressemitteilungen.136514.0.html?&amp;no_cache=1&amp;tx_ifabprins_pressmanagement%5Bid%5D=5605&amp;tx_ifabprins_pressmanagement%5Baction%5D=show&amp;tx_ifabprins_pressmanagement%5Bcontroller%5D=PressManagement&amp;cHash=af7326216f871d40790318ded6c51547\">Press release Heidelberg University Hospital (in German)<\/a> <\/p>\n\n\n\n<p> November 2017 Press Release<br>Rohini Kuner receives the <a href=\"https:\/\/www.uni-heidelberg.de\/presse\/news2017\/rohini-kuner-receives-hmls-investigator-award.html\">HMLS Investigator Award 2017<\/a> for her ongoing efforts to consolidate innovative interdisciplinary research and for her active support and encouragement of young researchers.<br><a href=\"https:\/\/www.klinikum.uni-heidelberg.de\/Pressemitteilungen.136514.0.html?&amp;no_cache=1&amp;tx_ifabprins_pressmanagement%5Bid%5D=5596&amp;tx_ifabprins_pressmanagement%5Baction%5D=show&amp;tx_ifabprins_pressmanagement%5Bcontroller%5D=PressManagement&amp;cHash=564c52a8f7e782612663fdcfdc696d0b\">Press release Heidelberg University Hospital (in German)<\/a> <\/p>\n\n\n\n<p> October 2017<br>Sir Hans Krebs Preis and PHOENIX Pharmazie Wissenschaftspreis 2017 awarded to Jan Siemens. For the 21st time, the PHOENIX group honors excellent work in the field of pharmacological Research and Development.<br><a href=\"http:\/\/www.cellnetworks.uni-hd.de\/news\/1177511\/Sir_Hans_Krebs_Preis_and_PHOENIX_Pharmazie_Wissenschaftspreis_2017_awarded_to_Prof__Dr__Jan_Siemens\">News article (in English)<\/a><br><a href=\"https:\/\/www.phoenixgroup.eu\/de\/presse\/aktuell\/pressemitteilungen\/detail\/forschung-fuer-die-medizin-von-morgen\/\">Press release Phoenixgruppe (in German)<\/a> <\/p>\n\n\n\n<p> June 2017 Press Release<br>MMPU researcher Martina Muckenthaler describes how iron overload also affects the lung.<br><a href=\"https:\/\/www.klinikum.uni-heidelberg.de\/Pressemitteilungen.136514.0.html?&amp;no_cache=1&amp;tx_ifabprins_pressmanagement%5Bid%5D=5524&amp;tx_ifabprins_pressmanagement%5Baction%5D=show&amp;tx_ifabprins_pressmanagement%5Bcontroller%5D=PressManagement&amp;cHash=9a6503ece55d1a5894176f373b477a45\">Press release Heidelberg University Hospital (in German)<\/a> <\/p>\n\n\n\n<p> December 2016 Press Release<br>Matthias Hentze receives the 2016 HMLS award for his significant contributions to the development of Heidelberg as a research location and for his outstanding research on the control of gene regulation.<br><a href=\"https:\/\/www.uni-heidelberg.de\/presse\/news2016\/pm20161212-matthias-hentze-receives-hmls-investigator-award.html\">Press release Heidelberg University<\/a> <\/p>\n\n\n\n<p> August 2016 News Article<br>\u201eWe need this kind of research\u201c. German Federal Minister of Health visits EMBL and is impressed by MMPU research.<br><a href=\"https:\/\/www.embl.org\/about\/info\/mmpu\/wp-content\/uploads\/2020\/10\/8_2016_Wir-brauchen-diese-Forschung_-Mannheimer-Morgen.pdf\">News article in Mannheimer Morgen as pdf (in German)<\/a> <\/p>\n\n\n\n<p> August 2016 Press Release<br>MMPU Wissenschaftler beschreiben in Science, wie das Gehirn einer \u00dcberhitzung bei Fieber entgegenwirkt.<br>In Science MMPU researchers describe how the brain prevents overheating when body temperature is increased.<br><a href=\"http:\/\/www.spektrum.de\/news\/thermostatzellen-sorgen-fuer-einen-kuehlen-kopf\/1421057\">News article in Spektrum.de (in German).<\/a><br><a href=\"https:\/\/www.klinikum.uni-heidelberg.de\/pressemitteilungen.136514.0.html?&amp;tx_ifabprins_pressmanagement%5Baction%5D=show&amp;tx_ifabprins_pressmanagement%5Bcontroller%5D=PressManagement&amp;tx_ifabprins_pressmanagement%5Bid%5D=5405\">Press Release Heidelberg University Hospital (in German)<\/a>.<br><a href=\"https:\/\/www.embl.org\/about\/info\/mmpu\/wp-content\/uploads\/2020\/10\/8_2016-Universita_tsKlinikum-Heidelberg_-Pressemitteilungen-Jan-Siemens.pdf\">Press Release HUH as pdf (in German).<br><\/a><a href=\"http:\/\/www.deutschlandfunk.de\/molekularer-mechanismus-thermostat-im-kopf.676.de.html?dram:article_id=364166\">Deutschlandfunk Radio interview (in German)<\/a><a href=\"chrome-extension:\/\/cjedbglnccaioiolemnfhjncicchinao\/8_2016-Universita_tsKlinikum-Heidelberg_-Pressemitteilungen-Jan-Siemens.pdf\">.<\/a><br><a href=\"https:\/\/www.sciencenews.org\/article\/cool-nerve-cells-help-mice-beat-heat?tgt=nr#video\">News article in ScienceNews Magazin (in English)<\/a>. <\/p>\n\n\n\n<p> July 2016 Press Release<br>Study provides insights into workings of new HIV drugs and how virus becomes resistant<br><a href=\"http:\/\/www.embl.de\/aboutus\/communication_outreach\/media_relations\/2016\/160714_Briggs\/\">Press Release EMBL<\/a><br><a href=\"https:\/\/www.klinikum.uni-heidelberg.de\/pressemitteilungen.136514.0.html?ifab_modus=detail&amp;ifab_id=5393\">Press Release Heidelberg University Hospital (in German)<\/a><br><a href=\"https:\/\/www.embl.org\/about\/info\/mmpu\/wp-content\/uploads\/2020\/10\/7_2016-Pressemitteilungen-HIV.pdf\">pdf<\/a> <\/p>\n\n\n\n<p> June 2016<br>EMBL Partnership Conference on Perspectives in Translational Medicine took place in the context of the EMBL Partnership Programme and brought together EMBL and its local and remote partner institutes operating in the field of molecular medicine.<br><a href=\"http:\/\/www.embl.de\/research\/partnerships\/index.html\">Read more about EMBL Partnerships<\/a> <\/p>\n\n\n\n<p>October 2015 Press Release<br>Bridging the gap between basic research in molecular biology and medicine.<br>Eine Br\u00fccke schlagen zwischen Grundlagenforschung und Medizin.<br><a href=\"http:\/\/www.klinikum.uni-heidelberg.de\/Pressemitteilungen.136514.0.html?&amp;ifab_id=5245&amp;ifab_modus=detail&amp;ifab_uid=33c5f5bff620151107112203\">Press Release Heidelberg University Hospital (in German)<\/a><br><a href=\"https:\/\/www.embl.org\/about\/info\/mmpu\/wp-content\/uploads\/2020\/10\/8_2015-Pressemitteilung.pdf\">pdf<\/a><\/p>\n\n\n\n<p>July 2015 EMBL News<br>Union makes success.<br>With the goal of joining forces to further scientific and medical research, EMBL and the Medical Faculty of the University of Heidelberg have renewed the successful Molecular Medicine Partnership Unit (MMPU) agreement until 2025.<br><a href=\"http:\/\/news.embl.de\/lab-matters\/1507-mmpu\/\">Read article<\/a> <\/p>\n\n\n\n<p>February 2015 Press Release<br>How to calm down pain hypersensitivity<br>Heidelberg scientists find peripheral GABA to counteract TRPV1 sensitization<br><a href=\"http:\/\/www.klinikum.uni-heidelberg.de\/Pressemitteilungen.136514.0.html?&amp;ifab_id=5141&amp;ifab_modus=detail&amp;ifab_uid=2b1905b5d420150310221103\">Press Release Heidelberg University Hospital (in German)<\/a><br><a href=\"http:\/\/painresearchforum.org\/news\/51110-peripheral-gaba-relieves-trpv1-sensitization-thermal-hypersensitivity\">News article PainResearchForum<\/a> <\/p>\n\n\n\n<p> February 2015 EMBL Press Release<br>The battle for iron.<br>The search for therapies against this anaemia of\u00a0chronic disease (ACD) could take on new directions thanks to a study\u00a0published in\u00a0<em>Blood.<\/em><br><a href=\"http:\/\/www.embl.de\/aboutus\/communication_outreach\/media_relations\/2015\/150206_Heidelberg\/index.html\">Press Release EMBL<\/a><a href=\"http:\/\/www.klinikum.uni-heidelberg.de\/Pressemitteilungen.136514.0.html?&amp;ifab_id=5136&amp;ifab_modus=detail&amp;ifab_uid=30410be14920150206171237\">Press Release Heidelberg University Hospital<\/a> <\/p>\n\n\n\n<p> February 2015 EMBL NEWS etc. science<br>Beyond sequencing<br>Human geneticists and cell biologists have gone beyond vague links between genes and disease to pinpoint cause and effect, in a study they see as both a poster-child for cross-discipline collaboration and a call for caution.<br><a href=\"http:\/\/news.embl.de\/science\/1502_beyond_genetic_sequencing\/?_ga=1.248478532.2116144613.1426169940\">more<\/a> <\/p>\n\n\n\n<p>November 2014 EMBL Press Release<br>Scientists from the MMPU group HIV-1 formation and its inhibition have obtained the first structure of the immature form of HIV at a high enough resolution to pinpoint exactly where each building block sits in the virus. The study, published <a href=\"http:\/\/www.nature.com\/nature\/journal\/vaop\/ncurrent\/full\/nature13838.html\">online in Nature<\/a>, reveals that the building blocks of the immature form of HIV are arranged in a surprising way.<br><a href=\"http:\/\/www.embl.de\/aboutus\/communication_outreach\/media_relations\/2014\/141102_Heidelberg\/index.html\">Press Release EMBL<\/a><br><a href=\"http:\/\/www.klinikum.uni-heidelberg.de\/Pressemitteilungen.136514.0.html?&amp;ifab_id=5083&amp;ifab_modus=detail&amp;ifab_uid=90f4760fcc20141201125922\">Press Release Heidelberg University Hospital<\/a><\/p>\n\n\n\n<p>August 2014<br>Unpacking iron overload:<br>A rare form of an iron overload disorder kills pancreatic function, MMPU scientists find.<br><a href=\"https:\/\/www.klinikum.uni-heidelberg.de\/ShowSingleNews.7870.0.html?&amp;L=0&amp;cHash=7d084d6d2f16858ff4a531d95fdcd2a4&amp;tx_ttnews%5Btt_news%5D=7555\">Press Release Heidelberg University Hospital<\/a><\/p>\n\n\n\n<p>December 2013, EMBL&amp;cetera newsletter<br><a href=\"https:\/\/www.embl.org\/about\/info\/mmpu\/wp-content\/uploads\/2020\/10\/EMBL_ecetera_Issue78.pdf\">MMPU on a mission<br><\/a>Many medical research-related questions were discussed at the 12th public MMPU Research Day in Heidelberg.<\/p>\n\n\n\n<p>February 2013, EMBL&amp;cetera newsletter<br><a href=\"https:\/\/www.embl.org\/about\/info\/mmpu\/wp-content\/uploads\/2020\/10\/EMBL_ecetera_issue73__Feb_2013.pdf\">Top clinicians join as MMPU fellows<br><\/a>Three top-level clinician scientists have been awarded the first Heidelberg Research Center for Molecular Medicine (HRCMM) Career Development Fellowships (CDF).<\/p>\n\n\n\n<p>February 2013 EMBL Press Release<br><a href=\"https:\/\/www.embl.org\/about\/info\/mmpu\/wp-content\/uploads\/2020\/10\/PR_Pepperkok_zeroing_in_on_heart_disease.pdf\">Zeroing in on heart disease<br><\/a>Innovative strategy pinpoints genes underlying cardiovascular disease risk.<br>Studies screening the genome of hundreds of thousands of individuals have linked more than 100 regions in the genome to the risk of developing cardiovascular disease. Researchers from EMBL and the University of Heidelberg are taking these results one step further by pinpointing the exact genes that could have a role in the onset of the disease. Their findings are published today in the Public Library of Science (PLoS) Genetics.<br><a href=\"http:\/\/www.embl.de\/aboutus\/communication_outreach\/news\/index.html\">more<\/a>&nbsp;<br><a href=\"http:\/\/www.klinikum.uni-heidelberg.de\/ShowSingleNews.176.0.html?&amp;no_cache=1&amp;tx_ttnews[tt_news]=6693&amp;cHash=7c222edd1edabdb1f44d3998249f20a8\">Universit\u00e4tsklinikum Heidelberg Pressemitteilung<\/a><\/p>\n\n\n\n<p>June 2012<br>The new Heidelberg Research Centre for Molecular Medicine (<a href=\"https:\/\/www.embl.org\/about\/info\/mmpu\/heidelberg-research-centre-for-molecular-medicine-hrcmm\/\" data-type=\"page\" data-id=\"127\">HRCMM<\/a>), part of the Excellence Initiative II ( a programme run by the German&nbsp;federal and state governments) assigns 3 different fellowship opportunities for exceptional medical students and top-level clinicians, who wish to pursue careers in translational medicine: medical students, medical researchers during their advanced&nbsp;fellowship training, and established physicians are encouraged to apply. Details are on our website <a href=\"https:\/\/www.embl.org\/about\/info\/mmpu\/jobs-and-fellowships\/\" data-type=\"page\" data-id=\"85\">Jobs and Fellowship<\/a>.<br>In case of interest contact Andreas Kulozik or Matthias Hentze.<\/p>\n\n\n\n<p>January 2012<br>Two additional MMPU Group leaders receive <a href=\"http:\/\/erc.europa.eu\/advanced-grants\">ERC Advanced Grants<\/a>: Rohini Kuner, PI of the MMPU group \u201cChronic Pain\u201d and Matthias Hentze, PI of the MMPU groups \u201cBlood Diseases \u201c and \u201cIron Homeostasis\u201d. ERC Advanced Grants allow exceptional established research leaders to pursue ground-breaking, high-risk projects that open new directions in their respective research fields or other domains.<\/p>\n\n\n\n<p>November 2011<br>Three further groups joined the MMPU: Anne-Claude Gavin (EMBL Heidelberg) and Anthony Ho (Department of Internal Medicine V: Hematology, Oncology and Rheumatology, Heidelberg University Medical Center) study early warning signals of aging, John Briggs (EMBL, Heidelberg) and Hans-Georg Kr\u00e4usslich (Department of Infectious Diseases, Virology, Heidelberg University Medical Center) look how to interfere with the assembly and maturation of infectious HIV-1, and Paul Heppenstall (EMBL Monterotondo) and Rohini Kuner (Institute of Pharmacology, Heidelberg University Medical Center) search for molecular mediators of chronic pain. The MMPU now consists of eight international teams with more than 70 scientists from across the world.<\/p>\n\n\n\n<p>August 2011<br>Two MMPU groups moved into common space provided by the University of Heidelberg, the <a href=\"https:\/\/www.embl.org\/about\/info\/mmpu\/wp-content\/uploads\/2020\/10\/hist_Issue64_august2011_new_home_pdf.pdf\">Otto-Meyerhof-Zentrum (OMZ)<\/a>, Im Neuenheimer Feld 350. The OMZ was built in 2001 and serves as additional building for medical research groups from the Heidelberg University Medical Center with a strong focus on interdisciplinarity. Otto Meyerhof, a German physician and biochemist, was awarded the Nobel Prize in Medicine in 1922 for his work on muscle metabolism.<\/p>\n\n\n\n<p>July 2011<br>Peer Bork received an ERC Advanced Grant for his proposal \u2018Cancerbiome\u2019 which pioneers research into microbial communities associated with cancer. The European Research Council (ERC) is the EU funding body that implements the specific FP7 Programme \u2018Ideas\u2019.<\/p>\n\n\n\n<p>June 2011 EMBL&amp;cetera newsletter<br><a href=\"https:\/\/www.embl.org\/about\/info\/mmpu\/wp-content\/uploads\/2020\/10\/Etcetera_issue_63_page_2.pdf\">From patient to bench and back<br><\/a>Valuable insights presented by members from the 5 research groups and 6 invited guest speakers at the 8th public research day held at the ZMBH.<\/p>\n\n\n\n<p>April 2011, University Hospital Heidelberg press release<br><a href=\"https:\/\/www.embl.org\/about\/info\/mmpu\/wp-content\/uploads\/2020\/10\/20110428_PM57_Muckenthaler_Eisenstoffwe.pdf\">Kleinste Nukleins\u00e4urest\u00fcckchen regulieren Schl\u00fcsselhormon des Eisenstoffwechsels<br><\/a>Novel insights into the role of miRNAs .The liver-specific microRNA miR-122 controls hepcidin, the key hormone that regulates systemic iron homeostasis in mice. Work of the group \u201c Iron Homeostasis\u201d&nbsp; in collaboration with 2 groups of the medical faculty of the University of Heidelberg and from the DKFZ was published in Journal of Clinical Investigations.<\/p>\n\n\n\n<p>April 2011 EMBL press release<br><a href=\"https:\/\/www.embl.org\/about\/info\/mmpu\/wp-content\/uploads\/2020\/10\/PR20Apr11Bork_whats_your_gut_type.pdf\">What&#8217;s your gut type?<br><\/a><a href=\"https:\/\/www.embl.org\/about\/info\/mmpu\/wp-content\/uploads\/2020\/10\/PR20Apr11_DeutschBork_Bakterein_WG_im_Darm.pdf\">Bakterien WG im Darm<br><\/a>Peer Bork, EMBL, co-heading the MMPU group \u201cCancer Early Detection\u201d, and his collaborators in the international MetaHIT consortium, have found that humans harbour three different types of gut microbial communities. The story, published in Nature, has been covered by far more than 100 newspapers around the world, for example in the <a href=\"http:\/\/www.nytimes.com\/2011\/04\/21\/science\/21gut.html\">New York Times<\/a>.<\/p>\n\n\n\n<p>February 2011, EMBL press release<br><a href=\"https:\/\/www.embl.org\/about\/info\/mmpu\/wp-content\/uploads\/2020\/10\/PR4feb11blood_clotting.pdf\">Blood-clotting protein linked to cancer and septicaemia<br><\/a>Scientists of the group &#8221; Diseases of mRNA metabolism&#8221; have discovered how stressed cells boost the production of the key blood-clotting factor, thrombin. Their work, published in Molecular Cell, shows how cancer cells may be taking advantage of this process, and opens new possibilities for fighting back against cancer and septicaemia.<\/p>\n\n\n\n<p>December 2010 EMBL&amp;cetera newsletter<br><a href=\"https:\/\/www.embl.org\/about\/info\/mmpu\/wp-content\/uploads\/2020\/10\/dec10_pdf.pdf\">Perspectives for Translational Medicine in Heidelberg<br><\/a>The MMPU contributed to the 625 year celebrations of Heidelberg University by organizing a special one day symposium to build bridges between medicine and molecular research and to strengthen state-of-the-art translational medicine.<\/p>\n\n\n\n<p>17 November 2010 University Hospital Heidelberg press release<br><a href=\"https:\/\/www.embl.org\/about\/info\/mmpu\/wp-content\/uploads\/2020\/10\/nov10_pdf.pdf\">Symposium Translationale Medizin: Vom Labor zum Patienten \u2013 ein Br\u00fcckenschlag von der Grundlagenforschung in die Klinik<\/a><\/p>\n\n\n\n<p>June 2010 EMBL&amp;cetera newsletter<br><a href=\"https:\/\/www.embl.org\/about\/info\/mmpu\/wp-content\/uploads\/2020\/10\/jun10_pdf.pdf\">Feet of strength<br><\/a>MMPU 4U \u2013 4 MMPU PIs participated at the Heidelberg Half- Marathon. \u201cFeet of strength\u201d were needed to run Heidelberg\u2019s grueling hills and dales.<\/p>\n\n\n\n<p>December 2009, EMBL&amp;cetera newsletter<br><a href=\"https:\/\/www.embl.org\/about\/info\/mmpu\/wp-content\/uploads\/2020\/10\/dec09_pdf.pdf\">Open doors at the MMPU<br><\/a>The 5th public Research Day took place at the new Advanced Training Centre (ATC) at EMBL. Members of each group as well as one guest speaker presented their recent findings.<\/p>\n\n\n\n<p>12 August 2009, Pressemitteilung Universit\u00e4tsklinikum Heidelberg<br><a href=\"http:\/\/www.klinikum.uni-heidelberg.de\/ShowSingleNews.176.0.html?&amp;no_cache=1&amp;tx_ttnews[pS]=1251206803&amp;tx_ttnews[tt_news]=4606&amp;tx_ttnews[backPid]=24&amp;cHash=c4caecb13d\">Bessere \u00dcberwachung von Bronchitis und Lungen\u00fcberbl\u00e4hung \/ Heidelberger Wissenschaftler von Universit\u00e4tsklinikum und EMBL ver\u00f6ffentlichen in <em>Nature Chemical Biology<\/em><\/a> Heidelberger Wissenschaftler haben im Tiermodell einen neuen diagnostischen Test f\u00fcr Lungenerkrankungen wie chronische Bronchitis und Lungen\u00fcberbl\u00e4hung (Emphysem) entwickelt, der in Zukunft auch am Menschen eingesetzt werden kann.<\/p>\n\n\n\n<p>2 August 2009, EMBL press release<br><a href=\"https:\/\/www.embl.de\/aboutus\/communication_outreach\/media_relations\/2009\/090802_Heidelberg\/index.html\">Scientists open doors to diagnosis of emphysema<\/a><br>Work by scientists at the European Molecular Biology Laboratory (EMBL) and its Molecular Medicine Partnership Unit (MMPU) with the University of Heidelberg, Germany, has shed new light on the underlying disease process of emphysema using a technique which could in future be adapted for use in diagnosis.<\/p>\n\n\n\n<p>7 July 2009, EMBL press release<br><a href=\"https:\/\/www.embl.de\/aboutus\/communication_outreach\/media_relations\/2009\/090707_Heidelberg\/index.html\">Scientists identify cholesterol-regulating genes<\/a><br>Scientists at the European Molecular Biology Laboratory (EMBL) and the University of Heidelberg, Germany, have come a step closer to understanding how cholesterol levels are regulated.<\/p>\n\n\n\n<p>7 July 2009, Informationsdienst Wissenschaft<br><a href=\"http:\/\/idw-online.de\/pages\/de\/news324962\">Neue Gene f\u00fcr die Regulation des Cholesterin-Stoffwechsels<\/a><br>Wissenschaftler des Universit\u00e4tsklinikums Heidelberg und des Europ\u00e4ischen Molekularbiologischen Labors (EMBL) sind dem Verst\u00e4ndnis der Regulation des Cholesterinspiegels einen gro\u00dfen Schritt n\u00e4her gekommen.<\/p>\n\n\n\n<p>June 2009, EMBL&amp;cetera newsletter<br><a href=\"https:\/\/www.embl.org\/about\/info\/mmpu\/wp-content\/uploads\/2020\/10\/jun09_pdf.pdf\">Biology goes green<br><\/a>The Molecular Medicine Partnership Unit (MMPU) of EMBL and Heidelberg University has uncovered the first step in the recycling of a crucial molecular tag that ensures correct translation, helping protect against genetic diseases.<\/p>\n\n\n\n<p>16 April 2009, FAZ.NET<br><a href=\"http:\/\/www.faz.net\/s\/Rub268AB64801534CF288DF93BB89F2D797\/Doc~E0D202B776D084AED87A01A01F5220B27~ATpl~Ecommon~Scontent.html\">Lebensw\u00e4chter am seidenen Faden<\/a><br>Zellen m\u00fcssen sehr genau und zugleich \u00f6konomisch arbeiten, wollen sie \u00fcber Generationen hinweg ihre Aufgaben fehlerfrei erf\u00fcllen k\u00f6nnen.<\/p>\n\n\n\n<p>February 2006, EMBL&amp;cetera Newsletter<br><a href=\"https:\/\/www.embl.org\/about\/info\/mmpu\/wp-content\/uploads\/2020\/10\/hist_feb06_pdf.pdf\">Three new groups strengthen research\/medicine links<\/a><\/p>\n\n\n\n<p>18 July 2005, Joint Press Release EMBL \/ University of Heidelberg<br><a href=\"https:\/\/www.embl.org\/about\/info\/mmpu\/wp-content\/uploads\/2020\/10\/hist_jul05de_pdf.pdf\">Partnerschaftseinheit Molekularmedizin jetzt in zweiter Phase<br><\/a><a href=\"https:\/\/www.embl.org\/about\/info\/mmpu\/wp-content\/uploads\/2020\/10\/hist_jul05_pdf.pdf\">Molecular Medicine Partnership Unit initiates second phase<\/a><\/p>\n\n\n\n<p>15 May 2003, <em>Nature<\/em> article<br><a href=\"https:\/\/www.embl.org\/about\/info\/mmpu\/wp-content\/uploads\/2020\/10\/muenster_match_nature_pdf.pdf\">The Muenster match<\/a><\/p>\n\n\n\n<p>25 January 2002, EMBL Press Release<br><a href=\"https:\/\/www.embl.org\/about\/info\/mmpu\/wp-content\/uploads\/2020\/10\/hist_jan02_pdf.pdf\">Neue Forschungseinheit in der Universit\u00e4tskinderklinik \/ EMBL<br>New research unit established between Heidelberg University Clinic and EMBL<\/a><\/p>\n\n<\/div>\n<\/div>\n\n\n<div class=\"\"><!--[vf\/content]-->\n<div class=\"vf-content\">\n\n<\/div>\n<\/div>\n<\/div>\n","protected":false},"excerpt":{"rendered":"","protected":false},"author":1,"featured_media":0,"parent":89,"menu_order":0,"comment_status":"closed","ping_status":"closed","template":"template-title-left-aligned.php","meta":{"_acf_changed":false,"footnotes":""},"embl_taxonomy":[],"class_list":["post-383","page","type-page","status-publish","hentry"],"acf":[],"embl_taxonomy_terms":[],"_links":{"self":[{"href":"https:\/\/www.embl.org\/about\/info\/mmpu\/wp-json\/wp\/v2\/pages\/383","targetHints":{"allow":["GET"]}}],"collection":[{"href":"https:\/\/www.embl.org\/about\/info\/mmpu\/wp-json\/wp\/v2\/pages"}],"about":[{"href":"https:\/\/www.embl.org\/about\/info\/mmpu\/wp-json\/wp\/v2\/types\/page"}],"author":[{"embeddable":true,"href":"https:\/\/www.embl.org\/about\/info\/mmpu\/wp-json\/wp\/v2\/users\/1"}],"replies":[{"embeddable":true,"href":"https:\/\/www.embl.org\/about\/info\/mmpu\/wp-json\/wp\/v2\/comments?post=383"}],"version-history":[{"count":7,"href":"https:\/\/www.embl.org\/about\/info\/mmpu\/wp-json\/wp\/v2\/pages\/383\/revisions"}],"predecessor-version":[{"id":1774,"href":"https:\/\/www.embl.org\/about\/info\/mmpu\/wp-json\/wp\/v2\/pages\/383\/revisions\/1774"}],"up":[{"embeddable":true,"href":"https:\/\/www.embl.org\/about\/info\/mmpu\/wp-json\/wp\/v2\/pages\/89"}],"wp:attachment":[{"href":"https:\/\/www.embl.org\/about\/info\/mmpu\/wp-json\/wp\/v2\/media?parent=383"}],"wp:term":[{"taxonomy":"embl_taxonomy","embeddable":true,"href":"https:\/\/www.embl.org\/about\/info\/mmpu\/wp-json\/wp\/v2\/embl_taxonomy?post=383"}],"curies":[{"name":"wp","href":"https:\/\/api.w.org\/{rel}","templated":true}]}}