{"id":114,"date":"2020-10-28T12:49:16","date_gmt":"2020-10-28T12:49:16","guid":{"rendered":"https:\/\/www.embl.org\/about\/info\/mmpu\/?page_id=114"},"modified":"2022-02-08T17:10:10","modified_gmt":"2022-02-08T17:10:10","slug":"hiv-1-formation-and-its-inhibition","status":"publish","type":"page","link":"https:\/\/www.embl.org\/about\/info\/mmpu\/research-groups\/former-research-groups\/hiv-1-formation-and-its-inhibition\/","title":{"rendered":"HIV-1 formation and its inhibition"},"content":{"rendered":"\n<div class=\"vf-grid | vf-grid__col-3\"><div class=\"vf-grid__col--span-2\"><!--[vf\/content]-->\n<div class=\"vf-content\">\n\n<h2 class=\"wp-block-heading\">John Briggs and Hans-Georg Kr\u00e4usslich<\/h2>\n\n\n\n<p><strong>MMPU Group 2011 &#8211; 2018<\/strong><\/p>\n\n\n\n<h2 class=\"wp-block-heading\">Project Summary<\/h2>\n\n\n\n<p>HIV-1, the causative agent of AIDS, is a major human pathogen with &gt;30 million infected people world-wide and several million deaths annually. More than twenty drugs targeting different stages of HIV replication are in clinical use, but there is still an urgent need for new antivirals. Rapid and wide-spread resistance and side effects of available drugs limit the currently available therapeutic arsenal. We apply a combination of virology with state-of-the-art electron microscopy methods to decipher the architecture and dynamic alterations of HIV during assembly and maturation. Applying these methods, we aim to (i) understand how the virus develops resistance against existing drugs, (ii) how novel drugs and drug candidates work and (iii) obtain sufficiently detailed structural information to inform structure-based drug design of compounds blocking formation of the virion.<\/p>\n\n\n\n<h3 class=\"wp-block-heading\">Background<\/h3>\n\n\n\n<p>Assembly and budding of HIV is directed by the viral Gag polyprotein. The virus is initially released as immature non-infectious particle consisting of mostly uncleaved Gag polyproteins. Extracellular maturation occurs after proteolytic processing of Gag at five different cleavage sites which is mediated by the virus-encoded, virion-associated protease (PR), translated as part of the Gag-Pol polyprotein. The immature virion consists of 2 &#8211; 3,000 Gag polyproteins arranged as spherical protein shell. Maturation leads to disassembly of the immature Gag layer, followed by a second assembly stage forming the mature cone-shaped capsid. Maturation and thus infectivity can be blocked by PR inhibitors, which are a mainstay of current anti-HIV therapy. Assembly of the immature as well as of the mature structure appear to be good antiviral targets, though only few compounds have been reported so far to affect these stages. The virion protein shell constitutes an irregular, heterogeneous structure, which makes structural analysis challenging. Cryo electron microscopy in combination with virology techniques is particularly suitable to overcome structural heterogeneity and to provide a higher resolution picture of the structures of the immature and mature virions as well as their intermediates. By doing so, these approaches will also provide the basis for an understanding of resistance to current drugs, define the mechanism of new compounds and identify new targets for structure-based drug development.<\/p>\n\n\n\n<h3 class=\"wp-block-heading\">Research Goals<\/h3>\n\n\n\n<h4 class=\"wp-block-heading\">Research Goal 1: PI resistance<\/h4>\n\n\n\n<p>Protease inhibitors (PI) have been a key factor in the success of HIV therapy, but as with all clinically used drugs resistance has been observed. Compared to reverse transcriptase inhibitors, resistance against PI is mechanistically less well understood, but is believed to be a stepwise process involving resistance mutations in PR and compensatory mutations in PR and its cleavage sites as well as at other positions in Gag.<\/p>\n\n\n\n<p>It is the aim of this collaborative work to determine the underlying molecular and structural mechanism and to decipher the complex interplay of substrate and enzyme mutations in PI resistance. Combined expertise in virology, biochemistry and structural biology is essential to uncover the complex mechanisms of PI resistance development and the role of substrate-enzyme co-evolution.<\/p>\n\n\n\n<h4 class=\"wp-block-heading\">Research Goal 2: Assembly inhibitors<\/h4>\n\n\n\n<p>Assembly of both the immature and the mature lattice appear to be good targets for antiviral agents, as multiple weak interactions must cooperate to achieve the ordered protein shell. Disruption of only some interactions may be sufficient to affect infectivity since both stabilization and destabilization of the lattice seem to reduce specific infectivity of the virus.<\/p>\n\n\n\n<p>Candidate compounds affecting assembly of either the immature or the mature protein shell (or both) have been developed by us and others, and some of these compounds have been shown to be active in tissue culture. However, detailed structural and functional analysis of their inhibitory mechanism and consequent improvement of their activity is now required to further develop such compounds into the clinic.<\/p>\n\n\n\n<p>We are carrying out this analysis using virology, biochemistry and structural biology methods to explore the effect of inhibitors on virus assembly and on in vitro systems mimicking virus assembly.<\/p>\n\n\n\n<h4 class=\"wp-block-heading\">Research Goal 3: Structure to inform drug design<\/h4>\n\n\n\n<p>To understand the assembly of the immature virus and to development new compounds directed against this structure, it is important to obtain a high-resolution structural view of the immature virus. The heterogeneous nature of the immature virus structure makes it difficult to study by conventional structural biology methods, and no high-resolution structure is currently available. We aim to resolve the structure of the immature virus to high resolution. To achieve this we are studying immature virus particles using cryo-electron tomography and sub-tomogram averaging methods.<\/p>\n\n\n\n<p>In parallel we are developing protein constructs which can be assembled in vitro into structures which mimic the arrangement in the immature virus. Such in vitro assembled structures are potentially more regular and therefore more appropriate for high-resolution structural study. The structural data will represent a basis for the development of new molecules to inhibit assembly of the immature lattice (assembly inhibitors), and to inhibit PR mediated disassembly of the lattice (maturation inhibitors).<\/p>\n\n\n\n<details  class=\"vf-details\" id=\"\"  >\n<summary class=\"vf-details--summary\">\nSelected publications<\/summary>\n<div class=\"acf-innerblocks-container\">\n\n<p><a href=\"https:\/\/pubmed.ncbi.nlm.nih.gov\/34353956\/\">Maturation of the matrix and viral membrane of HIV-1.<\/a> <br>Qu K, Ke Z, Zila V, Anders-\u00d6sswein M, Glass B, M\u00fccksch F, M\u00fcller R, Schultz C, M\u00fcller B, Kr\u00e4usslich HG, Briggs JAG. Science. 2021 Aug 6;373(6555):700-704. doi: 10.1126\/science.abe6821. PMID: 34353956<\/p>\n\n\n\n<p><a href=\"https:\/\/www.ncbi.nlm.nih.gov\/pubmed\/30478053\">Structure and architecture of immature and mature murine leukemia virus capsids.<\/a><br>Qu K, Glass B, Dole\u017eal M, Schur FKM, Murciano B, Rein A, Rumlov\u00e1 M, Ruml T, Kr\u00e4usslich HG, Briggs JAG.<br>Proc Natl Acad Sci U S A. 2018 Dec 11;115(50):E11751-E11760. doi: 10.1073\/pnas.1811580115. Epub 2018 Nov 26. PMID:30478053<\/p>\n\n\n\n<p><a href=\"https:\/\/www.ncbi.nlm.nih.gov\/pubmed\/30217893\">High-resolution structures of HIV-1 Gag cleavage mutants determine structural switch for virus maturation.<\/a><br>Mattei S, Tan A, Glass B, M\u00fcller B, Kr\u00e4usslich HG, Briggs JAG.<br>Proc Natl Acad Sci U S A. 2018 Oct 2;115(40):E9401-E9410. doi: 10.1073\/pnas.1811237115. Epub 2018 Sep 14. PMID:30217893<\/p>\n\n\n\n<p><a href=\"https:\/\/www.ncbi.nlm.nih.gov\/pubmed\/27980210\">The structure and flexibility of conical HIV-1 capsids determined within intact virions.<\/a><br>Mattei S, Glass B, Hagen WJ, Kr\u00e4usslich HG, Briggs JA.<br>Science. 2016 Dec 16;354(6318):1434-1437.<br>PMID: 27980210<\/p>\n\n\n\n<p><a href=\"http:\/\/www.ncbi.nlm.nih.gov\/pubmed\/27417497\">An atomic model of HIV-1 capsid-SP1 reveals structures regulating assembly and maturation.<\/a><br>Schur FK, Obr M, Hagen WJ, Wan W, Jakobi AJ, Kirkpatrick JM, Sachse C, Kr\u00e4usslich HG, Briggs JA.<br>Science. 2016 Jul 29;353(6298):506-8. doi: 10.1126\/science.aaf9620. Epub 2016 Jul 14.<br>PMID: 27417497<\/p>\n\n\n\n<p><a href=\"http:\/\/www.ncbi.nlm.nih.gov\/pubmed\/27368127\">New hardware and workflows for semi-automated correlative cryo-fluorescence and cryo-electron microscopy\/tomography.<\/a><br>Schorb M, Gaechter L, Avinoam O, Sieckmann F, Clarke M, Bebeacua C, Bykov YS, Sonnen AF, Lihl R, Briggs JA.<br>J Struct Biol. 2016 Jun 28. pii: S1047-8477(16)30135-6. doi: 10.1016\/j.jsb.2016.06.020. [Epub ahead of print] PMID: 27368127<\/p>\n\n\n\n<p><a href=\"http:\/\/www.ncbi.nlm.nih.gov\/pubmed\/26912613\">Nucleic Acid Binding by Mason-Pfizer Monkey Virus CA Promotes Virus Assembly and Genome Packaging.<\/a><br>F\u00fczik T, P\u00edchalov\u00e1 R, Schur FK, Strohalmov\u00e1 K, K\u0159\u00ed\u017eov\u00e1 I, Hadravov\u00e1 R, Rumlov\u00e1 M, Briggs JA, Ulbrich P, Ruml T.<br>J Virol. 2016 Apr 14;90(9):4593-603. doi: 10.1128\/JVI.03197-15. Print 2016 May 1. PMID: 26912613<\/p>\n\n\n\n<p><a href=\"http:\/\/www.ncbi.nlm.nih.gov\/pubmed\/26950744\">A saposin-lipoprotein nanoparticle system for membrane proteins.<\/a><br>Frauenfeld J, L\u00f6ving R, Armache JP, Sonnen AF, Guettou F, Moberg P, Zhu L, Jegersch\u00f6ld C, Flayhan A, Briggs JA, Garoff H, L\u00f6w C, Cheng Y, Nordlund P.<br>Nat Methods. 2016 Apr;13(4):345-51. doi: 10.1038\/nmeth.3801. Epub 2016 Mar 7. PMID: 26950744<\/p>\n\n\n\n<p><a href=\"http:\/\/www.ncbi.nlm.nih.gov\/pubmed\/27010119\">Retrovirus maturation-an extraordinary structural transformation.<\/a><br>Mattei S, Schur FK, Briggs JA.<br>Curr Opin Virol. 2016 Mar 21;18:27-35. doi: 10.1016\/j.coviro.2016.02.008. [Epub ahead of print] Review. PMID: 27010119&nbsp;<\/p>\n\n\n\n<p><a href=\"http:\/\/www.ncbi.nlm.nih.gov\/pubmed\/26223638\">The Structure of Immature Virus-Like Rous Sarcoma Virus Gag Particles Reveals a Structural Role for the p10 Domain in Assembly.<\/a><br>Schur FK, Dick RA, Hagen WJ, Vogt VM, Briggs JA.<br>J Virol. 2015 Oct;89(20):10294-302. doi: 10.1128\/JVI.01502-15. Epub 2015 Jul 29. PMID: 26223638<\/p>\n\n\n\n<p><a href=\"http:\/\/www.ncbi.nlm.nih.gov\/pubmed\/26085153\">Structural Analysis of the Roles of Influenza A Virus Membrane-Associated Proteins in Assembly and Morphology.<\/a><br>Chlanda P, Schraidt O, Kummer S, Riches J, Oberwinkler H, Prinz S, Kr\u00e4usslich HG, Briggs JA.<br>J Virol. 2015 Sep 1;89(17):8957-66. doi: 10.1128\/JVI.00592-15. Epub 2015 Jun 17. PMID:26085153<\/p>\n\n\n\n<p><a href=\"http:\/\/www.ncbi.nlm.nih.gov\/pubmed\/26178992\">RNA and nucleocapsid are dispensable for mature HIV-1 capsid core assembly<\/a>.<br>Mattei S, Flemming A, Anders-\u00d6sswein M, Kr\u00e4usslich HG, Briggs JA, M\u00fcller B.<br>J Virol. 2015 Jul 15. pii: JVI.00750-15. [Epub ahead of print] PMID:26178992<\/p>\n\n\n\n<p><a href=\"http:\/\/www.ncbi.nlm.nih.gov\/pubmed\/25816761\">Retroviral proteases and their roles in virion maturation.<\/a><br>Konvalinka J, Kr\u00e4usslich HG, M\u00fcller B.<br>Virology. 2015 May;479-480:403-17. doi: 10.1016\/j.virol.2015.03.021. Epub 2015 Mar 26. Review. PMID: 25816761<\/p>\n\n\n\n<p><a href=\"http:\/\/www.ncbi.nlm.nih.gov\/pubmed\/25751579\">Triggering HIV polyprotein processing by light using rapid photodegradation of a tight-binding protease inhibitor<\/a>.<br>Schimer J, P\u00e1vov\u00e1 M, Anders M, Pachl P, \u0160\u00e1cha P, C\u00edgler P, Weber J, Majer P, \u0158ez\u00e1\u010dov\u00e1 P, Kr\u00e4usslich HG, M\u00fcller B, Konvalinka J.<br>Nat Commun. 2015 Mar 9;6:6461. doi: 10.1038\/ncomms7461. PMID:25751579<\/p>\n\n\n\n<p><a href=\"http:\/\/www.ncbi.nlm.nih.gov\/pubmed\/25363765\">Structure of the immature HIV-1 capsid in intact virus particles at 8.8&nbsp;\u00c5 resolution.<\/a><br>Schur FK, Hagen WJ, Rumlov\u00e1 M, Ruml T, M\u00fcller B, Kr\u00e4usslich HG, Briggs JA.<br>Nature. 2015 Jan 22;517(7535):505-8. doi: 10.1038\/nature13838. Epub 2014 Nov 2.<br>PMID: 25363765<\/p>\n\n\n\n<p><a href=\"http:\/\/www.ncbi.nlm.nih.gov\/pubmed\/25231305\">Induced maturation of human immunodeficiency virus.<\/a><br>Mattei S, Anders M, Konvalinka J, Kr\u00e4usslich HG, Briggs JA, M\u00fcller B.<br>J Virol. 2014 Dec 1;88(23):13722-31. doi: 10.1128\/JVI.02271-14. Epub 2014 Sep 17.<\/p>\n\n\n\n<p><a href=\"http:\/\/europepmc.org\/abstract\/MED\/24843179\">Cryo-electron microscopy of tubular arrays of HIV-1 Gag resolves structures essential for immature virus assembly<\/a>.<br>Bharat, T.A., Castillo Menendez, L.R., Hagen, W.J., Lux, V., Igonet, S., Schorb, M., Schur, F.K., Krausslich, H.G. &amp; Briggs, J.A.<br><em>Proc Natl Acad Sci U S A. 2014 May 19. pii: 201401455. Europe PMC<\/em><\/p>\n\n\n\n<p><a href=\"http:\/\/www.ncbi.nlm.nih.gov\/pubmed\/24789788\">The NC domain of Gag is dispensable for actin incorporation into HIV-1 and for association of viral budding sites with cortical F-actin<\/a>.<br>Stauffer S1, Rahman SA, de Marco A, Carlson LA, Glass B, Oberwinkler H, Herold N, Briggs JA, M\u00fcller B, Gr\u00fcnewald K, Kr\u00e4usslich HG._<br>J Virol. 2014 Apr 30. [Epub ahead of print]_<\/p>\n\n\n\n<p><a href=\"http:\/\/www.ncbi.nlm.nih.gov\/pubmed\/23055560?dopt=Abstract\">Role of the SP2 Domain and Its Proteolytic Cleavage in HIV-1 Structural Maturation and Infectivity<\/a><br>de Marco, A., Heuser, A.M., Glass, B., Krausslich, H.G., Muller, B. &amp; Briggs, J.A.<br><em>J Virol. 2012 Dec;86(24):13708-16. doi: 10.1128\/JVI.01704-12. Epub 2012 Oct 10<\/em><\/p>\n\n\n\n<p><a href=\"http:\/\/www.ncbi.nlm.nih.gov\/pubmed\/21762795\">The molecular architecture of HIV.<\/a><br>Briggs, J. A. Krausslich, H. G.<br><em>J Mol Biol 2011<\/em> 410, 491-500. (Review)<\/p>\n\n\n\n<p><a href=\"http:\/\/www.ncbi.nlm.nih.gov\/pubmed\/21151640\">Structural analysis of HIV-1 maturation using cryo-electron tomography.<\/a><br>de Marco, A., Muller, B., Glass, B., Riches, J. D., Krausslich, H. G. Briggs, J. A.<br><em>PLoS Pathog 2010<\/em> 6, e1001215.<\/p>\n\n\n\n<p><a href=\"http:\/\/www.ncbi.nlm.nih.gov\/pubmed\/21124872\">Cryo electron tomography of native HIV-1 budding sites.<\/a><br>Carlson, L. A., de Marco, A., Oberwinkler, H., Habermann, A., Briggs, J. A., Krausslich, H. G. Grunewald, K.<br><em>PLoS Pathog<\/em> 2010 6, e1001173.<\/p>\n\n\n\n<p><a href=\"http:\/\/www.ncbi.nlm.nih.gov\/pubmed\/19549863\">Structure and assembly of immature HIV.<\/a><br>Briggs, J. A., Riches, J. D., Glass, B., Bartonova, V., Zanetti, G. Krausslich, H. G.<br><em>Proc Natl Acad Sci U S A<\/em> 2009 106, 11090-5.<\/p>\n\n\n\n<p><a href=\"http:\/\/www.ncbi.nlm.nih.gov\/pubmed?term=Briggs%20J.%20A.%20Krausslich%20H.%20G.\">All previous publications<\/a><\/p>\n\n<\/div>\n<\/details>\n\n\n\n<h2 class=\"wp-block-heading\">Group Members<\/h2>\n\n\n\n<p>in alphabetical order<\/p>\n\n\n\n<p><strong>Tanmay Bharat,<\/strong> PhD, Postdoc<\/p>\n\n\n\n<p><strong>John Briggs,<\/strong> PhD<br>MMPU Group Leader<br>now: Director <em><a href=\"https:\/\/www.biochem.mpg.de\/de\/briggs\">at the Max-Planck-Institut for Biochemistry<\/a>, Munich, Germany.<\/em><\/p>\n\n\n\n<p><strong>Annica Flemming,<\/strong> PhD Student<\/p>\n\n\n\n<p><strong>Hans-Georg Kr\u00e4usslich<\/strong>, MD<br>MMPU Group Leader<br>Director of the <a href=\"https:\/\/www.klinikum.uni-heidelberg.de\/Kraeusslich.6551.0.html\">Department of Infectious Diseases, Virology,<\/a> Heidelberg University Medical Center<\/p>\n\n\n\n<p><strong>Alex de Marco,<\/strong> PhD Student (EMBL International PhD Programme &#8211; EIPP)<\/p>\n\n\n\n<p><strong>Simone Mattei,<\/strong> PhD Student (EMBL International PhD Programme &#8211; EIPP)<\/p>\n\n\n\n<p><strong>Luis Castillo Menendez,<\/strong> PhD Student<\/p>\n\n\n\n<p><strong>Barbara M\u00fcller,<\/strong> PhD, Group Leader<\/p>\n\n\n\n<p><strong>Martin Obr<\/strong><strong>,<\/strong> PhD, Postdoc<\/p>\n\n\n\n<p><strong>Kun Qu,<\/strong> Postdoc<\/p>\n\n\n\n<p><strong>Rene Sahm,<\/strong> PhD Student<\/p>\n\n\n\n<p><strong>Florian Schur,<\/strong> PhD Student (EMBL International PhD Programme &#8211; EIPP)<\/p>\n\n\n\n<p><strong>Andreas Sonnen,<\/strong> MD, Postdoc<\/p>\n\n\n\n<p><strong>Aaron Tan,<\/strong> PhD Student (EMBL International PhD Programme &#8211; EIPP)<\/p>\n\n<\/div>\n<\/div>\n\n\n<div class=\"\"><!--[vf\/content]-->\n<div class=\"vf-content\">\n\n<div class=\"wp-block-image\"><figure class=\"vf-figure  | vf-figure--align vf-figure--align-inline-start   size-large\"><img loading=\"lazy\" decoding=\"async\" width=\"200\" height=\"300\" class=\"vf-figure__image\" src=\"https:\/\/www.embl.org\/about\/info\/mmpu\/wp-content\/uploads\/2020\/10\/briggs_kraeusslich.jpg\" alt=\"\" class=\"wp-image-270\"\/><figcaption class=\"vf-figure__caption\">Hans-Georg Kr\u00e4usslich and John Briggs<\/figcaption><\/figure><\/div>\n\n<\/div>\n<\/div>\n<\/div>\n","protected":false},"excerpt":{"rendered":"","protected":false},"author":1,"featured_media":0,"parent":108,"menu_order":0,"comment_status":"closed","ping_status":"closed","template":"template-title-left-aligned.php","meta":{"_acf_changed":false,"footnotes":""},"embl_taxonomy":[],"class_list":["post-114","page","type-page","status-publish","hentry"],"acf":[],"embl_taxonomy_terms":[],"_links":{"self":[{"href":"https:\/\/www.embl.org\/about\/info\/mmpu\/wp-json\/wp\/v2\/pages\/114","targetHints":{"allow":["GET"]}}],"collection":[{"href":"https:\/\/www.embl.org\/about\/info\/mmpu\/wp-json\/wp\/v2\/pages"}],"about":[{"href":"https:\/\/www.embl.org\/about\/info\/mmpu\/wp-json\/wp\/v2\/types\/page"}],"author":[{"embeddable":true,"href":"https:\/\/www.embl.org\/about\/info\/mmpu\/wp-json\/wp\/v2\/users\/1"}],"replies":[{"embeddable":true,"href":"https:\/\/www.embl.org\/about\/info\/mmpu\/wp-json\/wp\/v2\/comments?post=114"}],"version-history":[{"count":7,"href":"https:\/\/www.embl.org\/about\/info\/mmpu\/wp-json\/wp\/v2\/pages\/114\/revisions"}],"predecessor-version":[{"id":1884,"href":"https:\/\/www.embl.org\/about\/info\/mmpu\/wp-json\/wp\/v2\/pages\/114\/revisions\/1884"}],"up":[{"embeddable":true,"href":"https:\/\/www.embl.org\/about\/info\/mmpu\/wp-json\/wp\/v2\/pages\/108"}],"wp:attachment":[{"href":"https:\/\/www.embl.org\/about\/info\/mmpu\/wp-json\/wp\/v2\/media?parent=114"}],"wp:term":[{"taxonomy":"embl_taxonomy","embeddable":true,"href":"https:\/\/www.embl.org\/about\/info\/mmpu\/wp-json\/wp\/v2\/embl_taxonomy?post=114"}],"curies":[{"name":"wp","href":"https:\/\/api.w.org\/{rel}","templated":true}]}}