{"id":5932,"date":"2021-08-05T09:27:11","date_gmt":"2021-08-05T09:27:11","guid":{"rendered":"https:\/\/www.embl.org\/about\/info\/alumni\/?page_id=5932"},"modified":"2023-04-14T11:40:54","modified_gmt":"2023-04-14T11:40:54","slug":"embl-in-spain-2019","status":"publish","type":"page","link":"https:\/\/www.embl.org\/about\/info\/alumni\/embl-in-events\/embl-in-spain\/embl-in-spain-2019\/","title":{"rendered":"EMBL in&#8230; Spain 2019"},"content":{"rendered":"\n<div class=\"vf-grid | vf-grid__col-3\"><div class=\"vf-grid__col--span-2\"><!--[vf\/content]-->\n<div class=\"vf-content\">\n\n<h3 class=\"wp-block-heading\"><strong>EMBL Barcelona, PRBB Building, C\/ Dr. Aiguader, 88 Auditorium<\/strong><\/h3>\n\n\n\n<p><a rel=\"noreferrer noopener\" href=\"https:\/\/www.embl.org\/about\/info\/alumni\/wp-content\/uploads\/2023\/04\/Participants_Spain_2019.pdf\" target=\"_blank\">Participants<\/a><br><a href=\"https:\/\/www.embl.org\/about\/info\/alumni\/wp-content\/uploads\/2023\/04\/2019_EMBL_in_Spain.pdf\" target=\"_blank\" rel=\"noreferrer noopener\">Poster<\/a><br><a rel=\"noreferrer noopener\" href=\"https:\/\/drive.google.com\/open?id=1uVPw-fSXohubcLx0TCNUc8eZRpr4gP6d&amp;usp=sharing\" target=\"_blank\">Directions-Hotels\u00a0<\/a>(via Google Maps)<\/p>\n\n<\/div>\n<\/div>\n\n\n<div class=\"\"><!--[vf\/content]-->\n<div class=\"vf-content\">\n\n<\/div>\n<\/div>\n<\/div>\n\n\n\n<div class=\"vf-grid | vf-grid__col-3\"><div class=\"\"><!--[vf\/content]-->\n<div class=\"vf-content\">\n\n<figure class=\"vf-figure wp-block-image size-large\"><img loading=\"lazy\" decoding=\"async\" width=\"500\" height=\"337\" class=\"vf-figure__image\" src=\"https:\/\/www.embl.org\/about\/info\/alumni\/wp-content\/uploads\/2021\/08\/barcelona500.jpg\" alt=\"\" class=\"wp-image-5934\" srcset=\"https:\/\/www.embl.org\/about\/info\/alumni\/wp-content\/uploads\/2021\/08\/barcelona500.jpg 500w, https:\/\/www.embl.org\/about\/info\/alumni\/wp-content\/uploads\/2021\/08\/barcelona500-300x202.jpg 300w\" sizes=\"auto, (max-width: 500px) 100vw, 500px\" \/><\/figure>\n\n<\/div>\n<\/div>\n\n\n<div class=\"\"><!--[vf\/content]-->\n<div class=\"vf-content\">\n\n<\/div>\n<\/div>\n\n\n<div class=\"\"><!--[vf\/content]-->\n<div class=\"vf-content\">\n\n<\/div>\n<\/div>\n<\/div>\n\n\n\n<div class=\"vf-grid | vf-grid__col-3\"><div class=\"vf-grid__col--span-2\"><!--[vf\/content]-->\n<div class=\"vf-content\">\n\n<p>All EMBL staff, alumni, their colleagues and members of their networks are invited to the EMBL in Spain event 2019, to be held on Monday 7th October at EMBL Barcelona, PRBB Building. Join us to learn about scientific opportunities and resources available at EMBL and in Spain. This free event is open to all and includes plenty of time to network during coffee breaks and evening drinks.<\/p>\n\n\n\n<p>The programme includes a diverse group of EMBL alumni and staff who will share insights into their current research and work.<\/p>\n\n<\/div>\n<\/div>\n\n\n<div class=\"\"><!--[vf\/content]-->\n<div class=\"vf-content\">\n\n<\/div>\n<\/div>\n<\/div>\n\n\n\n<div class=\"vf-grid | vf-grid__col-3\"><div class=\"vf-grid__col--span-2\"><!--[vf\/content]-->\n<div class=\"vf-content\">\n\n<h3 class=\"wp-block-heading\">Programme<br><\/h3>\n\n\n\n<figure class=\"wp-block-table\"><table><tbody><tr><td>13:30-14:00<\/td><td>Welcome coffee and Registration<\/td><\/tr><tr><td><strong>14:00-15:35<\/strong><\/td><td><strong>Session I&nbsp;&#8211; EMBL Resources and Opportunities &#8211; Chair:&nbsp;<\/strong>Maria Macias, Group Leader, IRB, BarcelonaEdith Heard, Director, EMBLJames Sharpe, Head of EMBL BarcelonaMiki Ebisuya, Group Leader, EMBL Barcelona<\/td><\/tr><tr><td>15:35-16:00<\/td><td>Coffee<\/td><\/tr><tr><td><strong>16:00-17:00<\/strong><\/td><td><strong>Session II &#8211; Chair:&nbsp;<\/strong>Patrick Aloy, Group Leader, IRB, BarcelonaOriol Gallego, Group Leader, Pompeu Fabra&nbsp;University, Barcelona &nbsp;&nbsp;&nbsp;&nbsp;Juanma Vaquerizas, Group Leader, Max Planck Institute, Muenster&nbsp;&nbsp;&nbsp;&nbsp;&nbsp;&nbsp;&nbsp;&nbsp;&nbsp;&nbsp;&nbsp;&nbsp;&nbsp;&nbsp;&nbsp;&nbsp;&nbsp;&nbsp;&nbsp;&nbsp;&nbsp;&nbsp;Teresa Sard\u00f3n, Business Unit Manager &amp; Senior Researcher, Anaxomics Biotech, Barcelona<\/td><\/tr><tr><td>17:00-17:30<\/td><td>&nbsp;Coffee<\/td><\/tr><tr><td><strong>17:30-18:30<\/strong><\/td><td><strong>Session III &#8211; Chair:&nbsp;<\/strong>Marco Mil\u00e1n, Group Leader, IRB, BarcelonaJuan Mata, Group Leader, University of CambridgeMontserrat Coll Llad\u00f3,&nbsp;Mesoscopic Imaging Specialist, EMBL BarcelonaJuan Ram\u00f3n Mart\u00ednez-Morales, Group Leader, CABD, Seville &nbsp;&nbsp;&nbsp;&nbsp;&nbsp;&nbsp;Peter Papagiannis,&nbsp;Alumni Volunteer Officer, EMBL Heidelberg<br>Summary and next steps<\/td><\/tr><tr><td>18:30-19:30<\/td><td>Drinks Reception<\/td><\/tr><tr><td>20:00<\/td><td>Thank You Dinner for Speakers<br>(Event participants welcome to join at own cost) (Restaurant AGUA)<\/td><\/tr><\/tbody><\/table><\/figure>\n\n<\/div>\n<\/div>\n\n\n<div class=\"\"><!--[vf\/content]-->\n<div class=\"vf-content\">\n\n<\/div>\n<\/div>\n<\/div>\n\n\n\n<div class=\"vf-grid | vf-grid__col-3\"><div class=\"vf-grid__col--span-2\"><!--[vf\/content]-->\n<div class=\"vf-content\">\n\n<p><\/p>\n\n<\/div>\n<\/div>\n\n\n<div class=\"\"><!--[vf\/content]-->\n<div class=\"vf-content\">\n\n<\/div>\n<\/div>\n<\/div>\n","protected":false},"excerpt":{"rendered":"","protected":false},"author":8,"featured_media":0,"parent":4446,"menu_order":0,"comment_status":"closed","ping_status":"closed","template":"template-title-left-aligned.php","meta":{"_acf_changed":false,"footnotes":""},"embl_taxonomy":[],"class_list":["post-5932","page","type-page","status-publish","hentry"],"acf":[],"embl_taxonomy_terms":[],"_links":{"self":[{"href":"https:\/\/www.embl.org\/about\/info\/alumni\/wp-json\/wp\/v2\/pages\/5932","targetHints":{"allow":["GET"]}}],"collection":[{"href":"https:\/\/www.embl.org\/about\/info\/alumni\/wp-json\/wp\/v2\/pages"}],"about":[{"href":"https:\/\/www.embl.org\/about\/info\/alumni\/wp-json\/wp\/v2\/types\/page"}],"author":[{"embeddable":true,"href":"https:\/\/www.embl.org\/about\/info\/alumni\/wp-json\/wp\/v2\/users\/8"}],"replies":[{"embeddable":true,"href":"https:\/\/www.embl.org\/about\/info\/alumni\/wp-json\/wp\/v2\/comments?post=5932"}],"version-history":[{"count":9,"href":"https:\/\/www.embl.org\/about\/info\/alumni\/wp-json\/wp\/v2\/pages\/5932\/revisions"}],"predecessor-version":[{"id":21588,"href":"https:\/\/www.embl.org\/about\/info\/alumni\/wp-json\/wp\/v2\/pages\/5932\/revisions\/21588"}],"up":[{"embeddable":true,"href":"https:\/\/www.embl.org\/about\/info\/alumni\/wp-json\/wp\/v2\/pages\/4446"}],"wp:attachment":[{"href":"https:\/\/www.embl.org\/about\/info\/alumni\/wp-json\/wp\/v2\/media?parent=5932"}],"wp:term":[{"taxonomy":"embl_taxonomy","embeddable":true,"href":"https:\/\/www.embl.org\/about\/info\/alumni\/wp-json\/wp\/v2\/embl_taxonomy?post=5932"}],"curies":[{"name":"wp","href":"https:\/\/api.w.org\/{rel}","templated":true}]}}