{"id":4446,"date":"2021-07-29T13:56:42","date_gmt":"2021-07-29T13:56:42","guid":{"rendered":"https:\/\/www.embl.org\/about\/info\/alumni\/?page_id=4446"},"modified":"2024-07-28T12:17:45","modified_gmt":"2024-07-28T12:17:45","slug":"embl-in-spain","status":"publish","type":"page","link":"https:\/\/www.embl.org\/about\/info\/alumni\/embl-in-events\/embl-in-spain\/","title":{"rendered":"EMBL in&#8230; Spain"},"content":{"rendered":"\n<div class=\"vf-grid | vf-grid__col-3\"><div class=\"vf-grid__col--span-2\"><!--[vf\/content]-->\n<div class=\"vf-content\">\n\n<div class=\"wp-block-columns is-layout-flex wp-container-core-columns-is-layout-9d6595d7 wp-block-columns-is-layout-flex\">\n<div class=\"wp-block-column is-layout-flow wp-block-column-is-layout-flow\" style=\"flex-basis:100%\">\n<div class=\"wp-block-group\"><div class=\"wp-block-group__inner-container is-layout-flow wp-block-group-is-layout-flow\"><article class=\"vf-summary vf-summary--has-image\">\n  <img decoding=\"async\" width=\"300\" height=\"200\" src=\"https:\/\/www.embl.org\/about\/info\/alumni\/wp-content\/uploads\/2023\/07\/jorge-fernandez-salas-JD7lQkhFoIA-unsplash-scaled-e1690805993571-300x200.jpg\" class=\"vf-summary__image\" alt=\"\" style=\"width: 180px; height: auto; border: 1px solid #d0d0ce\" loading=\"lazy\" itemprop=\"image\" srcset=\"https:\/\/www.embl.org\/about\/info\/alumni\/wp-content\/uploads\/2023\/07\/jorge-fernandez-salas-JD7lQkhFoIA-unsplash-scaled-e1690805993571-300x200.jpg 300w, https:\/\/www.embl.org\/about\/info\/alumni\/wp-content\/uploads\/2023\/07\/jorge-fernandez-salas-JD7lQkhFoIA-unsplash-scaled-e1690805993571-1024x683.jpg 1024w, https:\/\/www.embl.org\/about\/info\/alumni\/wp-content\/uploads\/2023\/07\/jorge-fernandez-salas-JD7lQkhFoIA-unsplash-scaled-e1690805993571-768x512.jpg 768w, https:\/\/www.embl.org\/about\/info\/alumni\/wp-content\/uploads\/2023\/07\/jorge-fernandez-salas-JD7lQkhFoIA-unsplash-scaled-e1690805993571.jpg 1200w\" sizes=\"auto, (max-width: 300px) 100vw, 300px\" \/>  <h3 class=\"vf-summary__title\">\n          <a href=\"https:\/\/www.embl.org\/about\/info\/alumni\/blog\/events\/2023-embl-in-spain-molecules-to-ecosystems\/\" class=\"vf-summary__link\" target=\"\">\n          9 October 2023, CIC bioGUNE, Bilbao          <\/a>\n      <\/h3>\n  <div class=\"\">\n<div class=\"\" data-crea=\"font-wrapper\">\n<div class=\"\">\n<div class=\"\">\n<div class=\"\">\n<div class=\"\">\n<p class=\"vf-summary__text\">EMBL invites members of the life sciences community in and around Spain, including its own alumni and staff, to EMBL in Spain at CIC bioGUNE in Bilbao.<\/p>\n<\/div>\n<\/div>\n<\/div>\n<\/div>\n<\/div>\n<\/div>\n<\/article>\n\n\n<article class=\"vf-summary vf-summary--has-image\">\n  <img decoding=\"async\" width=\"175\" height=\"120\" src=\"https:\/\/www.embl.org\/about\/info\/alumni\/wp-content\/uploads\/2022\/03\/AdobeStock_158845466-768x301-1.jpeg\" class=\"vf-summary__image\" alt=\"\" style=\"width: 180px; height: auto; border: 1px solid #d0d0ce\" loading=\"lazy\" itemprop=\"image\" \/>  <h3 class=\"vf-summary__title\">\n          <a href=\"https:\/\/www.embl.org\/about\/info\/alumni\/blog\/events\/embl-in-spain-2022\/\" class=\"vf-summary__link\" target=\"\">\n          4 November 2022, CABD, Seville          <\/a>\n      <\/h3>\n  <div class=\"\">\n<div class=\"\" data-crea=\"font-wrapper\">\n<div class=\"\">\n<div class=\"\">\n<div class=\"\">\n<div class=\"\">\n<p class=\"vf-summary__text\">Life scientists in Spain, EMBL staff, alumni, their colleagues and members of their networks are invited to EMBL in Spain 2022, to be held at the Centro Andaluz de Biologia del Desarrollo (CABD) in Seville.<\/p>\n<\/div>\n<\/div>\n<\/div>\n<\/div>\n<\/div>\n<\/div>\n<\/article>\n\n\n<article class=\"vf-summary vf-summary--has-image\">\n  <img decoding=\"async\" width=\"175\" height=\"120\" src=\"https:\/\/www.embl.org\/about\/info\/alumni\/wp-content\/uploads\/2021\/07\/82_barcelona.jpg\" class=\"vf-summary__image\" alt=\"\" style=\"width: 180px; height: auto; border: 1px solid #d0d0ce\" loading=\"lazy\" itemprop=\"image\" \/>  <h3 class=\"vf-summary__title\">\n          <a href=\"https:\/\/www.embl.org\/about\/info\/alumni\/embl-in-events\/embl-in-spain\/embl-in-spain-2019\/\" class=\"vf-summary__link\" target=\"\">\n          7 October 2019, EMBL Barcelona          <\/a>\n      <\/h3>\n  <div class=\"\">\n<div class=\"\" data-crea=\"font-wrapper\">\n<div class=\"\">\n<div class=\"\">\n<div class=\"\">\n<div class=\"\">\n<p class=\"vf-summary__text\">All EMBL staff, alumni, their colleagues and networks are invited to the EMBL in Spain event at EMBL Barcelona, PRBB Building.<\/p>\n<\/div>\n<\/div>\n<\/div>\n<\/div>\n<\/div>\n<\/div>\n<\/article>\n\n\n<article class=\"vf-summary vf-summary--has-image\">\n  <img decoding=\"async\" width=\"175\" height=\"120\" src=\"https:\/\/www.embl.org\/about\/info\/alumni\/wp-content\/uploads\/2021\/07\/84_madrid.png\" class=\"vf-summary__image\" alt=\"\" style=\"width: 180px; height: auto; border: 1px solid #d0d0ce\" loading=\"lazy\" itemprop=\"image\" \/>  <h3 class=\"vf-summary__title\">\n          <a href=\"https:\/\/www.embl.org\/about\/info\/alumni\/embl-in-events\/embl-in-spain\/embl-in-spain-2018\/\" class=\"vf-summary__link\" target=\"\">\n          8 October 2018, CBMSO, Madrid          <\/a>\n      <\/h3>\n  <p class=\"vf-summary__text\">More than 100 EMBL staff, alumni, their colleagues and networks gathered at the EMBL in Spain event held at CBMSO in Madrid on Monday 8 October 2018.<br \/>\n<strong>Organisers:<\/strong>\u00a0Jos\u00e9 Mar\u00eda Almendral, Lola Ledesma, Luis Men\u00e9ndez-Arias<\/p>\n<\/article>\n\n\n<article class=\"vf-summary vf-summary--has-image\">\n  <img decoding=\"async\" width=\"175\" height=\"120\" src=\"https:\/\/www.embl.org\/about\/info\/alumni\/wp-content\/uploads\/2021\/07\/86_2016.jpg\" class=\"vf-summary__image\" alt=\"\" style=\"width: 180px; height: auto; border: 1px solid #d0d0ce\" loading=\"lazy\" itemprop=\"image\" \/>  <h3 class=\"vf-summary__title\">\n          <a href=\"https:\/\/www.embl.org\/about\/info\/alumni\/embl-in-events\/embl-in-spain\/embl-in-spain-2016\/\" class=\"vf-summary__link\" target=\"\">\n          5 October 2016, CRG, Barcelona          <\/a>\n      <\/h3>\n  <p class=\"vf-summary__text\">Life scientists from across Spain were invited to the first joint EMBL-CRG alumni event &#8220;EMBL in Spain&#8221;, which aimed to share the science carried out by EMBL, CRG and their alumni, and to draw visibility to the resources available to this life science community.<br \/>\n<strong>Organisers:<\/strong>\u00a0F\u00e1tima Gebauer, Mehrnoosh Rayner, Sarah Sherwood, Melania Tudor.<\/p>\n<\/article>\n\n\n<article class=\"vf-summary vf-summary--has-image\">\n  <img decoding=\"async\" width=\"175\" height=\"120\" src=\"https:\/\/www.embl.org\/about\/info\/alumni\/wp-content\/uploads\/2021\/07\/88_2012.jpg\" class=\"vf-summary__image\" alt=\"\" style=\"width: 180px; height: auto; border: 1px solid #d0d0ce\" loading=\"lazy\" itemprop=\"image\" \/>  <h3 class=\"vf-summary__title\">\n          <a href=\"https:\/\/www.embl.org\/about\/info\/alumni\/embl-in-events\/embl-in-spain\/embl-in-spain-2012\/\" class=\"vf-summary__link\" target=\"\">\n          8 June 2012, cnic, Madrid          <\/a>\n      <\/h3>\n  <p class=\"vf-summary__text\">Alumni in Spain met with EMBL Director General, as well as representatives from the Spanish Ministry and the EU\u00b4s R&amp;D Framework Programme to discuss funding, networking and the possibility of influencing science policy in Spain at a national and European level.<br \/>\n<strong>Organisers:<\/strong>\u00a0Jose Luis de la Pompa, Maria dM Vivanco, Daniel Bachiller<\/p>\n<\/article>\n\n\n<article class=\"vf-summary vf-summary--has-image\">\n  <img decoding=\"async\" width=\"175\" height=\"120\" src=\"https:\/\/www.embl.org\/about\/info\/alumni\/wp-content\/uploads\/2021\/07\/90_2010.jpg\" class=\"vf-summary__image\" alt=\"\" style=\"width: 180px; height: auto; border: 1px solid #d0d0ce\" loading=\"lazy\" itemprop=\"image\" \/>  <h3 class=\"vf-summary__title\">\n          <a href=\"https:\/\/www.embl.org\/about\/info\/alumni\/embl-in-events\/embl-in-spain\/embl-in-spain-2010\/\" class=\"vf-summary__link\" target=\"\">\n          6 September 2010, Palau de Congressos de Catalunya, Barcelona          <\/a>\n      <\/h3>\n  <p class=\"vf-summary__text\"><span class=\"description\">This year\u2019s EMBO Meeting, held in Barcelona in early September, provided an opportunity for nearly 30 current and former EMBL staff to catch up at the 6th annual gathering of the Iberian Chapter.<\/span><br \/>\n<strong>Organisers:<\/strong>\u00a0Luis Serrano and Sarah Sherwood<\/p>\n<\/article>\n\n\n<article class=\"vf-summary vf-summary--has-image\">\n  <img decoding=\"async\" width=\"175\" height=\"120\" src=\"https:\/\/www.embl.org\/about\/info\/alumni\/wp-content\/uploads\/2021\/07\/94_2008.jpg\" class=\"vf-summary__image\" alt=\"\" style=\"width: 180px; height: auto; border: 1px solid #d0d0ce\" loading=\"lazy\" itemprop=\"image\" \/>  <h3 class=\"vf-summary__title\">\n          <a href=\"https:\/\/www.embl.org\/about\/info\/alumni\/embl-in-events\/embl-in-spain\/embl-in-spain-2008\/\" class=\"vf-summary__link\" target=\"\">\n          28 November 2008, CNIO, Madrid          <\/a>\n      <\/h3>\n  <p class=\"vf-summary__text\">EMBL alumni in Spain and Portugal met at the Spanish National Cancer Research Institute (CNIO) for their fourth annual meeting. The programme included scientific talks by Ignacio Dolado, Robert Kypta and Fatima Gebauer, and an update on EMBL news from Christian Boulin.<br \/>\n<strong>Organisers:<\/strong>\u00a0Guillermo Montoya and Angel Nebreda<\/p>\n<\/article>\n\n\n<article class=\"vf-summary vf-summary--has-image\">\n  <img decoding=\"async\" width=\"175\" height=\"120\" src=\"https:\/\/www.embl.org\/about\/info\/alumni\/wp-content\/uploads\/2021\/07\/96_2007.jpg\" class=\"vf-summary__image\" alt=\"\" style=\"width: 180px; height: auto; border: 1px solid #d0d0ce\" loading=\"lazy\" itemprop=\"image\" \/>  <h3 class=\"vf-summary__title\">\n          <a href=\"https:\/\/www.embl.org\/about\/info\/alumni\/embl-in-events\/embl-in-spain\/embl-in-spain-2007\/\" class=\"vf-summary__link\" target=\"\">\n          7 September 2007, CIC bioGUNE, Derio (Bizkaia)          <\/a>\n      <\/h3>\n  <p class=\"vf-summary__text\">Alumni in Spain held their third annual meeting at CIC bioGUNE. The programme included scientific talks, a discussion on alumni resources and a guided trip to the Guggenheim museum followed by dinner.<br \/>\n<strong>Organisers:<\/strong>\u00a0Mar\u00eda del Mar Vivanco and Robert Kypta<\/p>\n<\/article>\n\n\n<article class=\"vf-summary vf-summary--has-image\">\n  <img decoding=\"async\" width=\"175\" height=\"120\" src=\"https:\/\/www.embl.org\/about\/info\/alumni\/wp-content\/uploads\/2021\/07\/97_2006.jpg\" class=\"vf-summary__image\" alt=\"\" style=\"width: 180px; height: auto; border: 1px solid #d0d0ce\" loading=\"lazy\" itemprop=\"image\" \/>  <h3 class=\"vf-summary__title\">\n          <a href=\"https:\/\/www.embl.org\/about\/info\/alumni\/embl-in-events\/embl-in-spain\/embl-in-spain-2006\/\" class=\"vf-summary__link\" target=\"\">\n          29 September 2006, Polytechnic University of Valencia          <\/a>\n      <\/h3>\n  <p class=\"vf-summary__text\">More than 25 alumni currently living in Spain and Portugal met for their second annual meeting at the Polytechnic University of Valencia to discuss their latest research and alumni resources. Speakers included Alfonso Valencia, Maria dM Vivanco, Juan Valc\u00e1rcel, Domingo Barettino, Jordi Bernu\u00e9s and Alberto Mu\u00f1oz.<br \/>\n<strong>Organisers<\/strong>: Ram\u00f3n Serrano and Angel Nebreda<\/p>\n<\/article>\n\n\n<article class=\"vf-summary vf-summary--has-image\">\n  <img decoding=\"async\" width=\"175\" height=\"120\" src=\"https:\/\/www.embl.org\/about\/info\/alumni\/wp-content\/uploads\/2021\/07\/98_2005.jpg\" class=\"vf-summary__image\" alt=\"\" style=\"width: 180px; height: auto; border: 1px solid #d0d0ce\" loading=\"lazy\" itemprop=\"image\" \/>  <h3 class=\"vf-summary__title\">\n          <a href=\"https:\/\/www.embl.org\/about\/info\/alumni\/embl-in-events\/embl-in-spain\/embl-in-spain-2005\/\" class=\"vf-summary__link\" target=\"\">\n          7 October 2005, CRG, Barcelona          <\/a>\n      <\/h3>\n  <p class=\"vf-summary__text\">Nearly 30 EMBL alumni in Spain and Portugal met at the Center for Genomic Regulation (CRG) to discuss their latest research activities, and to explore means to enrich their research environment through the alumni network. Economist and former minister for science and universities, Andreu Mas-Coleil, talked about the need for and benefits of basic research for knowledge-based economies, which was followed by a paella dinner.<br \/>\n<strong>Organiser:<\/strong>\u00a0Juan Valc\u00e1rcel<\/p>\n<\/article>\n<\/div><\/div>\n<\/div>\n<\/div>\n\n<\/div>\n<\/div>\n\n\n<div class=\"\"><!--[vf\/content]-->\n<div class=\"vf-content\">\n\n<\/div>\n<\/div>\n<\/div>\n","protected":false},"excerpt":{"rendered":"","protected":false},"author":8,"featured_media":0,"parent":710,"menu_order":0,"comment_status":"closed","ping_status":"closed","template":"template-title-left-aligned.php","meta":{"_acf_changed":false,"footnotes":""},"embl_taxonomy":[],"class_list":["post-4446","page","type-page","status-publish","hentry"],"acf":[],"embl_taxonomy_terms":[],"_links":{"self":[{"href":"https:\/\/www.embl.org\/about\/info\/alumni\/wp-json\/wp\/v2\/pages\/4446","targetHints":{"allow":["GET"]}}],"collection":[{"href":"https:\/\/www.embl.org\/about\/info\/alumni\/wp-json\/wp\/v2\/pages"}],"about":[{"href":"https:\/\/www.embl.org\/about\/info\/alumni\/wp-json\/wp\/v2\/types\/page"}],"author":[{"embeddable":true,"href":"https:\/\/www.embl.org\/about\/info\/alumni\/wp-json\/wp\/v2\/users\/8"}],"replies":[{"embeddable":true,"href":"https:\/\/www.embl.org\/about\/info\/alumni\/wp-json\/wp\/v2\/comments?post=4446"}],"version-history":[{"count":35,"href":"https:\/\/www.embl.org\/about\/info\/alumni\/wp-json\/wp\/v2\/pages\/4446\/revisions"}],"predecessor-version":[{"id":35905,"href":"https:\/\/www.embl.org\/about\/info\/alumni\/wp-json\/wp\/v2\/pages\/4446\/revisions\/35905"}],"up":[{"embeddable":true,"href":"https:\/\/www.embl.org\/about\/info\/alumni\/wp-json\/wp\/v2\/pages\/710"}],"wp:attachment":[{"href":"https:\/\/www.embl.org\/about\/info\/alumni\/wp-json\/wp\/v2\/media?parent=4446"}],"wp:term":[{"taxonomy":"embl_taxonomy","embeddable":true,"href":"https:\/\/www.embl.org\/about\/info\/alumni\/wp-json\/wp\/v2\/embl_taxonomy?post=4446"}],"curies":[{"name":"wp","href":"https:\/\/api.w.org\/{rel}","templated":true}]}}