{"id":38399,"date":"2024-11-05T11:29:36","date_gmt":"2024-11-05T11:29:36","guid":{"rendered":"https:\/\/www.embl.org\/about\/info\/alumni\/?page_id=38399"},"modified":"2024-11-06T14:00:22","modified_gmt":"2024-11-06T14:00:22","slug":"bjorn-vennstrom","status":"publish","type":"page","link":"https:\/\/www.embl.org\/about\/info\/alumni\/community\/obituaries\/bjorn-vennstrom\/","title":{"rendered":"Bj\u00f6rn Vennstr\u00f6m"},"content":{"rendered":"\n<div class=\"vf-grid | vf-grid__col-3\"><div class=\"vf-grid__col--span-2\"><!--[vf\/content]-->\n<div class=\"vf-content\">\n\n<h2 class=\"wp-block-heading\">Bj\u00f6rn Vennstr\u00f6m, former EMBL Heidelberg Group Leader, passed away in October 2024 at the age of 75.<\/h2>\n\n\n\n<p>We are deeply saddened to share the news of the loss of Bj\u00f6rn Vennstr\u00f6m. Bj\u00f6rn was a Group Leader within the Developmental Biology Unit at EMBL Heidelberg from 1983 until 1988. May he rest in peace.<\/p>\n\n\n<hr class=\"vf-divider\">\n\n\n<h2 class=\"wp-block-heading\">Condolences<\/h2>\n\n\n\n<p>If you would like to add a message of condolence for inclusion on the&nbsp;EMBL Alumni Obituaries\u2019 page, please contact the&nbsp;<a href=\"mailto:alumni@embl.org\">Alumni Relations team<\/a>.<\/p>\n\n<\/div>\n<\/div>\n\n\n<div><!--[vf\/content]-->\n<div class=\"vf-content\">\n\n<figure class=\"vf-figure wp-block-image size-large\"><img loading=\"lazy\" decoding=\"async\" width=\"1024\" height=\"565\" class=\"vf-figure__image\" src=\"https:\/\/www.embl.org\/about\/info\/alumni\/wp-content\/uploads\/2024\/11\/bjorn_vennstrom_foto_jonathan_borg_0_0-modified-1024x565.jpg\" alt=\"\" class=\"wp-image-38451\" srcset=\"https:\/\/www.embl.org\/about\/info\/alumni\/wp-content\/uploads\/2024\/11\/bjorn_vennstrom_foto_jonathan_borg_0_0-modified-1024x565.jpg 1024w, https:\/\/www.embl.org\/about\/info\/alumni\/wp-content\/uploads\/2024\/11\/bjorn_vennstrom_foto_jonathan_borg_0_0-modified-300x166.jpg 300w, https:\/\/www.embl.org\/about\/info\/alumni\/wp-content\/uploads\/2024\/11\/bjorn_vennstrom_foto_jonathan_borg_0_0-modified-768x424.jpg 768w, https:\/\/www.embl.org\/about\/info\/alumni\/wp-content\/uploads\/2024\/11\/bjorn_vennstrom_foto_jonathan_borg_0_0-modified.jpg 1160w\" sizes=\"auto, (max-width: 1024px) 100vw, 1024px\" \/><figcaption class=\"vf-figure__caption\">Bj\u00f6rn Vennstr\u00f6m (Image: \u00c5lands Radio)<\/figcaption><\/figure>\n\n<\/div>\n<\/div>\n<\/div>\n\n\n\n<p><\/p>\n","protected":false},"excerpt":{"rendered":"","protected":false},"author":6,"featured_media":0,"parent":498,"menu_order":0,"comment_status":"closed","ping_status":"closed","template":"template-title-left-aligned.php","meta":{"_acf_changed":false,"footnotes":""},"embl_taxonomy":[],"class_list":["post-38399","page","type-page","status-publish","hentry"],"acf":[],"embl_taxonomy_terms":[],"_links":{"self":[{"href":"https:\/\/www.embl.org\/about\/info\/alumni\/wp-json\/wp\/v2\/pages\/38399","targetHints":{"allow":["GET"]}}],"collection":[{"href":"https:\/\/www.embl.org\/about\/info\/alumni\/wp-json\/wp\/v2\/pages"}],"about":[{"href":"https:\/\/www.embl.org\/about\/info\/alumni\/wp-json\/wp\/v2\/types\/page"}],"author":[{"embeddable":true,"href":"https:\/\/www.embl.org\/about\/info\/alumni\/wp-json\/wp\/v2\/users\/6"}],"replies":[{"embeddable":true,"href":"https:\/\/www.embl.org\/about\/info\/alumni\/wp-json\/wp\/v2\/comments?post=38399"}],"version-history":[{"count":5,"href":"https:\/\/www.embl.org\/about\/info\/alumni\/wp-json\/wp\/v2\/pages\/38399\/revisions"}],"predecessor-version":[{"id":38525,"href":"https:\/\/www.embl.org\/about\/info\/alumni\/wp-json\/wp\/v2\/pages\/38399\/revisions\/38525"}],"up":[{"embeddable":true,"href":"https:\/\/www.embl.org\/about\/info\/alumni\/wp-json\/wp\/v2\/pages\/498"}],"wp:attachment":[{"href":"https:\/\/www.embl.org\/about\/info\/alumni\/wp-json\/wp\/v2\/media?parent=38399"}],"wp:term":[{"taxonomy":"embl_taxonomy","embeddable":true,"href":"https:\/\/www.embl.org\/about\/info\/alumni\/wp-json\/wp\/v2\/embl_taxonomy?post=38399"}],"curies":[{"name":"wp","href":"https:\/\/api.w.org\/{rel}","templated":true}]}}