{"id":2621,"date":"2021-06-25T18:25:24","date_gmt":"2021-06-25T18:25:24","guid":{"rendered":"https:\/\/www.embl.org\/about\/info\/alumni\/?page_id=2621"},"modified":"2023-11-05T08:26:18","modified_gmt":"2023-11-05T08:26:18","slug":"donors-to-the-eaa-fund","status":"publish","type":"page","link":"https:\/\/www.embl.org\/about\/info\/alumni\/make-a-difference\/donors-to-the-eaa-fund\/","title":{"rendered":"Donors for Alumni Association initiatives"},"content":{"rendered":"\n<div class=\"vf-grid | vf-grid__col-3\"><div class=\"vf-grid__col--span-2\"><!--[vf\/content]-->\n<div class=\"vf-content\">\n\n<p>Thank you to all the individuals, institutions and companies listed below, as well as those who wish to remain anonymous, for supporting EMBL.<\/p>\n\n<\/div>\n<\/div>\n\n\n<div class=\"\"><!--[vf\/content]-->\n<div class=\"vf-content\">\n\n<\/div>\n<\/div>\n<\/div>\n\n\n\n<div class=\"vf-grid | vf-grid__col-1\"><div class=\"\"><!--[vf\/content]-->\n<div class=\"vf-content\">\n\n<h2 class=\"wp-block-heading\"><strong>Environmental Research Initiative (ERI)<\/strong><\/h2>\n\n<\/div>\n<\/div>\n<\/div>\n\n\n\n<div class=\"vf-grid | vf-grid__col-3\"><div class=\"\"><!--[vf\/content]-->\n<div class=\"vf-content\">\n\n<ul class=\"wp-block-list\">\n<li>Andres Gaytan de Ayala Alonso<\/li>\n\n\n\n<li>Maria Teresa Alonso<\/li>\n\n\n\n<li>Alexander Bezler<\/li>\n\n\n\n<li>Christine Blaumueller<\/li>\n\n\n\n<li>Otto Br\u00e4unling<\/li>\n\n\n\n<li>Ma\u00efwen Caudron-Herger<\/li>\n\n\n\n<li>Andrea Cerase<\/li>\n\n\n\n<li>Christian Desaintes<\/li>\n\n\n\n<li>Fenia Fotiadou<\/li>\n\n\n\n<li>Bj\u00f6rn Fritz<\/li>\n<\/ul>\n\n<\/div>\n<\/div>\n\n\n<div class=\"\"><!--[vf\/content]-->\n<div class=\"vf-content\">\n\n<ul class=\"wp-block-list\">\n<li>Tom Furnival-Adams<\/li>\n\n\n\n<li>F\u00e1tima Gebauer<\/li>\n\n\n\n<li>Gregor Gilfillan<\/li>\n\n\n\n<li>Mark Green<\/li>\n\n\n\n<li>Gareth Griffiths<\/li>\n\n\n\n<li>Matthias Hentze<\/li>\n\n\n\n<li>Stephanie Jones<\/li>\n\n\n\n<li>Norbert Kraut<\/li>\n\n\n\n<li>Armin Lahm<\/li>\n\n\n\n<li>G\u00e0bor Lamm<\/li>\n<\/ul>\n\n<\/div>\n<\/div>\n\n\n<div class=\"\"><!--[vf\/content]-->\n<div class=\"vf-content\">\n\n<ul class=\"wp-block-list\">\n<li>Tomi M\u00e4\u00e4tt\u00e4<\/li>\n\n\n\n<li>Mark Marsh<\/li>\n\n\n\n<li>Aurora Martinez<\/li>\n\n\n\n<li>Anne-Marie Michon<\/li>\n\n\n\n<li>Tam\u00e1s Orb\u00e1n<\/li>\n\n\n\n<li>Peter Papagiannis<\/li>\n\n\n\n<li>Lidia P\u00e9rez<\/li>\n\n\n\n<li>Stephanie Peter<\/li>\n\n\n\n<li>Savvas Petridis<\/li>\n\n\n\n<li>Jean Pieters<\/li>\n<\/ul>\n\n<\/div>\n<\/div>\n<\/div>\n\n\n\n<hr class=\"vf-divider\">\n\n\n\n<div class=\"vf-grid | vf-grid__col-3\"><div class=\"\"><!--[vf\/content]-->\n<div class=\"vf-content\">\n\n<ul class=\"wp-block-list\">\n<li>Ramesh Pillai<\/li>\n\n\n\n<li>Laure Plantard<\/li>\n\n\n\n<li>Vasileios Rantos<\/li>\n\n\n\n<li>Mehrnoosh Rayner<\/li>\n\n\n\n<li>Brendan Rouse<\/li>\n\n\n\n<li>Chris Sander<\/li>\n\n\n\n<li>Julia and Daniel Schaft<\/li>\n\n\n\n<li>Thomas Schell<\/li>\n\n\n\n<li>Wibke Schwarzer<\/li>\n\n\n\n<li>Gemma Texido<\/li>\n<\/ul>\n\n<\/div>\n<\/div>\n\n\n<div class=\"\"><!--[vf\/content]-->\n<div class=\"vf-content\">\n\n<ul class=\"wp-block-list\">\n<li>David Tollervey<\/li>\n\n\n\n<li>Gerrit van Meer<\/li>\n\n\n\n<li>David Venzke<\/li>\n\n\n\n<li>Sonja Welsch<\/li>\n\n\n\n<li>Ambra Villani and Kamil Wolanin<\/li>\n\n\n\n<li>Matthias Wilm<\/li>\n\n\n\n<li>Roelof Wijnaendts-van-Resandt<\/li>\n\n\n\n<li>Joana Witkowski<\/li>\n\n\n\n<li>Janos (Hans) Wittmann<\/li>\n\n\n\n<li>Other anonymous donors<\/li>\n<\/ul>\n\n<\/div>\n<\/div>\n\n\n<div class=\"\"><!--[vf\/content]-->\n<div class=\"vf-content\">\n\n<\/div>\n<\/div>\n<\/div>\n\n\n\n<div class=\"vf-grid | vf-grid__col-1\"><div class=\"\"><!--[vf\/content]-->\n<div class=\"vf-content\">\n\n<h2 class=\"wp-block-heading\">Friends of EMBL<\/h2>\n\n<\/div>\n<\/div>\n<\/div>\n\n\n\n<div class=\"vf-grid | vf-grid__col-1\"><div class=\"\"><!--[vf\/content]-->\n<div class=\"vf-content\">\n\n<ul class=\"wp-block-list\">\n<li>Wilhelm J. Ansorge<\/li>\n\n\n\n<li>Philip Avner<\/li>\n\n\n\n<li>Frieda Leenart-Gl\u00f6ckner and J\u00fcrgen Gl\u00f6ckner<\/li>\n\n\n\n<li>Sabine Hentze and Matthias Hentze<\/li>\n\n\n\n<li>Sarah Kafatou<\/li>\n\n\n\n<li>Mehrnoosh Rayner<\/li>\n\n\n\n<li>Luis Serrano<\/li>\n\n\n\n<li>Kai Simons<\/li>\n\n\n\n<li>Marijke and Roelof Wijnaendts van Resandt<\/li>\n\n\n\n<li>Joana Witkowski<\/li>\n\n\n\n<li>Anonymous <em>(several donors wish to remain anonymous)<\/em><\/li>\n<\/ul>\n\n<\/div>\n<\/div>\n<\/div>\n\n\n\n<div class=\"vf-grid | vf-grid__col-1\"><div class=\"\"><!--[vf\/content]-->\n<div class=\"vf-content\">\n\n<h2 class=\"wp-block-heading\">Kendrew Award<\/h2>\n\n<\/div>\n<\/div>\n<\/div>\n\n\n\n<div class=\"vf-grid | vf-grid__col-1\"><div class=\"\"><!--[vf\/content]-->\n<div class=\"vf-content\">\n\n<ul class=\"wp-block-list\">\n<li>Roland Specker, sole donor since 2010<\/li>\n\n\n\n<li>Individuals who supported this Award before 2010 are listed under Past initiatives below<\/li>\n<\/ul>\n\n<\/div>\n<\/div>\n<\/div>\n\n\n\n<div class=\"vf-grid | vf-grid__col-1\"><div class=\"\"><!--[vf\/content]-->\n<div class=\"vf-content\">\n\n<h2 class=\"wp-block-heading\">Philipson Award<\/h2>\n\n<\/div>\n<\/div>\n<\/div>\n\n\n\n<div class=\"vf-grid | vf-grid__col-1\"><div class=\"\"><!--[vf\/content]-->\n<div class=\"vf-content\">\n\n<ul class=\"wp-block-list\">\n<li>EMBLEM<\/li>\n<\/ul>\n\n<\/div>\n<\/div>\n<\/div>\n\n\n\n<div class=\"vf-grid | vf-grid__col-1\"><div class=\"\"><!--[vf\/content]-->\n<div class=\"vf-content\">\n\n<h2 class=\"wp-block-heading\">Kafatos Lectures<\/h2>\n\n<\/div>\n<\/div>\n<\/div>\n\n\n\n<div class=\"embl-grid\"><div class=\"\"><!--[vf\/content]-->\n<div class=\"vf-content\">\n\n<ul class=\"wp-block-list\">\n<li>Bodossaki Foundation<\/li>\n\n\n\n<li>Crete University Press<\/li>\n\n\n\n<li>FORTH<\/li>\n\n\n\n<li>Heraklion Municipality<\/li>\n\n\n\n<li>IMBB<\/li>\n\n\n\n<li>Mathesis<\/li>\n\n\n\n<li>The Bank of Greece<\/li>\n\n\n\n<li>University of Crete<\/li>\n<\/ul>\n\n<\/div>\n<\/div>\n\n\n<div class=\"\"><!--[vf\/content]-->\n<div class=\"vf-content\">\n\n<\/div>\n<\/div>\n\n\n<div class=\"\"><!--[vf\/content]-->\n<div class=\"vf-content\">\n\n<\/div>\n<\/div>\n<\/div>\n\n\n\n<div class=\"vf-grid | vf-grid__col-3\"><div class=\"vf-grid__col--span-3\"><!--[vf\/content]-->\n<div class=\"vf-content\">\n\n<h2 class=\"wp-block-heading\">Past initiatives<\/h2>\n\n\n\n<p>\u201cIndividuals\u201d below have supported the first years of the Kendrew Award, the EMBL Archive and many alumni community events.<\/p>\n\n<\/div>\n<\/div>\n<\/div>\n\n\n\n<div class=\"embl-grid\"><div class=\"\"><!--[vf\/content]-->\n<div class=\"vf-content\">\n\n<ul class=\"wp-block-list\">\n<li>Oddmund Bakke<\/li>\n\n\n\n<li>Ben Blencowe<\/li>\n\n\n\n<li>Julius Brennecke<\/li>\n\n\n\n<li>Colin Dingwall<\/li>\n\n\n\n<li>Jacques Dubochet<\/li>\n\n\n\n<li>Anne Ephrussi<\/li>\n\n\n\n<li>Fenia Fotiadou<\/li>\n\n\n\n<li>F\u00e1tima Gebauer<\/li>\n\n\n\n<li>Gareth Griffiths<\/li>\n\n\n\n<li>Matthias and Sabine Hentze<\/li>\n<\/ul>\n\n<\/div>\n<\/div>\n\n\n<div class=\"\"><!--[vf\/content]-->\n<div class=\"vf-content\">\n\n<ul class=\"wp-block-list\">\n<li>Angus King<\/li>\n\n\n\n<li>Claudia Koch-Brandt<\/li>\n\n\n\n<li>Angus Lamond<\/li>\n\n\n\n<li>G\u00e1bor Lamm<\/li>\n\n\n\n<li>Iain and Ailsa Mattaj<\/li>\n\n\n\n<li>Andreas Merdes<\/li>\n\n\n\n<li>Jacqueline Mermoud<\/li>\n\n\n\n<li>Joep Muijrers<\/li>\n\n\n\n<li>Annalisa Pastore<\/li>\n\n\n\n<li>Anastasia Politou<\/li>\n\n\n\n<li>Mehrnoosh Rayner<\/li>\n<\/ul>\n\n<\/div>\n<\/div>\n\n\n<div class=\"\"><!--[vf\/content]-->\n<div class=\"vf-content\">\n\n<ul class=\"wp-block-list\">\n<li>Manfred St\u00e4hle<\/li>\n\n\n\n<li>Niovi Santama<\/li>\n\n\n\n<li>Alan Sawyer<\/li>\n\n\n\n<li>Britta Schl\u00e4ger<\/li>\n\n\n\n<li>Roland Specker<\/li>\n\n\n\n<li>Ernst Stelzer<\/li>\n\n\n\n<li>Giulio Superti-Furga<\/li>\n\n\n\n<li>Katalin Takacs<\/li>\n\n\n\n<li>Juan Valcarcel<\/li>\n\n\n\n<li>Maria del Mar Vivanco<\/li>\n<\/ul>\n\n<\/div>\n<\/div>\n<\/div>\n\n\n\n<div class=\"vf-grid | vf-grid__col-3\"><div class=\"vf-grid__col--span-3\"><!--[vf\/content]-->\n<div class=\"vf-content\">\n\n<h2 class=\"wp-block-heading\">Companies below have supported the alumni association in the past<\/h2>\n\n<\/div>\n<\/div>\n<\/div>\n\n\n\n<div class=\"embl-grid\"><div class=\"\"><!--[vf\/content]-->\n<div class=\"vf-content\">\n\n<ul class=\"wp-block-list\">\n<li>Bio-Rad Laboratories GmbH<\/li>\n\n\n\n<li>Course Resource<\/li>\n\n\n\n<li>ELSO<\/li>\n\n\n\n<li>EMBLEM<\/li>\n\n\n\n<li>F-T-L Prime Consult Aktiengesellschaft<\/li>\n\n\n\n<li>Gegenbauer Bosse Geb\u00e4udeservice GmbH<\/li>\n\n\n\n<li>Hybrigenics Services<\/li>\n\n\n\n<li>Kindbeiter, Laborbedarf<\/li>\n<\/ul>\n\n<\/div>\n<\/div>\n\n\n<div class=\"\"><!--[vf\/content]-->\n<div class=\"vf-content\">\n\n<ul class=\"wp-block-list\">\n<li>Klaus Grimmler Weingut<\/li>\n\n\n\n<li>Kurt Wolf, Sanit\u00e4r Installation<\/li>\n\n\n\n<li>Leica-Microsystems<\/li>\n\n\n\n<li>Markovic<\/li>\n\n\n\n<li>Morphosys<\/li>\n\n\n\n<li>neoLab Migge<br>Laborbedarf<\/li>\n\n\n\n<li>New England Biolabs<\/li>\n\n\n\n<li>Ratiolab<\/li>\n\n\n\n<li>Raumausstattung<\/li>\n<\/ul>\n\n<\/div>\n<\/div>\n\n\n<div class=\"\"><!--[vf\/content]-->\n<div class=\"vf-content\">\n\n<ul class=\"wp-block-list\">\n<li>Gaberdiel GmbH<\/li>\n\n\n\n<li>Schilling<\/li>\n\n\n\n<li>Elektro-Technik<\/li>\n\n\n\n<li>Sirion Biotech<\/li>\n\n\n\n<li>Sunalp Laser Vision, California, USA<\/li>\n\n\n\n<li>Thyssenkrupp, HiServ, Mannheim<\/li>\n\n\n\n<li>WISAG Geb\u00e4udereinigung<\/li>\n\n\n\n<li>Zahr \u2013 Laborservice<\/li>\n\n\n\n<li>Zeiss<\/li>\n<\/ul>\n\n<\/div>\n<\/div>\n<\/div>\n\n\n\n<div class=\"vf-grid | vf-grid__col-1\"><\/div>\n","protected":false},"excerpt":{"rendered":"","protected":false},"author":7,"featured_media":0,"parent":101,"menu_order":0,"comment_status":"closed","ping_status":"closed","template":"template-title-left-aligned.php","meta":{"_acf_changed":false,"footnotes":""},"embl_taxonomy":[],"class_list":["post-2621","page","type-page","status-publish","hentry"],"acf":[],"embl_taxonomy_terms":[],"_links":{"self":[{"href":"https:\/\/www.embl.org\/about\/info\/alumni\/wp-json\/wp\/v2\/pages\/2621","targetHints":{"allow":["GET"]}}],"collection":[{"href":"https:\/\/www.embl.org\/about\/info\/alumni\/wp-json\/wp\/v2\/pages"}],"about":[{"href":"https:\/\/www.embl.org\/about\/info\/alumni\/wp-json\/wp\/v2\/types\/page"}],"author":[{"embeddable":true,"href":"https:\/\/www.embl.org\/about\/info\/alumni\/wp-json\/wp\/v2\/users\/7"}],"replies":[{"embeddable":true,"href":"https:\/\/www.embl.org\/about\/info\/alumni\/wp-json\/wp\/v2\/comments?post=2621"}],"version-history":[{"count":35,"href":"https:\/\/www.embl.org\/about\/info\/alumni\/wp-json\/wp\/v2\/pages\/2621\/revisions"}],"predecessor-version":[{"id":28351,"href":"https:\/\/www.embl.org\/about\/info\/alumni\/wp-json\/wp\/v2\/pages\/2621\/revisions\/28351"}],"up":[{"embeddable":true,"href":"https:\/\/www.embl.org\/about\/info\/alumni\/wp-json\/wp\/v2\/pages\/101"}],"wp:attachment":[{"href":"https:\/\/www.embl.org\/about\/info\/alumni\/wp-json\/wp\/v2\/media?parent=2621"}],"wp:term":[{"taxonomy":"embl_taxonomy","embeddable":true,"href":"https:\/\/www.embl.org\/about\/info\/alumni\/wp-json\/wp\/v2\/embl_taxonomy?post=2621"}],"curies":[{"name":"wp","href":"https:\/\/api.w.org\/{rel}","templated":true}]}}